{"id":18345,"date":"2021-02-19T10:25:06","date_gmt":"2021-02-19T09:25:06","guid":{"rendered":"https:\/\/www.brikol.sk\/produkt\/zebrik-pro-nevidome-m\/"},"modified":"2024-06-25T09:26:54","modified_gmt":"2024-06-25T07:26:54","slug":"zebrik-pro-nevidome-m","status":"publish","type":"product","link":"https:\/\/www.brikol.sk\/cs\/produkt\/zebrik-pro-nevidome-m\/","title":{"rendered":"\u017deb\u0159\u00edk pro nevidom\u00e9 \/ m"},"content":{"rendered":"<p>\u017deb\u0159\u00edk pro horizont\u00e1ln\u00ed vnit\u0159n\u00ed \u017ealuzie o rozm\u011brech 18 x 28 mm (v\u00fd\u0161ka x \u0161\u00ed\u0159ka)<\/p>\n<p>\u017deb\u0159\u00edk je navr\u017een pro tlou\u0161\u0165ku lamel 25 mm.<\/p>\n<p>Pou\u017e\u00edv\u00e1 se pro horizont\u00e1ln\u00ed \u017ealuzie v cel\u00e9 \u0161\u00ed\u0159ce.<\/p>\n<p><strong>Mont\u00e1\u017e: <\/strong><\/p>\n<ul>\n<li>Provl\u00e9kn\u011bte konec \u017eeb\u0159\u00edku ohybem v horn\u00edm profilu \u017ealuzie a p\u0159ipevn\u011bte jej k nav\u00edjec\u00edmu kole\u010dku.<\/li>\n<li>Vlo\u017ete lamely \u017ealuzi\u00ed mezi jednotliv\u00e9 p\u0159\u00ed\u010dky \u017eeb\u0159\u00edku.<\/li>\n<li>Zajist\u011bte prvn\u00ed lamelu <strong><a href=\"https:\/\/www.brikol.sk\/produkt\/konzolka-lamely-25-mm-zaluzie-ks\/\">pomoc\u00ed dr\u017e\u00e1ku lamel <\/a><\/strong> <\/li>\n<li>Pokud m\u00e1te v\u0161echny lamely \u017ealuzie navle\u010den\u00e9 v \u017eeb\u0159\u00edku, vyt\u00e1hn\u011bte konec \u017eeb\u0159\u00edku z vn\u011bj\u0161\u00ed strany spodn\u00ed lamely a otvorem zp\u011bt do spodn\u00ed lamely \u017ealuzie.<\/li>\n<li>Jemn\u011b ut\u00e1hn\u011bte \u017eeb\u0159\u00edk, aby se prvn\u00ed lamela p\u0159ipevnila ke spodn\u00ed li\u0161t\u011b.<\/li>\n<li>Pot\u00e9 stiskn\u011bte fixa\u010dn\u00ed p\u00e1sku na textil<\/li>\n<li>P\u0159i\u0161roubujte \u017ealuzii zp\u011bt na okno a nasa\u010fte bo\u010dn\u00ed krytky.<\/li>\n<\/ul>\n<p>Zbo\u017e\u00ed zas\u00edl\u00e1me zabalen\u00e9 po cel\u00fdch metrech. U v\u011bt\u0161\u00edch objedn\u00e1vek nad 100 m \u017eeb\u0159\u00edk rozd\u011blujeme pro lep\u0161\u00ed manipulaci.<br \/>\nNap\u0159\u00edklad. p\u0159i objedn\u00e1n\u00ed 5 kus\u016f v\u00e1m bude zasl\u00e1no 5 metr\u016f v jednom kuse.<\/p>\n","protected":false},"excerpt":{"rendered":"<p>\u017deb\u0159\u00edk je navr\u017een pro tlou\u0161\u0165ku lamel 25 mm.<\/p>\n<p>Lamely \u017ealuzie se vkl\u00e1daj\u00ed mezi jednotliv\u00e9 p\u0159\u00ed\u010dky \u017eeb\u0159\u00edku. Pou\u017e\u00edvaj\u00ed se pro \u017ealuzie na celou \u0161\u00ed\u0159ku.<\/p>\n","protected":false},"featured_media":15437,"comment_status":"open","ping_status":"closed","template":"","meta":[],"product_cat":[132,140,137,138,139,133],"product_tag":[],"_links":{"self":[{"href":"https:\/\/www.brikol.sk\/cs\/wp-json\/wp\/v2\/product\/18345"}],"collection":[{"href":"https:\/\/www.brikol.sk\/cs\/wp-json\/wp\/v2\/product"}],"about":[{"href":"https:\/\/www.brikol.sk\/cs\/wp-json\/wp\/v2\/types\/product"}],"replies":[{"embeddable":true,"href":"https:\/\/www.brikol.sk\/cs\/wp-json\/wp\/v2\/comments?post=18345"}],"wp:featuredmedia":[{"embeddable":true,"href":"https:\/\/www.brikol.sk\/cs\/wp-json\/wp\/v2\/media\/15437"}],"wp:attachment":[{"href":"https:\/\/www.brikol.sk\/cs\/wp-json\/wp\/v2\/media?parent=18345"}],"wp:term":[{"taxonomy":"product_cat","embeddable":true,"href":"https:\/\/www.brikol.sk\/cs\/wp-json\/wp\/v2\/product_cat?post=18345"},{"taxonomy":"product_tag","embeddable":true,"href":"https:\/\/www.brikol.sk\/cs\/wp-json\/wp\/v2\/product_tag?post=18345"}],"curies":[{"name":"wp","href":"https:\/\/api.w.org\/{rel}","templated":true}]}}