{"id":18354,"date":"2020-11-24T13:50:06","date_gmt":"2020-11-24T12:50:06","guid":{"rendered":"https:\/\/www.brikol.sk\/produkt\/vnejsi-kovova-pritlacna-deska-ks\/"},"modified":"2020-11-24T13:50:06","modified_gmt":"2020-11-24T12:50:06","slug":"vnejsi-kovova-pritlacna-deska-ks","status":"publish","type":"product","link":"https:\/\/www.brikol.sk\/cs\/produkt\/vnejsi-kovova-pritlacna-deska-ks\/","title":{"rendered":"Vn\u011bj\u0161\u00ed kovov\u00e1 p\u0159\u00edtla\u010dn\u00e1 deska \/ ks"},"content":{"rendered":"<p>Vn\u011bj\u0161\u00ed kovov\u00e1 svorka pro v\u0161echny typy plastov\u00fdch profil\u016f. Nen\u00ed z\u00e1visl\u00fd na profilu, a proto je univerz\u00e1ln\u00ed.<\/p>\n<p>Tlak namontujte n\u00e1sleduj\u00edc\u00edm zp\u016fsobem:<br \/>\n1. sundejte k\u0159\u00eddlo z pant\u016f a p\u0159eklopte ho tak, aby strana s panty byla naho\u0159e.<br \/>\n2. Na okraj k\u0159\u00eddla tak, aby nep\u0159ekr\u00fdval t\u011bsn\u011bn\u00ed, namontujte p\u0159\u00edtla\u010dnou desku, doporu\u010dujeme p\u0159edvrtat otvory vrt\u00e1kem 2,5 mm.<br \/>\n3. P\u0159i\u0161roubujte p\u0159\u00edtla\u010dnou desku dv\u011bma \u0161rouby a pot\u00e9 k\u0159\u00eddlo zav\u011bste zp\u011bt, d\u00e1vejte pozor, abyste p\u0159i zav\u011b\u0161ov\u00e1n\u00ed k\u0159\u00eddla neulomili namontovanou p\u0159\u00edtla\u010dnou desku.<br \/>\n4. Zav\u0159ete okno a nyn\u00ed p\u0159edvrtejte otvory v r\u00e1mu okna a p\u0159i\u0161roubujte p\u0159\u00edtla\u010dn\u00e9 \u0161rouby.<br \/>\n5. Okno norm\u00e1ln\u011b otev\u0159ete, \u010d\u00edm\u017e se rozlom\u00ed mal\u00e9 \u010d\u00e1sti, kter\u00e9 dr\u017e\u00ed svorku pohromad\u011b, a okno norm\u00e1ln\u011b funguje a svorka pln\u00ed svou funkci.<\/p>\n","protected":false},"excerpt":{"rendered":"<p>Vn\u011bj\u0161\u00ed kovov\u00e1 svorka pro v\u0161echny typy plastov\u00fdch profil\u016f. Nen\u00ed z\u00e1visl\u00fd na profilu, a proto je univerz\u00e1ln\u00ed.<\/p>\n<p><!--more--><\/p>\n","protected":false},"featured_media":15397,"comment_status":"open","ping_status":"closed","template":"","meta":[],"product_cat":[136,221,145,126,146,147],"product_tag":[],"_links":{"self":[{"href":"https:\/\/www.brikol.sk\/cs\/wp-json\/wp\/v2\/product\/18354"}],"collection":[{"href":"https:\/\/www.brikol.sk\/cs\/wp-json\/wp\/v2\/product"}],"about":[{"href":"https:\/\/www.brikol.sk\/cs\/wp-json\/wp\/v2\/types\/product"}],"replies":[{"embeddable":true,"href":"https:\/\/www.brikol.sk\/cs\/wp-json\/wp\/v2\/comments?post=18354"}],"wp:featuredmedia":[{"embeddable":true,"href":"https:\/\/www.brikol.sk\/cs\/wp-json\/wp\/v2\/media\/15397"}],"wp:attachment":[{"href":"https:\/\/www.brikol.sk\/cs\/wp-json\/wp\/v2\/media?parent=18354"}],"wp:term":[{"taxonomy":"product_cat","embeddable":true,"href":"https:\/\/www.brikol.sk\/cs\/wp-json\/wp\/v2\/product_cat?post=18354"},{"taxonomy":"product_tag","embeddable":true,"href":"https:\/\/www.brikol.sk\/cs\/wp-json\/wp\/v2\/product_tag?post=18354"}],"curies":[{"name":"wp","href":"https:\/\/api.w.org\/{rel}","templated":true}]}}