{"id":18359,"date":"2020-11-06T09:26:32","date_gmt":"2020-11-06T08:26:32","guid":{"rendered":"https:\/\/www.brikol.sk\/produkt\/balkonova-zapadka-maco-nova-ks\/"},"modified":"2026-01-13T13:49:50","modified_gmt":"2026-01-13T12:49:50","slug":"balkonova-zapadka-maco-nova-ks","status":"publish","type":"product","link":"https:\/\/www.brikol.sk\/cs\/produkt\/balkonova-zapadka-maco-nova-ks\/","title":{"rendered":"Balk\u00f3nov\u00e1 z\u00e1padka MACO nov\u00e1 \/ ks"},"content":{"rendered":"<p>Balkonov\u00e1 z\u00e1padka MACO nebo balkonov\u00e1 z\u00e1padka proti pr\u016fvanu se upev\u0148uje do k\u0159\u00eddla balkonov\u00fdch dve\u0159\u00ed.<\/p>\n<p>Vhodn\u00e9 pro plastov\u00e9 a d\u0159ev\u011bn\u00e9 dve\u0159e vybaven\u00e9 kov\u00e1n\u00edm MACO MULTI-TREND a MACO MULTI MATIC. Z\u00e1padku m\u016f\u017eete nastavit<a href=\"https:\/\/www.brikol.sk\/produkt\/imbusovy-kluc-4-mm\/\"><strong> imbusov\u00fdm kl\u00ed\u010dem<\/strong><\/a> velikosti 4 mm.<\/p>\n<p>Z\u00e1padka je ur\u010dena pro nov\u00fd typ kov\u00e1n\u00ed MACO MULTI MATIC, ale po odstran\u011bn\u00ed spodn\u00ed plastov\u00e9 nohy ji m\u016f\u017eete pou\u017e\u00edt i pro star\u0161\u00ed kov\u00e1n\u00ed.<\/p>\n","protected":false},"excerpt":{"rendered":"<p>Balkonov\u00e1 z\u00e1padka MACO nebo balkonov\u00e1 z\u00e1padka proti pr\u016fvanu se upev\u0148uje do k\u0159\u00eddla balkonov\u00fdch dve\u0159\u00ed. Je vhodn\u00fd pro plastov\u00e9 a d\u0159ev\u011bn\u00e9 dve\u0159e vybaven\u00e9 kov\u00e1n\u00edm MACO MULTI-TREND a MACO MULTI MATIC. Z\u00e1padku lze nastavit imbusov\u00fdm kl\u00ed\u010dem velikosti 4 mm.<br \/>\n60 x 10 x 8 mm (v x \u0161 x h)<\/p>\n","protected":false},"featured_media":12357,"comment_status":"closed","ping_status":"closed","template":"","meta":[],"product_cat":[136,221,146],"product_tag":[],"_links":{"self":[{"href":"https:\/\/www.brikol.sk\/cs\/wp-json\/wp\/v2\/product\/18359"}],"collection":[{"href":"https:\/\/www.brikol.sk\/cs\/wp-json\/wp\/v2\/product"}],"about":[{"href":"https:\/\/www.brikol.sk\/cs\/wp-json\/wp\/v2\/types\/product"}],"replies":[{"embeddable":true,"href":"https:\/\/www.brikol.sk\/cs\/wp-json\/wp\/v2\/comments?post=18359"}],"wp:featuredmedia":[{"embeddable":true,"href":"https:\/\/www.brikol.sk\/cs\/wp-json\/wp\/v2\/media\/12357"}],"wp:attachment":[{"href":"https:\/\/www.brikol.sk\/cs\/wp-json\/wp\/v2\/media?parent=18359"}],"wp:term":[{"taxonomy":"product_cat","embeddable":true,"href":"https:\/\/www.brikol.sk\/cs\/wp-json\/wp\/v2\/product_cat?post=18359"},{"taxonomy":"product_tag","embeddable":true,"href":"https:\/\/www.brikol.sk\/cs\/wp-json\/wp\/v2\/product_tag?post=18359"}],"curies":[{"name":"wp","href":"https:\/\/api.w.org\/{rel}","templated":true}]}}