{"id":18361,"date":"2020-06-01T09:20:39","date_gmt":"2020-06-01T07:20:39","guid":{"rendered":"https:\/\/www.brikol.sk\/produkt\/winkhaus-pro-pilot-kryty-pantu-pro-plastova-okna-sada\/"},"modified":"2026-01-13T13:50:06","modified_gmt":"2026-01-13T12:50:06","slug":"winkhaus-pro-pilot-kryty-pantu-pro-plastova-okna-sada","status":"publish","type":"product","link":"https:\/\/www.brikol.sk\/cs\/produkt\/winkhaus-pro-pilot-kryty-pantu-pro-plastova-okna-sada\/","title":{"rendered":"Winkhaus PRO PILOT kryty pant\u016f pro plastov\u00e1 okna \/ sada"},"content":{"rendered":"<p>Sada plastov\u00fdch krytek oken s kov\u00e1n\u00edm Winkhaus pro pilota<\/p>\n<p>Horn\u00ed v\u00ed\u010dko pro lo\u017eisko r\u00e1mu &#8211; 76 mm, rozte\u010d 31 mm (K.SL.K.U)<br \/>\nHorn\u00ed krytka \u00fahlu k\u0159\u00eddla &#8211; 30 mm (K.SK.U.WS)<br \/>\nSpodn\u00ed krytka pro r\u00e1movou \u010d\u00e1st mal\u00e1 &#8211; 17 mm (K.ELK.U.WS)<br \/>\nSpodn\u00ed kryt k\u0159\u00eddla -57 mm (K.FK.K.U)<\/p>\n","protected":false},"excerpt":{"rendered":"<p>Sada plastov\u00fdch krytek oken s kov\u00e1n\u00edm Winkhaus pro pilota<\/p>\n","protected":false},"featured_media":15722,"comment_status":"open","ping_status":"closed","template":"","meta":[],"product_cat":[136,221,152,222],"product_tag":[],"_links":{"self":[{"href":"https:\/\/www.brikol.sk\/cs\/wp-json\/wp\/v2\/product\/18361"}],"collection":[{"href":"https:\/\/www.brikol.sk\/cs\/wp-json\/wp\/v2\/product"}],"about":[{"href":"https:\/\/www.brikol.sk\/cs\/wp-json\/wp\/v2\/types\/product"}],"replies":[{"embeddable":true,"href":"https:\/\/www.brikol.sk\/cs\/wp-json\/wp\/v2\/comments?post=18361"}],"wp:featuredmedia":[{"embeddable":true,"href":"https:\/\/www.brikol.sk\/cs\/wp-json\/wp\/v2\/media\/15722"}],"wp:attachment":[{"href":"https:\/\/www.brikol.sk\/cs\/wp-json\/wp\/v2\/media?parent=18361"}],"wp:term":[{"taxonomy":"product_cat","embeddable":true,"href":"https:\/\/www.brikol.sk\/cs\/wp-json\/wp\/v2\/product_cat?post=18361"},{"taxonomy":"product_tag","embeddable":true,"href":"https:\/\/www.brikol.sk\/cs\/wp-json\/wp\/v2\/product_tag?post=18361"}],"curies":[{"name":"wp","href":"https:\/\/api.w.org\/{rel}","templated":true}]}}