{"id":18364,"date":"2020-06-01T09:06:19","date_gmt":"2020-06-01T07:06:19","guid":{"rendered":"https:\/\/www.brikol.sk\/produkt\/winkhaus-active-pilot-kryty-pantu-pro-plastova-okna-sada\/"},"modified":"2026-01-13T13:50:18","modified_gmt":"2026-01-13T12:50:18","slug":"winkhaus-active-pilot-kryty-pantu-pro-plastova-okna-sada","status":"publish","type":"product","link":"https:\/\/www.brikol.sk\/cs\/produkt\/winkhaus-active-pilot-kryty-pantu-pro-plastova-okna-sada\/","title":{"rendered":"Winkhaus ACTIVE PILOT kryty pant\u016f pro plastov\u00e1 okna \/ sada"},"content":{"rendered":"<p>Sada plastov\u00fdch krytek oken s kov\u00e1n\u00edm Winkhaus active pilot<\/p>\n<p>Horn\u00ed v\u00ed\u010dko pro r\u00e1mov\u00e9 lo\u017eisko &#8211; 100 mm, rozte\u010d 58 mm (K.SL.KS)<br \/>\nHorn\u00ed kryt \u00fahlu k\u0159\u00eddla &#8211; 56 mm (K.SK.WS)<br \/>\nSpodn\u00ed krytka pro r\u00e1movou \u010d\u00e1st mal\u00e1 &#8211; 15 mm (ESV.WS)<br \/>\nKryt spodn\u00ed \u010d\u00e1sti k\u0159\u00eddla -87 mm (K.FL.K)<\/p>\n","protected":false},"excerpt":{"rendered":"<p>Sada plastov\u00fdch krytek oken s kov\u00e1n\u00edm Winkhaus active pilot<\/p>\n","protected":false},"featured_media":24027,"comment_status":"open","ping_status":"closed","template":"","meta":[],"product_cat":[136,221,152,222],"product_tag":[],"_links":{"self":[{"href":"https:\/\/www.brikol.sk\/cs\/wp-json\/wp\/v2\/product\/18364"}],"collection":[{"href":"https:\/\/www.brikol.sk\/cs\/wp-json\/wp\/v2\/product"}],"about":[{"href":"https:\/\/www.brikol.sk\/cs\/wp-json\/wp\/v2\/types\/product"}],"replies":[{"embeddable":true,"href":"https:\/\/www.brikol.sk\/cs\/wp-json\/wp\/v2\/comments?post=18364"}],"wp:featuredmedia":[{"embeddable":true,"href":"https:\/\/www.brikol.sk\/cs\/wp-json\/wp\/v2\/media\/24027"}],"wp:attachment":[{"href":"https:\/\/www.brikol.sk\/cs\/wp-json\/wp\/v2\/media?parent=18364"}],"wp:term":[{"taxonomy":"product_cat","embeddable":true,"href":"https:\/\/www.brikol.sk\/cs\/wp-json\/wp\/v2\/product_cat?post=18364"},{"taxonomy":"product_tag","embeddable":true,"href":"https:\/\/www.brikol.sk\/cs\/wp-json\/wp\/v2\/product_tag?post=18364"}],"curies":[{"name":"wp","href":"https:\/\/api.w.org\/{rel}","templated":true}]}}