{"id":18369,"date":"2020-05-14T14:45:29","date_gmt":"2020-05-14T12:45:29","guid":{"rendered":"https:\/\/www.brikol.sk\/produkt\/koule-rukojet-wala-lm-92-mm-ks\/"},"modified":"2026-01-13T13:50:30","modified_gmt":"2026-01-13T12:50:30","slug":"koule-rukojet-wala-lm-92-mm-ks","status":"publish","type":"product","link":"https:\/\/www.brikol.sk\/cs\/produkt\/koule-rukojet-wala-lm-92-mm-ks\/","title":{"rendered":"Koule &#8211; rukoje\u0165 WALA LM 92 mm \/ ks"},"content":{"rendered":"<p>Zes\u00edlen\u00e1 klika WALA pro plastov\u00e9, hlin\u00edkov\u00e9 a hlin\u00edkov\u00e9 dve\u0159e. V galerii najdete obr\u00e1zek s nab\u00eddkou, podle kter\u00e9 je t\u0159eba zkontrolovat rozm\u011bry rukojeti.<\/p>\n","protected":false},"excerpt":{"rendered":"<p>Zes\u00edlen\u00e1 klika WALA pro plastov\u00e9, hlin\u00edkov\u00e9 a hlin\u00edkov\u00e9 dve\u0159e. V galerii najdete obr\u00e1zek s nab\u00eddkou, podle kter\u00e9 je t\u0159eba zkontrolovat rozm\u011bry rukojeti.<\/p>\n","protected":false},"featured_media":22714,"comment_status":"open","ping_status":"closed","template":"","meta":[],"product_cat":[128,223],"product_tag":[],"_links":{"self":[{"href":"https:\/\/www.brikol.sk\/cs\/wp-json\/wp\/v2\/product\/18369"}],"collection":[{"href":"https:\/\/www.brikol.sk\/cs\/wp-json\/wp\/v2\/product"}],"about":[{"href":"https:\/\/www.brikol.sk\/cs\/wp-json\/wp\/v2\/types\/product"}],"replies":[{"embeddable":true,"href":"https:\/\/www.brikol.sk\/cs\/wp-json\/wp\/v2\/comments?post=18369"}],"wp:featuredmedia":[{"embeddable":true,"href":"https:\/\/www.brikol.sk\/cs\/wp-json\/wp\/v2\/media\/22714"}],"wp:attachment":[{"href":"https:\/\/www.brikol.sk\/cs\/wp-json\/wp\/v2\/media?parent=18369"}],"wp:term":[{"taxonomy":"product_cat","embeddable":true,"href":"https:\/\/www.brikol.sk\/cs\/wp-json\/wp\/v2\/product_cat?post=18369"},{"taxonomy":"product_tag","embeddable":true,"href":"https:\/\/www.brikol.sk\/cs\/wp-json\/wp\/v2\/product_tag?post=18369"}],"curies":[{"name":"wp","href":"https:\/\/api.w.org\/{rel}","templated":true}]}}