{"id":18375,"date":"2020-05-14T14:21:36","date_gmt":"2020-05-14T12:21:36","guid":{"rendered":"https:\/\/www.brikol.sk\/produkt\/balkonova-zapadka-protikus-aubi-siegenia-ks\/"},"modified":"2026-01-13T13:50:49","modified_gmt":"2026-01-13T12:50:49","slug":"balkonova-zapadka-protikus-aubi-siegenia-ks","status":"publish","type":"product","link":"https:\/\/www.brikol.sk\/cs\/produkt\/balkonova-zapadka-protikus-aubi-siegenia-ks\/","title":{"rendered":"Balkonov\u00e1 z\u00e1padka protikus aubi siegenia \/ ks"},"content":{"rendered":"<p>Prot\u011bj\u0161ek <strong><a href=\"https:\/\/www.brikol.sk\/produkt\/balkonova-zapadka-siegenia\/\">balkonov\u00e9 z\u00e1padky aubi siegenia<\/a><\/strong> je ur\u010den pro balkonov\u00e9 dve\u0159e vybaven\u00e9 nov\u00fdm titanov\u00fdm kov\u00e1n\u00edm aubi siegenia.<\/p>\n<p>Protil\u00e1tka m\u00e1 v sob\u011b \u0161pendl\u00edky. Kol\u00edky se na pasivn\u00ed \u010d\u00e1st k\u0159\u00eddla nasazuj\u00ed pomoc\u00ed kov\u00e1n\u00ed, kter\u00e9 m\u00e1 p\u0159ipraven\u00e9 otvory pro zasunut\u00ed t\u00e9to \u010d\u00e1sti. P\u0159i mont\u00e1\u017ei d\u00edl p\u0159ipevn\u011bte jedn\u00edm \u0161roubem, kter\u00fd je sou\u010d\u00e1st\u00ed balen\u00ed.<\/p>\n<p>&nbsp;<\/p>\n<p>&nbsp;<\/p>\n","protected":false},"excerpt":{"rendered":"<p>Prot\u011bj\u0161ek <strong><a href=\"https:\/\/www.brikol.sk\/produkt\/balkonova-zapadka-siegenia\/\">balkonov\u00e9 z\u00e1padky aubi siegenia<\/a><\/strong> je ur\u010den pro balkonov\u00e9 dve\u0159e vybaven\u00e9 nov\u00fdm titanov\u00fdm kov\u00e1n\u00edm aubi siegenia. Pult m\u00e1 v sob\u011b vodic\u00ed kol\u00edky, na pasivn\u00ed \u010d\u00e1sti k\u0159\u00eddla je kov\u00e1n\u00ed, kde jsou p\u0159ipraveny otvory pro vlo\u017een\u00ed t\u00e9to \u010d\u00e1sti.<\/p>\n","protected":false},"featured_media":15692,"comment_status":"open","ping_status":"closed","template":"","meta":[],"product_cat":[136,221,145],"product_tag":[],"_links":{"self":[{"href":"https:\/\/www.brikol.sk\/cs\/wp-json\/wp\/v2\/product\/18375"}],"collection":[{"href":"https:\/\/www.brikol.sk\/cs\/wp-json\/wp\/v2\/product"}],"about":[{"href":"https:\/\/www.brikol.sk\/cs\/wp-json\/wp\/v2\/types\/product"}],"replies":[{"embeddable":true,"href":"https:\/\/www.brikol.sk\/cs\/wp-json\/wp\/v2\/comments?post=18375"}],"wp:featuredmedia":[{"embeddable":true,"href":"https:\/\/www.brikol.sk\/cs\/wp-json\/wp\/v2\/media\/15692"}],"wp:attachment":[{"href":"https:\/\/www.brikol.sk\/cs\/wp-json\/wp\/v2\/media?parent=18375"}],"wp:term":[{"taxonomy":"product_cat","embeddable":true,"href":"https:\/\/www.brikol.sk\/cs\/wp-json\/wp\/v2\/product_cat?post=18375"},{"taxonomy":"product_tag","embeddable":true,"href":"https:\/\/www.brikol.sk\/cs\/wp-json\/wp\/v2\/product_tag?post=18375"}],"curies":[{"name":"wp","href":"https:\/\/api.w.org\/{rel}","templated":true}]}}