{"id":18379,"date":"2020-05-13T10:01:06","date_gmt":"2020-05-13T08:01:06","guid":{"rendered":"https:\/\/www.brikol.sk\/produkt\/rukojet-rukojet-wala-lm-92-mm\/"},"modified":"2020-05-13T10:01:06","modified_gmt":"2020-05-13T08:01:06","slug":"rukojet-rukojet-wala-lm-92-mm","status":"publish","type":"product","link":"https:\/\/www.brikol.sk\/cs\/produkt\/rukojet-rukojet-wala-lm-92-mm\/","title":{"rendered":"Rukoje\u0165 &#8211; rukoje\u0165 WALA LM 92 mm"},"content":{"rendered":"<p>Zes\u00edlen\u00e1 klika WALA pro plastov\u00e9, hlin\u00edkov\u00e9 a hlin\u00edkov\u00e9 dve\u0159e. V galerii najdete obr\u00e1zek s nab\u00eddkou, podle kter\u00e9 je t\u0159eba zkontrolovat rozm\u011bry rukojeti.<\/p>\n","protected":false},"excerpt":{"rendered":"<p>Zes\u00edlen\u00e1 klika WALA pro plastov\u00e9, hlin\u00edkov\u00e9 a hlin\u00edkov\u00e9 dve\u0159e. V galerii najdete obr\u00e1zek s nab\u00eddkou, podle kter\u00e9 je t\u0159eba zkontrolovat rozm\u011bry rukojeti.<\/p>\n","protected":false},"featured_media":11437,"comment_status":"open","ping_status":"closed","template":"","meta":[],"product_cat":[128,223],"product_tag":[],"_links":{"self":[{"href":"https:\/\/www.brikol.sk\/cs\/wp-json\/wp\/v2\/product\/18379"}],"collection":[{"href":"https:\/\/www.brikol.sk\/cs\/wp-json\/wp\/v2\/product"}],"about":[{"href":"https:\/\/www.brikol.sk\/cs\/wp-json\/wp\/v2\/types\/product"}],"replies":[{"embeddable":true,"href":"https:\/\/www.brikol.sk\/cs\/wp-json\/wp\/v2\/comments?post=18379"}],"wp:featuredmedia":[{"embeddable":true,"href":"https:\/\/www.brikol.sk\/cs\/wp-json\/wp\/v2\/media\/11437"}],"wp:attachment":[{"href":"https:\/\/www.brikol.sk\/cs\/wp-json\/wp\/v2\/media?parent=18379"}],"wp:term":[{"taxonomy":"product_cat","embeddable":true,"href":"https:\/\/www.brikol.sk\/cs\/wp-json\/wp\/v2\/product_cat?post=18379"},{"taxonomy":"product_tag","embeddable":true,"href":"https:\/\/www.brikol.sk\/cs\/wp-json\/wp\/v2\/product_tag?post=18379"}],"curies":[{"name":"wp","href":"https:\/\/api.w.org\/{rel}","templated":true}]}}