{"id":18382,"date":"2020-05-07T11:15:03","date_gmt":"2020-05-07T09:15:03","guid":{"rendered":"https:\/\/www.brikol.sk\/produkt\/sekundarni-lepidlo-na-tesneni-20-g-ks\/"},"modified":"2026-01-13T13:51:58","modified_gmt":"2026-01-13T12:51:58","slug":"sekundarni-lepidlo-na-tesneni-20-g-ks","status":"publish","type":"product","link":"https:\/\/www.brikol.sk\/cs\/produkt\/sekundarni-lepidlo-na-tesneni-20-g-ks\/","title":{"rendered":"Sekund\u00e1rn\u00ed lepidlo na t\u011bsn\u011bn\u00ed (20 g) \/ ks"},"content":{"rendered":"<p><strong>Kyanoakryl\u00e1tov\u00e9 lepidlo<\/strong> ur\u010den\u00e9 k lepen\u00ed t\u011bsn\u011bn\u00ed nebo k lepen\u00ed t\u011bsn\u011bn\u00ed na okenn\u00ed profil.<\/p>\n<div class=\"col-12 col-lg-7\">\n<div class=\"d-block mb-2 pe-lg-2\"><strong>Univerz\u00e1ln\u00ed, velmi siln\u00e9<\/strong> kyanoakryl\u00e1tov\u00e9 <strong>sekundov\u00e9 lepidlo<\/strong> pro lepen\u00ed t\u011bsn\u011bn\u00ed, kter\u00e9 lep\u00ed t\u011bsn\u011bn\u00ed k okenn\u00edmu profilu.<\/div>\n<div>Druh\u00e9 kyanoakryl\u00e1tov\u00e9 lepidlo rychle spojuje povrchy. Nerozpou\u0161t\u00ed gumov\u00e1 t\u011bsn\u011bn\u00ed ani plasty.<\/div>\n<div><\/div>\n<div class=\"d-block mb-2 pe-lg-2\">\n<p><strong>N\u00e1vod k pou\u017eit\u00ed:<\/strong> Od\u0161roubujte v\u00ed\u010dko a ostr\u00fdm no\u017eem prop\u00edchn\u011bte membr\u00e1nu v \u00fast\u00ed zkumavky. Povrchy obou p\u0159edm\u011bt\u016f mus\u00ed b\u00fdt \u010dist\u00e9 a such\u00e9. Nan\u00e1\u0161ejte pouze na jeden p\u0159edm\u011bt v tenk\u00e9 vrstv\u011b. Ihned oba p\u0159edm\u011bty p\u0159itiskn\u011bte k sob\u011b a dr\u017ete je pod tlakem asi 10 s. Po pou\u017eit\u00ed zkumavku uzav\u0159ete. Spoj dos\u00e1hne norm\u00e1ln\u00ed pevnosti po 2 &#8211; 4 hodin\u00e1ch, pln\u00e9ho zat\u00ed\u017een\u00ed po 24 &#8211; 48 hodin\u00e1ch. Skladujte na such\u00e9m a chladn\u00e9m m\u00edst\u011b.<\/p>\n<p><strong>Pozor!<\/strong> Zp\u016fsobuje v\u00e1\u017en\u00e9 podr\u00e1\u017ed\u011bn\u00ed o\u010d\u00ed. M\u016f\u017ee zp\u016fsobit podr\u00e1\u017ed\u011bn\u00ed d\u00fdchac\u00edch cest. Dr\u00e1\u017ed\u00ed poko\u017eku. Vyvarujte se vdechov\u00e1n\u00ed v\u00fdpar\u016f nebo aerosol\u016f. Pou\u017e\u00edvejte ochrann\u00e9 rukavice\/ochrann\u00fd od\u011bv a ochrann\u00e9 br\u00fdle\/ochranu obli\u010deje. P\u0158I STYKU S K\u016e\u017d\u00cd: Omyjte velk\u00fdm mno\u017estv\u00edm vody a m\u00fddla. PO VDECHNUT\u00cd: P\u0159eneste posti\u017een\u00e9ho na \u010derstv\u00fd vzduch a umo\u017en\u011bte mu pohodln\u011b d\u00fdchat. PO ZAKRYT\u00cd O\u010c\u00cd: N\u011bkolik minut je jemn\u011b oplachujte vodou. Pokud pou\u017e\u00edv\u00e1te kontaktn\u00ed \u010do\u010dky a je to mo\u017en\u00e9, vyjm\u011bte je. Pokra\u010dujte v oplachov\u00e1n\u00ed. V p\u0159\u00edpad\u011b zdravotn\u00edch probl\u00e9m\u016f volejte N\u00c1RODN\u00cd TOXIKOLOGICK\u00c9 INFORMA\u010cN\u00cd ST\u0158EDISKO\/l\u00e9ka\u0159e. B\u011bhem n\u011bkolika sekund slep\u00ed k\u016f\u017ei a o\u010di. Uchov\u00e1vejte mimo dosah d\u011bt\u00ed.<\/p>\n<\/div>\n<\/div>\n<p>Bezpe\u010dnostn\u00ed list:<br \/>\n<a href=\"https:\/\/www.brikol.sk\/wp-content\/uploads\/2020\/05\/SDB_COSMO_CA_500_210_SK.pdf\">SDB_COSMO_CA_500_210_SK<\/a><br \/>\n<a href=\"https:\/\/www.brikol.sk\/wp-content\/uploads\/2020\/05\/CA_500_210_FL_114_Box_10_pcs_28052018_2.pdf\">CA_500_210_FL_114_Box_10_pcs_28052018_2<\/a><\/p>\n","protected":false},"excerpt":{"rendered":"<p>Kyanoakryl\u00e1tov\u00e9 lepidlo ur\u010den\u00e9 k lepen\u00ed t\u011bsn\u011bn\u00ed nebo k lepen\u00ed t\u011bsn\u011bn\u00ed na okenn\u00ed profil. Druh\u00e9 kyanoakryl\u00e1tov\u00e9 lepidlo rychle spojuje povrchy. Nerozpou\u0161t\u00ed gumov\u00e1 t\u011bsn\u011bn\u00ed ani plasty.<\/p>\n","protected":false},"featured_media":14302,"comment_status":"open","ping_status":"closed","template":"","meta":[],"product_cat":[135,219,217,136],"product_tag":[],"_links":{"self":[{"href":"https:\/\/www.brikol.sk\/cs\/wp-json\/wp\/v2\/product\/18382"}],"collection":[{"href":"https:\/\/www.brikol.sk\/cs\/wp-json\/wp\/v2\/product"}],"about":[{"href":"https:\/\/www.brikol.sk\/cs\/wp-json\/wp\/v2\/types\/product"}],"replies":[{"embeddable":true,"href":"https:\/\/www.brikol.sk\/cs\/wp-json\/wp\/v2\/comments?post=18382"}],"wp:featuredmedia":[{"embeddable":true,"href":"https:\/\/www.brikol.sk\/cs\/wp-json\/wp\/v2\/media\/14302"}],"wp:attachment":[{"href":"https:\/\/www.brikol.sk\/cs\/wp-json\/wp\/v2\/media?parent=18382"}],"wp:term":[{"taxonomy":"product_cat","embeddable":true,"href":"https:\/\/www.brikol.sk\/cs\/wp-json\/wp\/v2\/product_cat?post=18382"},{"taxonomy":"product_tag","embeddable":true,"href":"https:\/\/www.brikol.sk\/cs\/wp-json\/wp\/v2\/product_tag?post=18382"}],"curies":[{"name":"wp","href":"https:\/\/api.w.org\/{rel}","templated":true}]}}