{"id":18389,"date":"2020-03-23T17:06:48","date_gmt":"2020-03-23T16:06:48","guid":{"rendered":"https:\/\/www.brikol.sk\/produkt\/nastavovaci-klic-gu-torx-t15-ks\/"},"modified":"2026-01-13T13:52:12","modified_gmt":"2026-01-13T12:52:12","slug":"nastavovaci-klic-gu-torx-t15-ks","status":"publish","type":"product","link":"https:\/\/www.brikol.sk\/cs\/produkt\/nastavovaci-klic-gu-torx-t15-ks\/","title":{"rendered":"Nastavovac\u00ed kl\u00ed\u010d GU torx T15 \/ ks"},"content":{"rendered":"<h3 data-sourcepos=\"5:1-5:58\">Nastavovac\u00ed kl\u00ed\u010d GU Torx T15<\/h3>\n<p data-sourcepos=\"7:1-7:232\"><strong>Nastavovac\u00ed kl\u00ed\u010d GU Torx T15<\/strong> je v\u00e1\u0161 <strong>nepostradateln\u00fd pomocn\u00edk<\/strong> pro snadnou a efektivn\u00ed \u00fadr\u017ebu oken a dve\u0159\u00ed p\u0159\u00edmo u v\u00e1s doma. Proto u\u017e nemus\u00edte volat drah\u00e9 odborn\u00edky p\u0159i ka\u017ed\u00e9m men\u0161\u00edm probl\u00e9mu s t\u011bsn\u011bn\u00edm nebo otev\u00edr\u00e1n\u00edm!<\/p>\n<p data-sourcepos=\"9:1-9:345\">Tento speci\u00e1ln\u00ed kl\u00ed\u010d jsme navrhli pro <strong>p\u0159esn\u00e9 nastaven\u00ed (se\u0159izov\u00e1n\u00ed) v\u0161ech typ\u016f kov\u00e1n\u00ed GU,<\/strong> kter\u00e9 b\u011b\u017en\u011b najdete na plastov\u00fdch, d\u0159ev\u011bn\u00fdch i hlin\u00edkov\u00fdch oknech a balk\u00f3nov\u00fdch dve\u0159\u00edch. D\u00edky n\u011bmu snadno nastav\u00edte v\u00fd\u0161ku okna a sklopen\u00ed okna na horn\u00ed n\u016f\u017ece. A pro\u010d je to tak d\u016fle\u017eit\u00e9? Spr\u00e1vn\u011b se\u0159\u00edzen\u00e9 okno v\u00e1m toti\u017e zajist\u00ed:<\/p>\n<ul data-sourcepos=\"11:1-15:0\">\n<li data-sourcepos=\"11:1-11:216\"><strong>Optim\u00e1ln\u00ed t\u011bsn\u011bn\u00ed:<\/strong> <strong>Tak\u017ee <\/strong>se rozlou\u010d\u00edte s nep\u0159\u00edjemn\u00fdm profukov\u00e1n\u00edm a sn\u00ed\u017e\u00edte tepeln\u00e9 ztr\u00e1ty ve va\u0161\u00ed dom\u00e1cnosti. V d\u016fsledku toho uvid\u00edte ni\u017e\u0161\u00ed \u00fa\u010dty za topen\u00ed a budete si u\u017e\u00edvat p\u0159\u00edjemn\u011bj\u0161\u00ed prost\u0159ed\u00ed.<\/li>\n<li data-sourcepos=\"12:1-12:206\"><strong>Hladk\u00e9 otev\u00edr\u00e1n\u00ed a zav\u00edr\u00e1n\u00ed:<\/strong> <strong>Jestli\u017ee se <\/strong>va\u0161e okno drhne, obt\u00ed\u017en\u011b otev\u00edr\u00e1 nebo zav\u00edr\u00e1, pravd\u011bpodobn\u011b pot\u0159ebuje jen mal\u00e9 se\u0159\u00edzen\u00ed. Na\u0161t\u011bst\u00ed, s kl\u00ed\u010dem GU Torx T15 to zvl\u00e1dnete rychle a bez n\u00e1mahy.<\/li>\n<li data-sourcepos=\"13:1-13:177\"><strong>Prodlou\u017eenou \u017eivotnost:<\/strong> Pravidelnou \u00fadr\u017ebou a spr\u00e1vn\u00fdm nastaven\u00edm chr\u00e1n\u00edte kov\u00e1n\u00ed p\u0159ed nadm\u011brn\u00fdm opot\u0159eben\u00edm, \u010d\u00edm\u017e v\u00fdrazn\u011b prodlu\u017eujete \u017eivotnost va\u0161ich oken a dve\u0159\u00ed.<\/li>\n<li data-sourcepos=\"14:1-15:0\"><strong>Sn\u00ed\u017een\u00ed hluku z exteri\u00e9ru<\/strong>: Nav\u00edc, dob\u0159e t\u011bsn\u00edc\u00ed okna l\u00e9pe izoluj\u00ed i hluk, co\u017e p\u0159isp\u00edv\u00e1 k ti\u0161\u0161\u00ed a klidn\u011bj\u0161\u00ed dom\u00e1cnosti.<\/li>\n<\/ul>\n<p data-sourcepos=\"16:1-16:37\"><strong>Pro\u010d si vybrat pr\u00e1v\u011b tento kl\u00ed\u010d?<\/strong><\/p>\n<ul data-sourcepos=\"18:1-22:0\">\n<li data-sourcepos=\"18:1-18:146\"><strong>Snadn\u00e9 pou\u017eit\u00ed:<\/strong> <strong>D\u00edky <\/strong>ergonomick\u00e9mu designu a standardn\u00edmu rozm\u011bru Torx T15 je pr\u00e1ce s n\u00edm intuitivn\u00ed i pro \u00fapln\u00e9 za\u010d\u00e1te\u010dn\u00edky.<\/li>\n<li data-sourcepos=\"19:1-19:109\"><strong>Vysok\u00e1 kompatibilita: <\/strong><strong>To znamen\u00e1, \u017ee je <\/strong>ide\u00e1ln\u00ed pro \u0161irokou \u0161k\u00e1lu oken a dve\u0159\u00ed s kov\u00e1n\u00edm zna\u010dky GU.<\/li>\n<li data-sourcepos=\"20:1-20:106\"><strong>Kompaktn\u00ed rozm\u011bry:<\/strong> S d\u00e9lkou 110 mm a \u0161\u00ed\u0159kou 100 mm jej snadno uskladn\u00edte a budete ho m\u00edt v\u017edy po ruce.<\/li>\n<li data-sourcepos=\"21:1-22:0\"><strong>Ekonomick\u00e9 \u0159e\u0161en\u00ed:<\/strong> <strong>T\u00edm p\u00e1dem<\/strong> u\u0161et\u0159\u00edte pen\u00edze za servisn\u00ed techniky a udr\u017e\u00edte si okna v perfektn\u00edm stavu sami.<\/li>\n<\/ul>\n<p data-sourcepos=\"23:1-23:222\">Ne\u010dekejte, dokud se z mal\u00e9ho probl\u00e9mu nestane velk\u00fd. S Nastavovac\u00edm kl\u00ed\u010dem GU Torx T15 m\u00e1te \u0159e\u0161en\u00ed na dosah ruky. Objednejte si ho je\u0161t\u011b dnes a u\u017e\u00edvejte si komfort a \u00faspory, kter\u00e9 v\u00e1m spr\u00e1vn\u011b funguj\u00edc\u00ed okna p\u0159in\u00e1\u0161ej\u00ed!<\/p>\n","protected":false},"excerpt":{"rendered":"<p>Nastavovac\u00ed kl\u00ed\u010d GU Torx T15 Nastavovac\u00ed kl\u00ed\u010d slou\u017e\u00ed k nastaven\u00ed (se\u0159izov\u00e1n\u00ed) v\u0161ech typ\u016f kov\u00e1n\u00ed. Pou\u017e\u00edv\u00e1 se p\u0159edev\u0161\u00edm k nastaven\u00ed v\u00fd\u0161ky okna a sklopen\u00ed okna na horn\u00ed n\u016f\u017ece. D\u00e9lka &#8211; 110 mm, \u0161\u00ed\u0159ka &#8211; 100 mm, d\u00e9lka 2 &#8211; 30 mm.<\/p>\n","protected":false},"featured_media":17467,"comment_status":"open","ping_status":"closed","template":"","meta":[],"product_cat":[136,220],"product_tag":[],"_links":{"self":[{"href":"https:\/\/www.brikol.sk\/cs\/wp-json\/wp\/v2\/product\/18389"}],"collection":[{"href":"https:\/\/www.brikol.sk\/cs\/wp-json\/wp\/v2\/product"}],"about":[{"href":"https:\/\/www.brikol.sk\/cs\/wp-json\/wp\/v2\/types\/product"}],"replies":[{"embeddable":true,"href":"https:\/\/www.brikol.sk\/cs\/wp-json\/wp\/v2\/comments?post=18389"}],"wp:featuredmedia":[{"embeddable":true,"href":"https:\/\/www.brikol.sk\/cs\/wp-json\/wp\/v2\/media\/17467"}],"wp:attachment":[{"href":"https:\/\/www.brikol.sk\/cs\/wp-json\/wp\/v2\/media?parent=18389"}],"wp:term":[{"taxonomy":"product_cat","embeddable":true,"href":"https:\/\/www.brikol.sk\/cs\/wp-json\/wp\/v2\/product_cat?post=18389"},{"taxonomy":"product_tag","embeddable":true,"href":"https:\/\/www.brikol.sk\/cs\/wp-json\/wp\/v2\/product_tag?post=18389"}],"curies":[{"name":"wp","href":"https:\/\/api.w.org\/{rel}","templated":true}]}}