{"id":18392,"date":"2020-02-28T09:33:44","date_gmt":"2020-02-28T08:33:44","guid":{"rendered":"https:\/\/www.brikol.sk\/produkt\/silonova-voditka-pro-isoline-bila-ks\/"},"modified":"2020-02-28T09:33:44","modified_gmt":"2020-02-28T08:33:44","slug":"silonova-voditka-pro-isoline-bila-ks","status":"publish","type":"product","link":"https:\/\/www.brikol.sk\/cs\/produkt\/silonova-voditka-pro-isoline-bila-ks\/","title":{"rendered":"Silonov\u00e1 vod\u00edtka pro Isoline b\u00edl\u00e1 \/ ks"},"content":{"rendered":"<p>Vod\u00edtko silonu pro horn\u00ed nosn\u00edk izolantu, vod\u00edtko slou\u017e\u00ed k ochran\u011b silonu p\u0159ed od\u0159en\u00edm v kovov\u00e9m nosn\u00edku horizont\u00e1ln\u00ed \u017ealuzie Isoline.<\/p>\n","protected":false},"excerpt":{"rendered":"<p>Vod\u00edtko silonu pro horn\u00ed nosn\u00edk izolantu, vod\u00edtko slou\u017e\u00ed k ochran\u011b silonu p\u0159ed od\u0159en\u00edm v kovov\u00e9m nosn\u00edku horizont\u00e1ln\u00ed \u017ealuzie Isoline.<\/p>\n","protected":false},"featured_media":13247,"comment_status":"open","ping_status":"closed","template":"","meta":[],"product_cat":[132,137],"product_tag":[],"_links":{"self":[{"href":"https:\/\/www.brikol.sk\/cs\/wp-json\/wp\/v2\/product\/18392"}],"collection":[{"href":"https:\/\/www.brikol.sk\/cs\/wp-json\/wp\/v2\/product"}],"about":[{"href":"https:\/\/www.brikol.sk\/cs\/wp-json\/wp\/v2\/types\/product"}],"replies":[{"embeddable":true,"href":"https:\/\/www.brikol.sk\/cs\/wp-json\/wp\/v2\/comments?post=18392"}],"wp:featuredmedia":[{"embeddable":true,"href":"https:\/\/www.brikol.sk\/cs\/wp-json\/wp\/v2\/media\/13247"}],"wp:attachment":[{"href":"https:\/\/www.brikol.sk\/cs\/wp-json\/wp\/v2\/media?parent=18392"}],"wp:term":[{"taxonomy":"product_cat","embeddable":true,"href":"https:\/\/www.brikol.sk\/cs\/wp-json\/wp\/v2\/product_cat?post=18392"},{"taxonomy":"product_tag","embeddable":true,"href":"https:\/\/www.brikol.sk\/cs\/wp-json\/wp\/v2\/product_tag?post=18392"}],"curies":[{"name":"wp","href":"https:\/\/api.w.org\/{rel}","templated":true}]}}