{"id":18394,"date":"2020-01-15T11:39:29","date_gmt":"2020-01-15T10:39:29","guid":{"rendered":"https:\/\/www.brikol.sk\/produkt\/vedeni-retezu-pro-isoline-ks\/"},"modified":"2020-01-15T11:39:29","modified_gmt":"2020-01-15T10:39:29","slug":"vedeni-retezu-pro-isoline-ks","status":"publish","type":"product","link":"https:\/\/www.brikol.sk\/cs\/produkt\/vedeni-retezu-pro-isoline-ks\/","title":{"rendered":"Veden\u00ed \u0159et\u011bzu pro ISOLINE \/ ks"},"content":{"rendered":"<p>Veden\u00ed \u0159et\u011bzu spolu s kuli\u010dkov\u00fdm \u0159et\u011bzov\u00fdm kolem. Syst\u00e9m ur\u010den\u00fd pro \u017ealuzie ISOLINE. \u0158et\u011bzov\u00e9 kolo je p\u0159izp\u016fsobeno hv\u011bzdicov\u00e9mu h\u0159\u00eddeli.<\/p>\n","protected":false},"excerpt":{"rendered":"<p>Veden\u00ed \u0159et\u011bzu spolu s kuli\u010dkov\u00fdm \u0159et\u011bzov\u00fdm kolem. Syst\u00e9m ur\u010den\u00fd pro \u017ealuzie ISOLINE. \u0158et\u011bzov\u00e9 kolo je p\u0159izp\u016fsobeno hv\u011bzdicov\u00e9mu h\u0159\u00eddeli.<\/p>\n","protected":false},"featured_media":17642,"comment_status":"open","ping_status":"closed","template":"","meta":[],"product_cat":[132,137],"product_tag":[],"_links":{"self":[{"href":"https:\/\/www.brikol.sk\/cs\/wp-json\/wp\/v2\/product\/18394"}],"collection":[{"href":"https:\/\/www.brikol.sk\/cs\/wp-json\/wp\/v2\/product"}],"about":[{"href":"https:\/\/www.brikol.sk\/cs\/wp-json\/wp\/v2\/types\/product"}],"replies":[{"embeddable":true,"href":"https:\/\/www.brikol.sk\/cs\/wp-json\/wp\/v2\/comments?post=18394"}],"wp:featuredmedia":[{"embeddable":true,"href":"https:\/\/www.brikol.sk\/cs\/wp-json\/wp\/v2\/media\/17642"}],"wp:attachment":[{"href":"https:\/\/www.brikol.sk\/cs\/wp-json\/wp\/v2\/media?parent=18394"}],"wp:term":[{"taxonomy":"product_cat","embeddable":true,"href":"https:\/\/www.brikol.sk\/cs\/wp-json\/wp\/v2\/product_cat?post=18394"},{"taxonomy":"product_tag","embeddable":true,"href":"https:\/\/www.brikol.sk\/cs\/wp-json\/wp\/v2\/product_tag?post=18394"}],"curies":[{"name":"wp","href":"https:\/\/api.w.org\/{rel}","templated":true}]}}