{"id":18395,"date":"2019-12-10T10:20:31","date_gmt":"2019-12-10T09:20:31","guid":{"rendered":"https:\/\/www.brikol.sk\/produkt\/dverni-zastrcka-wala-219-mm-par\/"},"modified":"2024-09-06T16:05:42","modified_gmt":"2024-09-06T14:05:42","slug":"dverni-zastrcka-wala-219-mm-par","status":"publish","type":"product","link":"https:\/\/www.brikol.sk\/cs\/produkt\/dverni-zastrcka-wala-219-mm-par\/","title":{"rendered":"Dve\u0159n\u00ed z\u00e1str\u010dka WALA 219 mm \/ p\u00e1r"},"content":{"rendered":"<p>Dve\u0159n\u00ed z\u00e1str\u010dka WALA ur\u010den\u00e1 pro hlin\u00edkov\u00e9 nebo d\u0159ev\u011bn\u00e9 dve\u0159e s rovnou dr\u00e1\u017ekou. Sou\u010d\u00e1st\u00ed balen\u00ed jsou tak\u00e9 ty\u010de proti k\u00fdv\u00e1n\u00ed r\u00e1mu a sada \u0161roub\u016f.<\/p>\n","protected":false},"excerpt":{"rendered":"<p>Dve\u0159n\u00ed z\u00e1str\u010dka WALA ur\u010den\u00e1 pro hlin\u00edkov\u00e9 nebo d\u0159ev\u011bn\u00e9 dve\u0159e s rovnou dr\u00e1\u017ekou. Sou\u010d\u00e1st\u00ed balen\u00ed jsou tak\u00e9 ty\u010de proti k\u00fdv\u00e1n\u00ed r\u00e1mu a sada \u0161roub\u016f.<\/p>\n","protected":false},"featured_media":11257,"comment_status":"open","ping_status":"closed","template":"","meta":[],"product_cat":[136,127],"product_tag":[],"_links":{"self":[{"href":"https:\/\/www.brikol.sk\/cs\/wp-json\/wp\/v2\/product\/18395"}],"collection":[{"href":"https:\/\/www.brikol.sk\/cs\/wp-json\/wp\/v2\/product"}],"about":[{"href":"https:\/\/www.brikol.sk\/cs\/wp-json\/wp\/v2\/types\/product"}],"replies":[{"embeddable":true,"href":"https:\/\/www.brikol.sk\/cs\/wp-json\/wp\/v2\/comments?post=18395"}],"wp:featuredmedia":[{"embeddable":true,"href":"https:\/\/www.brikol.sk\/cs\/wp-json\/wp\/v2\/media\/11257"}],"wp:attachment":[{"href":"https:\/\/www.brikol.sk\/cs\/wp-json\/wp\/v2\/media?parent=18395"}],"wp:term":[{"taxonomy":"product_cat","embeddable":true,"href":"https:\/\/www.brikol.sk\/cs\/wp-json\/wp\/v2\/product_cat?post=18395"},{"taxonomy":"product_tag","embeddable":true,"href":"https:\/\/www.brikol.sk\/cs\/wp-json\/wp\/v2\/product_tag?post=18395"}],"curies":[{"name":"wp","href":"https:\/\/api.w.org\/{rel}","templated":true}]}}