{"id":18410,"date":"2019-11-08T17:14:17","date_gmt":"2019-11-08T16:14:17","guid":{"rendered":"https:\/\/www.brikol.sk\/produkt\/distancni-podlozka-pod-zaluzie-isoline-bila-par\/"},"modified":"2019-11-08T17:14:17","modified_gmt":"2019-11-08T16:14:17","slug":"distancni-podlozka-pod-zaluzie-isoline-bila-par","status":"publish","type":"product","link":"https:\/\/www.brikol.sk\/cs\/produkt\/distancni-podlozka-pod-zaluzie-isoline-bila-par\/","title":{"rendered":"Distan\u010dn\u00ed podlo\u017eka pod \u017ealuzie ISOLINE b\u00edl\u00e1 \/ p\u00e1r"},"content":{"rendered":"<p>B\u00edl\u00fd distan\u010dn\u00ed r\u00e1me\u010dek pro \u017ealuzie ISOLINE. Podlo\u017eka se pou\u017e\u00edv\u00e1 u oken s \u00fazk\u00fdmi zaskl\u00edvac\u00edmi li\u0161tami, aby bylo mo\u017en\u00e9 lamely \u017ealuzie ot\u00e1\u010det a zajistit jejich funk\u010dnost.<\/p>\n","protected":false},"excerpt":{"rendered":"<p>B\u00edl\u00fd distan\u010dn\u00ed r\u00e1me\u010dek pro \u017ealuzie ISOLINE. Podlo\u017eka se pou\u017e\u00edv\u00e1 u oken s \u00fazk\u00fdmi zaskl\u00edvac\u00edmi li\u0161tami, aby bylo mo\u017en\u00e9 lamely \u017ealuzie ot\u00e1\u010det a zajistit jejich funk\u010dnost.<\/p>\n","protected":false},"featured_media":13272,"comment_status":"open","ping_status":"closed","template":"","meta":[],"product_cat":[132,137],"product_tag":[],"_links":{"self":[{"href":"https:\/\/www.brikol.sk\/cs\/wp-json\/wp\/v2\/product\/18410"}],"collection":[{"href":"https:\/\/www.brikol.sk\/cs\/wp-json\/wp\/v2\/product"}],"about":[{"href":"https:\/\/www.brikol.sk\/cs\/wp-json\/wp\/v2\/types\/product"}],"replies":[{"embeddable":true,"href":"https:\/\/www.brikol.sk\/cs\/wp-json\/wp\/v2\/comments?post=18410"}],"wp:featuredmedia":[{"embeddable":true,"href":"https:\/\/www.brikol.sk\/cs\/wp-json\/wp\/v2\/media\/13272"}],"wp:attachment":[{"href":"https:\/\/www.brikol.sk\/cs\/wp-json\/wp\/v2\/media?parent=18410"}],"wp:term":[{"taxonomy":"product_cat","embeddable":true,"href":"https:\/\/www.brikol.sk\/cs\/wp-json\/wp\/v2\/product_cat?post=18410"},{"taxonomy":"product_tag","embeddable":true,"href":"https:\/\/www.brikol.sk\/cs\/wp-json\/wp\/v2\/product_tag?post=18410"}],"curies":[{"name":"wp","href":"https:\/\/api.w.org\/{rel}","templated":true}]}}