{"id":18415,"date":"2019-06-21T15:50:39","date_gmt":"2019-06-21T13:50:39","guid":{"rendered":"https:\/\/www.brikol.sk\/produkt\/konec-textilni-pasky-isotra-ciry-ks\/"},"modified":"2019-06-21T15:50:39","modified_gmt":"2019-06-21T13:50:39","slug":"konec-textilni-pasky-isotra-ciry-ks","status":"publish","type":"product","link":"https:\/\/www.brikol.sk\/cs\/produkt\/konec-textilni-pasky-isotra-ciry-ks\/","title":{"rendered":"Konec textiln\u00ed p\u00e1sky ISOTRA \u010dir\u00fd \/ ks"},"content":{"rendered":"<p>Koncovka textiln\u00ed p\u00e1sky ISOTRA, \u010dir\u00e1, se pou\u017e\u00edv\u00e1 k upevn\u011bn\u00ed textiln\u00ed nav\u00edjec\u00ed p\u00e1sky ve spodn\u00edm profilu horizont\u00e1ln\u00ed \u017ealuzie.<\/p>\n<p>(D x \u0160 x V) 25 x 9 x 9 mm<\/p>\n","protected":false},"excerpt":{"rendered":"<p>Koncovka textiln\u00ed p\u00e1sky ISOTRA, \u010dir\u00e1, se pou\u017e\u00edv\u00e1 k upevn\u011bn\u00ed textiln\u00ed nav\u00edjec\u00ed p\u00e1sky ve spodn\u00edm profilu horizont\u00e1ln\u00ed \u017ealuzie.<\/p>\n","protected":false},"featured_media":15572,"comment_status":"open","ping_status":"closed","template":"","meta":[],"product_cat":[132,138],"product_tag":[],"_links":{"self":[{"href":"https:\/\/www.brikol.sk\/cs\/wp-json\/wp\/v2\/product\/18415"}],"collection":[{"href":"https:\/\/www.brikol.sk\/cs\/wp-json\/wp\/v2\/product"}],"about":[{"href":"https:\/\/www.brikol.sk\/cs\/wp-json\/wp\/v2\/types\/product"}],"replies":[{"embeddable":true,"href":"https:\/\/www.brikol.sk\/cs\/wp-json\/wp\/v2\/comments?post=18415"}],"wp:featuredmedia":[{"embeddable":true,"href":"https:\/\/www.brikol.sk\/cs\/wp-json\/wp\/v2\/media\/15572"}],"wp:attachment":[{"href":"https:\/\/www.brikol.sk\/cs\/wp-json\/wp\/v2\/media?parent=18415"}],"wp:term":[{"taxonomy":"product_cat","embeddable":true,"href":"https:\/\/www.brikol.sk\/cs\/wp-json\/wp\/v2\/product_cat?post=18415"},{"taxonomy":"product_tag","embeddable":true,"href":"https:\/\/www.brikol.sk\/cs\/wp-json\/wp\/v2\/product_tag?post=18415"}],"curies":[{"name":"wp","href":"https:\/\/api.w.org\/{rel}","templated":true}]}}