{"id":18417,"date":"2019-06-21T15:48:52","date_gmt":"2019-06-21T13:48:52","guid":{"rendered":"https:\/\/www.brikol.sk\/produkt\/koncovka-textilni-pasky-isoline-bila-ks\/"},"modified":"2019-06-21T15:48:52","modified_gmt":"2019-06-21T13:48:52","slug":"koncovka-textilni-pasky-isoline-bila-ks","status":"publish","type":"product","link":"https:\/\/www.brikol.sk\/cs\/produkt\/koncovka-textilni-pasky-isoline-bila-ks\/","title":{"rendered":"Koncovka textiln\u00ed p\u00e1sky ISOLINE b\u00edl\u00e1 \/ ks"},"content":{"rendered":"<p>Koncovka textiln\u00ed p\u00e1sky ISOLINE slou\u017e\u00ed k upevn\u011bn\u00ed textiln\u00ed nav\u00edjec\u00ed p\u00e1sky ve spodn\u00edm profilu horizont\u00e1ln\u00ed \u017ealuzie.<\/p>\n<p>(D x \u0160 x V) 23 x 9 x 9 mm<\/p>\n","protected":false},"excerpt":{"rendered":"<p>Koncovka textiln\u00ed p\u00e1sky ISOLINE slou\u017e\u00ed k upevn\u011bn\u00ed textiln\u00ed nav\u00edjec\u00ed p\u00e1sky ve spodn\u00edm profilu horizont\u00e1ln\u00ed \u017ealuzie.<\/p>\n","protected":false},"featured_media":12847,"comment_status":"open","ping_status":"closed","template":"","meta":[],"product_cat":[132,137],"product_tag":[],"_links":{"self":[{"href":"https:\/\/www.brikol.sk\/cs\/wp-json\/wp\/v2\/product\/18417"}],"collection":[{"href":"https:\/\/www.brikol.sk\/cs\/wp-json\/wp\/v2\/product"}],"about":[{"href":"https:\/\/www.brikol.sk\/cs\/wp-json\/wp\/v2\/types\/product"}],"replies":[{"embeddable":true,"href":"https:\/\/www.brikol.sk\/cs\/wp-json\/wp\/v2\/comments?post=18417"}],"wp:featuredmedia":[{"embeddable":true,"href":"https:\/\/www.brikol.sk\/cs\/wp-json\/wp\/v2\/media\/12847"}],"wp:attachment":[{"href":"https:\/\/www.brikol.sk\/cs\/wp-json\/wp\/v2\/media?parent=18417"}],"wp:term":[{"taxonomy":"product_cat","embeddable":true,"href":"https:\/\/www.brikol.sk\/cs\/wp-json\/wp\/v2\/product_cat?post=18417"},{"taxonomy":"product_tag","embeddable":true,"href":"https:\/\/www.brikol.sk\/cs\/wp-json\/wp\/v2\/product_tag?post=18417"}],"curies":[{"name":"wp","href":"https:\/\/api.w.org\/{rel}","templated":true}]}}