{"id":18419,"date":"2019-05-24T09:14:06","date_gmt":"2019-05-24T07:14:06","guid":{"rendered":"https:\/\/www.brikol.sk\/produkt\/silonove-jadrove-zaluzie-12-mm-m\/"},"modified":"2019-05-24T09:14:06","modified_gmt":"2019-05-24T07:14:06","slug":"silonove-jadrove-zaluzie-12-mm-m","status":"publish","type":"product","link":"https:\/\/www.brikol.sk\/cs\/produkt\/silonove-jadrove-zaluzie-12-mm-m\/","title":{"rendered":"Silonov\u00e9 (j\u00e1drov\u00e9) \u017ealuzie 1,2 mm\/m"},"content":{"rendered":"<p><strong>Vodic\u00ed silon (\u017e\u00edla) \u017ealuzie 1,2 mm<\/strong><\/p>\n<p>Vodic\u00ed m\u011bch se pou\u017e\u00edv\u00e1 k upevn\u011bn\u00ed horizont\u00e1ln\u00edch \u017ealuzi\u00ed. K udr\u017een\u00ed \u017ealuzie na m\u00edst\u011b p\u0159i manipulaci se \u017ealuzi\u00ed. \u017d\u00edla je zes\u00edlen\u00e1, aby odol\u00e1vala UV z\u00e1\u0159en\u00ed. Jej\u00ed zlomen\u00ed je jednou z nej\u010dast\u011bj\u0161\u00edch z\u00e1vad, kter\u00e9 se mohou na \u017ealuzi\u00edch vyskytnout. V\u011bt\u0161inou se rozbije p\u0159i \u010di\u0161t\u011bn\u00ed \u017ealuzi\u00ed nebo oken a p\u0159i jak\u00e9mkoli m\u00edrn\u011bj\u0161\u00edm z\u00e1sahu do silonu. Zejm\u00e9na v p\u0159\u00edpadech, kdy se s \u017ealuziemi \u010dasto manipuluje a maj\u00ed za sebou ur\u010dit\u00fd po\u010det let.<\/p>\n<p>Pokud se va\u0161e vodic\u00ed hedv\u00e1b\u00ed p\u0159etrhlo, m\u016f\u017eete si vybrat d\u00e9lku, kterou pot\u0159ebujete k jeho v\u00fdm\u011bn\u011b.<\/p>\n<p>V\u00fdm\u011bna silonu:<\/p>\n<ol>\n<li>sundejte bo\u010dn\u00ed kryty \u017ealuzi\u00ed a pot\u00e9 \u017ealuzie vyklopte z okna.<\/li>\n<li>odstra\u0148te star\u00fd, roztrhan\u00fd silon<\/li>\n<li>na lamely \u017ealuzi\u00ed polo\u017ete nov\u00fd silon (p\u0159i volb\u011b d\u00e9lky doporu\u010dujeme ponechat 20 cm rezervu).<\/li>\n<li>pak se nov\u00fd silon provl\u00e9kne z\u00e1kladn\u00edm d\u00edlem.<\/li>\n<\/ol>\n<p>K <strong>objedn\u00e1vce vodic\u00edho silonu doporu\u010dujeme p\u0159idat <a href=\"https:\/\/www.brikol.sk\/produkt\/fixacny-kolik-silonu\/?preview_id=258&amp;preview_nonce=ad02ff9721&amp;_thumbnail_id=6938&amp;preview=true\">upev\u0148ovac\u00ed kol\u00edky <\/a><\/strong>, jedn\u00e1 se o sou\u010d\u00e1st, kterou po ohnut\u00ed nelze znovu pou\u017e\u00edt a p\u0159i vyjmut\u00ed z otvoru v zaskl\u00edvac\u00ed li\u0161t\u011b m\u016f\u017ee doj\u00edt k jej\u00edmu po\u0161kozen\u00ed.<\/p>\n<p>Zbo\u017e\u00ed zas\u00edl\u00e1me zabalen\u00e9 po cel\u00fdch metrech. V p\u0159\u00edpad\u011b v\u011bt\u0161\u00edch zak\u00e1zek nad 100 m rozd\u011bl\u00edme silo pro lep\u0161\u00ed manipulaci.<br \/>\nNap\u0159\u00edklad. p\u0159i objedn\u00e1n\u00ed 5 kus\u016f v\u00e1m bude zasl\u00e1no 5 metr\u016f.<\/p>\n<p><span style=\"text-decoration: underline;\"><strong>UPOZORN\u011aN\u00cd:<\/strong><\/span>P\u0159i objedn\u00e1v\u00e1n\u00ed tohoto silikonu je nutn\u00e9 zv\u011bt\u0161it otvor na upev\u0148ovac\u00edm \u010depu, jinak se silikon do upev\u0148ovac\u00edho \u010depu nevejde.<\/p>\n","protected":false},"excerpt":{"rendered":"<p>Vodic\u00ed silon pro horizont\u00e1ln\u00ed \u017ealuzie ur\u010den\u00fd pro v\u0161echny typy \u017ealuzi\u00ed. Vodic\u00ed hedv\u00e1b\u00ed je zes\u00edlen\u00e9, aby odol\u00e1valo UV z\u00e1\u0159en\u00ed.<\/p>\n<p>Zbo\u017e\u00ed zas\u00edl\u00e1me zabalen\u00e9 po cel\u00fdch metrech. V p\u0159\u00edpad\u011b v\u011bt\u0161\u00edch zak\u00e1zek nad 100 m rozd\u011bl\u00edme silo pro lep\u0161\u00ed manipulaci.<\/p>\n<p><span style=\"color: #ff0000;\"><strong>UPOZORN\u011aN\u00cd:<\/strong> P\u0159i objedn\u00e1v\u00e1n\u00ed tohoto silikonu je nutn\u00e9 zv\u011bt\u0161it otvor na upev\u0148ovac\u00edm kol\u00edku, jinak nebude mo\u017en\u00e9 silikon provl\u00e9knout upev\u0148ovac\u00edm kol\u00edkem.<\/span><\/p>\n","protected":false},"featured_media":10367,"comment_status":"closed","ping_status":"closed","template":"","meta":[],"product_cat":[132,140,137,138,139,133,141],"product_tag":[],"_links":{"self":[{"href":"https:\/\/www.brikol.sk\/cs\/wp-json\/wp\/v2\/product\/18419"}],"collection":[{"href":"https:\/\/www.brikol.sk\/cs\/wp-json\/wp\/v2\/product"}],"about":[{"href":"https:\/\/www.brikol.sk\/cs\/wp-json\/wp\/v2\/types\/product"}],"replies":[{"embeddable":true,"href":"https:\/\/www.brikol.sk\/cs\/wp-json\/wp\/v2\/comments?post=18419"}],"wp:featuredmedia":[{"embeddable":true,"href":"https:\/\/www.brikol.sk\/cs\/wp-json\/wp\/v2\/media\/10367"}],"wp:attachment":[{"href":"https:\/\/www.brikol.sk\/cs\/wp-json\/wp\/v2\/media?parent=18419"}],"wp:term":[{"taxonomy":"product_cat","embeddable":true,"href":"https:\/\/www.brikol.sk\/cs\/wp-json\/wp\/v2\/product_cat?post=18419"},{"taxonomy":"product_tag","embeddable":true,"href":"https:\/\/www.brikol.sk\/cs\/wp-json\/wp\/v2\/product_tag?post=18419"}],"curies":[{"name":"wp","href":"https:\/\/api.w.org\/{rel}","templated":true}]}}