{"id":18438,"date":"2024-04-08T08:45:41","date_gmt":"2024-04-08T06:45:41","guid":{"rendered":"https:\/\/www.brikol.sk\/produkt\/tlakove-kolo-ks\/"},"modified":"2024-04-08T08:45:41","modified_gmt":"2024-04-08T06:45:41","slug":"tlakove-kolo-ks","status":"publish","type":"product","link":"https:\/\/www.brikol.sk\/cs\/produkt\/tlakove-kolo-ks\/","title":{"rendered":"Tlakov\u00e9 kolo \/ ks"},"content":{"rendered":"<p>P\u0159\u00edtla\u010dn\u00e9 kole\u010dko pro v\u00fdm\u011bnu s\u00ed\u0165oviny na s\u00edt\u00edch proti hmyzu. Tento pomocn\u00edk se stane va\u0161\u00edm nejlep\u0161\u00edm p\u0159\u00edtelem p\u0159i v\u00fdm\u011bn\u011b s\u00ed\u0165oviny.<\/p>\n<p>&nbsp;<\/p>\n<p><strong> <\/strong><\/p>\n","protected":false},"excerpt":{"rendered":"<p>P\u0159\u00edtla\u010dn\u00e9 kole\u010dko pro v\u00fdm\u011bnu s\u00ed\u0165oviny na s\u00edt\u00edch proti hmyzu. Tento pomocn\u00edk se stane va\u0161\u00edm nejlep\u0161\u00edm p\u0159\u00edtelem p\u0159i v\u00fdm\u011bn\u011b s\u00ed\u0165oviny.<\/p>\n","protected":false},"featured_media":22425,"comment_status":"open","ping_status":"closed","template":"","meta":[],"product_cat":[130,143],"product_tag":[],"_links":{"self":[{"href":"https:\/\/www.brikol.sk\/cs\/wp-json\/wp\/v2\/product\/18438"}],"collection":[{"href":"https:\/\/www.brikol.sk\/cs\/wp-json\/wp\/v2\/product"}],"about":[{"href":"https:\/\/www.brikol.sk\/cs\/wp-json\/wp\/v2\/types\/product"}],"replies":[{"embeddable":true,"href":"https:\/\/www.brikol.sk\/cs\/wp-json\/wp\/v2\/comments?post=18438"}],"wp:featuredmedia":[{"embeddable":true,"href":"https:\/\/www.brikol.sk\/cs\/wp-json\/wp\/v2\/media\/22425"}],"wp:attachment":[{"href":"https:\/\/www.brikol.sk\/cs\/wp-json\/wp\/v2\/media?parent=18438"}],"wp:term":[{"taxonomy":"product_cat","embeddable":true,"href":"https:\/\/www.brikol.sk\/cs\/wp-json\/wp\/v2\/product_cat?post=18438"},{"taxonomy":"product_tag","embeddable":true,"href":"https:\/\/www.brikol.sk\/cs\/wp-json\/wp\/v2\/product_tag?post=18438"}],"curies":[{"name":"wp","href":"https:\/\/api.w.org\/{rel}","templated":true}]}}