{"id":18459,"date":"2019-03-10T19:04:26","date_gmt":"2019-03-10T18:04:26","guid":{"rendered":"https:\/\/www.brikol.sk\/produkt\/maco-horni-lozisko-zaves-pro-plastova-okna-ks\/"},"modified":"2026-01-13T13:59:10","modified_gmt":"2026-01-13T12:59:10","slug":"maco-horni-lozisko-zaves-pro-plastova-okna-ks","status":"publish","type":"product","link":"https:\/\/www.brikol.sk\/cs\/produkt\/maco-horni-lozisko-zaves-pro-plastova-okna-ks\/","title":{"rendered":"MACO horn\u00ed lo\u017eisko (z\u00e1v\u011bs) pro plastov\u00e1 okna \/ ks"},"content":{"rendered":"<div id=\"idTab1\" class=\"rte\">\n<h3>Horn\u00ed lo\u017eisko (z\u00e1v\u011bs) MACO pro plastov\u00e1 okna<\/h3>\n<p>univerz\u00e1ln\u00ed lo\u017eisko \/ z\u00e1v\u011bs \/ pant pro otev\u00edrav\u00e1 a otv\u00edrav\u011b-sklopn\u00e1 okna s kov\u00e1n\u00edm MACO MULTI-TREND a MACO MULTI-MATIC. Sou\u010d\u00e1st\u00ed balen\u00ed jsou tak\u00e9 mont\u00e1\u017en\u00ed \u0161rouby se samo\u0159eznou plastovou hlavou.<\/p>\n<h3>Technick\u00e9 \u00fadaje:<\/h3>\n<ul>\n<li>pravolev\u00e1 \u010d\u00e1st<\/li>\n<li>nosnost z\u00e1v\u011bsu 120 kg<\/li>\n<li>7 mm lo\u017eiskov\u00e9 \u010depy<\/li>\n<li>barva st\u0159\u00edbrn\u00e1<\/li>\n<li>ur\u010deno pro plastov\u00e1 okna<\/li>\n<\/ul>\n<\/div>\n","protected":false},"excerpt":{"rendered":"<p>Horn\u00ed lo\u017eisko (z\u00e1v\u011bs) MACO pro plastov\u00e1 okna univerz\u00e1ln\u00ed lo\u017eisko \/ z\u00e1v\u011bs \/ pant pro otev\u00edrav\u00e1 a otv\u00edrav\u011b-sklopn\u00e1 okna s kov\u00e1n\u00edm MACO MULTI-TREND a MACO MULTI-MATIC. Sou\u010d\u00e1st\u00ed balen\u00ed jsou tak\u00e9 mont\u00e1\u017en\u00ed \u0161rouby se samo\u0159eznou plastovou hlavou. Technick\u00e9 \u00fadaje: pravolev\u00e1 \u010d\u00e1st nosnost z\u00e1v\u011bsu 120 kg 7 mm lo\u017eiskov\u00e9 \u010depy barva st\u0159\u00edbrn\u00e1 ur\u010deno pro plastov\u00e1 okna<\/p>\n","protected":false},"featured_media":15682,"comment_status":"open","ping_status":"closed","template":"","meta":[],"product_cat":[136,221,146],"product_tag":[],"_links":{"self":[{"href":"https:\/\/www.brikol.sk\/cs\/wp-json\/wp\/v2\/product\/18459"}],"collection":[{"href":"https:\/\/www.brikol.sk\/cs\/wp-json\/wp\/v2\/product"}],"about":[{"href":"https:\/\/www.brikol.sk\/cs\/wp-json\/wp\/v2\/types\/product"}],"replies":[{"embeddable":true,"href":"https:\/\/www.brikol.sk\/cs\/wp-json\/wp\/v2\/comments?post=18459"}],"wp:featuredmedia":[{"embeddable":true,"href":"https:\/\/www.brikol.sk\/cs\/wp-json\/wp\/v2\/media\/15682"}],"wp:attachment":[{"href":"https:\/\/www.brikol.sk\/cs\/wp-json\/wp\/v2\/media?parent=18459"}],"wp:term":[{"taxonomy":"product_cat","embeddable":true,"href":"https:\/\/www.brikol.sk\/cs\/wp-json\/wp\/v2\/product_cat?post=18459"},{"taxonomy":"product_tag","embeddable":true,"href":"https:\/\/www.brikol.sk\/cs\/wp-json\/wp\/v2\/product_tag?post=18459"}],"curies":[{"name":"wp","href":"https:\/\/api.w.org\/{rel}","templated":true}]}}