{"id":18460,"date":"2019-03-10T18:48:04","date_gmt":"2019-03-10T17:48:04","guid":{"rendered":"https:\/\/www.brikol.sk\/produkt\/spodni-lozisko-zaves-maco-pro-plastova-okna-ks\/"},"modified":"2026-01-13T14:00:18","modified_gmt":"2026-01-13T13:00:18","slug":"spodni-lozisko-zaves-maco-pro-plastova-okna-ks","status":"publish","type":"product","link":"https:\/\/www.brikol.sk\/cs\/produkt\/spodni-lozisko-zaves-maco-pro-plastova-okna-ks\/","title":{"rendered":"Spodn\u00ed lo\u017eisko (z\u00e1v\u011bs) MACO pro plastov\u00e1 okna \/ks"},"content":{"rendered":"<h3>Spodn\u00ed lo\u017eisko (z\u00e1v\u011bs) MACO pro plastov\u00e1 okna kompletn\u00ed<\/h3>\n<p>MACO spodn\u00ed pant \/ lo\u017eisko \/ z\u00e1v\u011bs je ur\u010den\u00fd pro otev\u00edrav\u00e1 a otv\u00edravo-sklopn\u00e1 okna a balkonov\u00e9 dve\u0159e, kter\u00e1 jsou vybavena kov\u00e1n\u00edm MACO MULTI-TREND a MACO MULTI-MATIC. Sou\u010d\u00e1st\u00ed balen\u00ed jsou tak\u00e9 mont\u00e1\u017en\u00ed \u0161rouby se samo\u0159eznou plastovou hlavou.<\/p>\n<h4><strong>Technick\u00e9 \u00fadaje:<\/strong><\/h4>\n<ul>\n<li>Nosnost \u010depu 120 kg<\/li>\n<li>tlou\u0161\u0165ka kol\u00edku 7 mm<\/li>\n<li>d\u00e9lka podp\u011brn\u00e9ho kol\u00edku 23 mm<\/li>\n<li>vpravo vlevo<\/li>\n<li>barva st\u0159\u00edbrn\u00e1<\/li>\n<li>ur\u010deno pro v\u0161echna plastov\u00e1 okna a terasov\u00e9 dve\u0159e<\/li>\n<\/ul>\n","protected":false},"excerpt":{"rendered":"<p>MACO spodn\u00ed lo\u017eisko \/ pant \/ z\u00e1v\u011bs pro otev\u00edrav\u00e1 a otv\u00edravo-sklopn\u00e1 plastov\u00e1 okna a balkonov\u00e9 dve\u0159e, osazen\u00e9 kov\u00e1n\u00edm MACO MULTI-TREND a MACO MULTI-MATIC. Sou\u010d\u00e1st\u00ed balen\u00ed jsou i mont\u00e1\u017en\u00ed \u0161rouby se samovrtnou hlavou do plastu.<\/p>\n","protected":false},"featured_media":15672,"comment_status":"open","ping_status":"closed","template":"","meta":[],"product_cat":[136,221,146],"product_tag":[],"_links":{"self":[{"href":"https:\/\/www.brikol.sk\/cs\/wp-json\/wp\/v2\/product\/18460"}],"collection":[{"href":"https:\/\/www.brikol.sk\/cs\/wp-json\/wp\/v2\/product"}],"about":[{"href":"https:\/\/www.brikol.sk\/cs\/wp-json\/wp\/v2\/types\/product"}],"replies":[{"embeddable":true,"href":"https:\/\/www.brikol.sk\/cs\/wp-json\/wp\/v2\/comments?post=18460"}],"wp:featuredmedia":[{"embeddable":true,"href":"https:\/\/www.brikol.sk\/cs\/wp-json\/wp\/v2\/media\/15672"}],"wp:attachment":[{"href":"https:\/\/www.brikol.sk\/cs\/wp-json\/wp\/v2\/media?parent=18460"}],"wp:term":[{"taxonomy":"product_cat","embeddable":true,"href":"https:\/\/www.brikol.sk\/cs\/wp-json\/wp\/v2\/product_cat?post=18460"},{"taxonomy":"product_tag","embeddable":true,"href":"https:\/\/www.brikol.sk\/cs\/wp-json\/wp\/v2\/product_tag?post=18460"}],"curies":[{"name":"wp","href":"https:\/\/api.w.org\/{rel}","templated":true}]}}