{"id":18465,"date":"2019-02-14T11:11:09","date_gmt":"2019-02-14T10:11:09","guid":{"rendered":"https:\/\/www.brikol.sk\/produkt\/dverni-zatka-roto-16-150mm-do-drazky-16mm-ks\/"},"modified":"2019-02-14T11:11:09","modified_gmt":"2019-02-14T10:11:09","slug":"dverni-zatka-roto-16-150mm-do-drazky-16mm-ks","status":"publish","type":"product","link":"https:\/\/www.brikol.sk\/cs\/produkt\/dverni-zatka-roto-16-150mm-do-drazky-16mm-ks\/","title":{"rendered":"Dve\u0159n\u00ed z\u00e1tka ROTO 16\/150mm do dr\u00e1\u017eky 16mm \/ ks"},"content":{"rendered":"<p>Dve\u0159n\u00ed z\u00e1str\u010dka \/ falc \/ 16\/150 mm pro plastov\u00e9, hlin\u00edkov\u00e9 a d\u0159ev\u011bn\u00e9 dve\u0159e do dr\u00e1\u017eky <strong>16 mm<\/strong> od v\u00fdrobce ROTO. Vhodn\u00e9 pro \u010dasto pou\u017e\u00edvan\u00e9 dve\u0159e.<\/p>\n<p>&nbsp;<\/p>\n","protected":false},"excerpt":{"rendered":"<p>Z\u00e1str\u010dka ROTO je ur\u010dena pro pasivn\u00ed dve\u0159n\u00ed k\u0159\u00eddlo bez kliky. Pro svou pevnost a vysokou odolnost se velmi \u010dasto pou\u017e\u00edv\u00e1 u d\u0159ev\u011bn\u00fdch dve\u0159\u00ed.<\/p>\n<h3>Technick\u00e9 \u00fadaje :<\/h3>\n<ul>\n<li>dve\u0159n\u00ed z\u00e1tka pro dr\u00e1\u017eku o \u0161\u00ed\u0159ce 16 mm<\/li>\n<li>d\u00e9lka z\u00e1str\u010dky<strong> 150 mm<\/strong><\/li>\n<li>pro plastov\u00e9, hlin\u00edkov\u00e9 a d\u0159ev\u011bn\u00e9 dve\u0159e<\/li>\n<li>pevn\u00e9, vhodn\u00e9 pro t\u011b\u017ek\u00e9 dve\u0159e<\/li>\n<\/ul>\n","protected":false},"featured_media":11072,"comment_status":"open","ping_status":"closed","template":"","meta":[],"product_cat":[136,127],"product_tag":[],"_links":{"self":[{"href":"https:\/\/www.brikol.sk\/cs\/wp-json\/wp\/v2\/product\/18465"}],"collection":[{"href":"https:\/\/www.brikol.sk\/cs\/wp-json\/wp\/v2\/product"}],"about":[{"href":"https:\/\/www.brikol.sk\/cs\/wp-json\/wp\/v2\/types\/product"}],"replies":[{"embeddable":true,"href":"https:\/\/www.brikol.sk\/cs\/wp-json\/wp\/v2\/comments?post=18465"}],"wp:featuredmedia":[{"embeddable":true,"href":"https:\/\/www.brikol.sk\/cs\/wp-json\/wp\/v2\/media\/11072"}],"wp:attachment":[{"href":"https:\/\/www.brikol.sk\/cs\/wp-json\/wp\/v2\/media?parent=18465"}],"wp:term":[{"taxonomy":"product_cat","embeddable":true,"href":"https:\/\/www.brikol.sk\/cs\/wp-json\/wp\/v2\/product_cat?post=18465"},{"taxonomy":"product_tag","embeddable":true,"href":"https:\/\/www.brikol.sk\/cs\/wp-json\/wp\/v2\/product_tag?post=18465"}],"curies":[{"name":"wp","href":"https:\/\/api.w.org\/{rel}","templated":true}]}}