{"id":18466,"date":"2019-01-17T11:27:23","date_gmt":"2019-01-17T10:27:23","guid":{"rendered":"https:\/\/www.brikol.sk\/produkt\/vodorovna-bocni-zaslepka-mtech-par\/"},"modified":"2019-01-17T11:27:23","modified_gmt":"2019-01-17T10:27:23","slug":"vodorovna-bocni-zaslepka-mtech-par","status":"publish","type":"product","link":"https:\/\/www.brikol.sk\/cs\/produkt\/vodorovna-bocni-zaslepka-mtech-par\/","title":{"rendered":"Vodorovn\u00e1 bo\u010dn\u00ed z\u00e1slepka Mtech \/ p\u00e1r"},"content":{"rendered":"<p>Bo\u010dn\u00ed kryt pro horizont\u00e1ln\u00ed \u017ealuzie ur\u010den\u00fd pro \u017ealuzie od v\u00fdrobce Mtech, Isotra.<\/p>\n","protected":false},"excerpt":{"rendered":"<p>Bo\u010dn\u00ed kryt pro horizont\u00e1ln\u00ed \u017ealuzie ur\u010den\u00fd pro \u017ealuzie od v\u00fdrobce Mtech, Isotra.<\/p>\n","protected":false},"featured_media":13532,"comment_status":"open","ping_status":"closed","template":"","meta":[],"product_cat":[132,138],"product_tag":[],"_links":{"self":[{"href":"https:\/\/www.brikol.sk\/cs\/wp-json\/wp\/v2\/product\/18466"}],"collection":[{"href":"https:\/\/www.brikol.sk\/cs\/wp-json\/wp\/v2\/product"}],"about":[{"href":"https:\/\/www.brikol.sk\/cs\/wp-json\/wp\/v2\/types\/product"}],"replies":[{"embeddable":true,"href":"https:\/\/www.brikol.sk\/cs\/wp-json\/wp\/v2\/comments?post=18466"}],"wp:featuredmedia":[{"embeddable":true,"href":"https:\/\/www.brikol.sk\/cs\/wp-json\/wp\/v2\/media\/13532"}],"wp:attachment":[{"href":"https:\/\/www.brikol.sk\/cs\/wp-json\/wp\/v2\/media?parent=18466"}],"wp:term":[{"taxonomy":"product_cat","embeddable":true,"href":"https:\/\/www.brikol.sk\/cs\/wp-json\/wp\/v2\/product_cat?post=18466"},{"taxonomy":"product_tag","embeddable":true,"href":"https:\/\/www.brikol.sk\/cs\/wp-json\/wp\/v2\/product_tag?post=18466"}],"curies":[{"name":"wp","href":"https:\/\/api.w.org\/{rel}","templated":true}]}}