{"id":18474,"date":"2018-12-05T11:58:18","date_gmt":"2018-12-05T10:58:18","guid":{"rendered":"https:\/\/www.brikol.sk\/produkt\/pruvodce-retezem-pro-basic\/"},"modified":"2025-02-17T14:13:44","modified_gmt":"2025-02-17T13:13:44","slug":"pruvodce-retezem-pro-basic","status":"publish","type":"product","link":"https:\/\/www.brikol.sk\/cs\/produkt\/pruvodce-retezem-pro-basic\/","title":{"rendered":"Vedenie guli\u010dkovej retiazky pre BASIC"},"content":{"rendered":"<h1 data-sourcepos=\"3:1-3:111\"><strong><span style=\"font-size: 85%;\">Veden\u00ed kuli\u010dkov\u00e9ho \u0159et\u00edzku pro \u017ealuzie BASIC: Ovl\u00e1dejte \u017ealuzie hladce a spolehliv\u011b \u2013 s kole\u010dkem kuli\u010dkov\u00e9ho \u0159et\u00edzku<\/span><\/strong><\/h1>\n<p data-sourcepos=\"5:1-5:563\">Frustruj\u00ed v\u00e1s zaseknut\u00e9 \u017ealuzie? Pot\u0159ebujete kone\u010dn\u011b spolehliv\u00e9 veden\u00ed \u0159et\u00edzku, na kter\u00fd se m\u016f\u017eete spolehnout? Potom objevte na\u0161e kvalitn\u00ed veden\u00ed \u0159et\u00edzku! Navr\u017eeno speci\u00e1ln\u011b pro syst\u00e9m \u017ealuzi\u00ed BASIC. D\u00edky precizn\u00edmu zpracov\u00e1n\u00ed a robustn\u00ed konstrukci zaru\u010duje opravdu dlouhou \u017eivotnost a bezvadnou funk\u010dnost ovl\u00e1d\u00e1n\u00ed. Nav\u00edc, veden\u00ed \u0159et\u00edzku dod\u00e1v\u00e1me rovnou s kole\u010dkem kuli\u010dkov\u00e9ho \u0159et\u00edzku. Toto kole\u010dko p\u0159esn\u011b sed\u00ed na <strong>trojhrann\u00fd h\u0159\u00eddel.<\/strong> Proto investujte do kvality a ovl\u00e1dejte sv\u00e9 \u017ealuzie komfortn\u011b ka\u017ed\u00fd den!      <\/p>\n<h2 data-sourcepos=\"7:1-7:113\"><span style=\"font-size: 80%;\">Ale pro\u010d je vlastn\u011b veden\u00ed \u0159et\u00edzku pro \u017ealuzie BASIC s kole\u010dkem kuli\u010dkov\u00e9ho \u0159et\u00edzku tou nejlep\u0161\u00ed volbou?<\/span><\/h2>\n<p data-sourcepos=\"9:1-9:688\">V prvn\u00ed \u0159ad\u011b, toto veden\u00ed \u0159et\u00edzku je naprosto kl\u00ed\u010dov\u00e9 pro spr\u00e1vn\u00e9 ovl\u00e1d\u00e1n\u00ed \u017ealuzi\u00ed BASIC. Konkr\u00e9tn\u011b zaji\u0161\u0165uje p\u0159esn\u00e9 a stabiln\u00ed veden\u00ed kuli\u010dkov\u00e9ho \u0159et\u00edzku. T\u00edm p\u00e1dem eliminuje nep\u0159\u00edjemn\u00e9 zadrh\u00e1v\u00e1n\u00ed a p\u0159eskakov\u00e1n\u00ed. D\u00edky n\u011bmu se spolehliv\u011b zbav\u00edte probl\u00e9m\u016f s opot\u0159ebovan\u00fdm veden\u00edm. V\u00fdsledkem je, \u017ee ovl\u00e1d\u00e1n\u00ed va\u0161ich \u017ealuzi\u00ed bude op\u011bt hladk\u00e9, lehk\u00e9 a p\u0159esn\u00e9, p\u0159esn\u011b jako u nov\u00fdch \u017ealuzi\u00ed. Krom\u011b toho pou\u017e\u00edv\u00e1me pouze kvalitn\u00ed materi\u00e1ly a db\u00e1me na precizn\u00ed v\u00fdrobu. Pr\u00e1v\u011b to zaru\u010duje opravdu dlouhou \u017eivotnost a vysokou odolnost v\u016f\u010di b\u011b\u017en\u00e9mu opot\u0159eben\u00ed. Proto je veden\u00ed \u0159et\u00edzku investice, kter\u00e1 se v\u00e1m z dlouhodob\u00e9ho hlediska opravdu vyplat\u00ed.       <\/p>\n<h2 data-sourcepos=\"11:1-11:80\"><strong><span style=\"font-size: 80%;\">Pod\u00edvejme se na hlavn\u00ed vlastnosti a v\u00fdhody veden\u00ed \u0159et\u00edzku pro \u017ealuzie BASIC:<\/span><\/strong><\/h2>\n<ul data-sourcepos=\"13:1-19:0\">\n<li data-sourcepos=\"13:1-13:258\">V prvn\u00ed \u0159ad\u011b, je ur\u010deno pro syst\u00e9m \u017ealuzi\u00ed BASIC: Toto veden\u00ed navr\u017eeno skute\u010dn\u011b speci\u00e1ln\u011b pro<strong> \u017ealuzie BASIC<\/strong>. Proto zaru\u010duje perfektn\u00ed kompatibilitu a optim\u00e1ln\u00ed funk\u010dnost. N\u00e1sledn\u011b mont\u00e1\u017e prob\u011bhne rychle a bez jak\u00fdchkoli probl\u00e9m\u016f.  <\/li>\n<li data-sourcepos=\"14:1-14:345\">D\u00e1le, kole\u010dko kuli\u010dkov\u00e9ho \u0159et\u00edzku je p\u0159esn\u011b tvarov\u00e1no pro <strong>trojhrann\u00fd h\u0159\u00eddel: <\/strong>D\u00edky tomu m\u00e1 kole\u010dko p\u0159esn\u00fd tvar pro trojhrann\u00fd h\u0159\u00eddel. T\u00edm p\u00e1dem zaji\u0161\u0165uje bezprobl\u00e9mov\u00fd p\u0159enos pohybu. N\u00e1sledn\u011b m\u016f\u017eete ovl\u00e1dat lamely \u017ealuzi\u00ed opravdu spolehliv\u011b. A v kone\u010dn\u00e9m d\u016fsledku si nastav\u00edte sv\u011btlo a st\u00edn\u011bn\u00ed plynule a p\u0159esn\u011b.   <\/li>\n<li data-sourcepos=\"15:1-15:298\">A co je d\u016fle\u017eit\u00e9, <strong>dostanete kompletn\u00ed balen\u00ed <\/strong>\u2013 <strong>veden\u00ed a kole\u010dko<\/strong>: V praktick\u00e9m balen\u00ed toti\u017e naleznete veden\u00ed \u0159et\u00edzku i kole\u010dko kuli\u010dkov\u00e9ho \u0159et\u00edzku. Proto bude v\u00fdm\u011bna opravdu jednoduch\u00e1 a funk\u010dnost kompletn\u00ed. U\u017e nemus\u00edte slo\u017eit\u011b hledat a dokupovat \u017e\u00e1dn\u00e9 dal\u0161\u00ed komponenty.  <\/li>\n<li data-sourcepos=\"16:1-16:327\">Krom\u011b toho, robustn\u00ed a odoln\u00e1 konstrukce je samoz\u0159ejmost\u00ed: Veden\u00ed \u0159et\u00edzku toti\u017e vyr\u00e1b\u00edme z opravdu kvalitn\u00edch a vysoce odoln\u00fdch materi\u00e1l\u016f. Ty n\u00e1sledn\u011b zaru\u010duj\u00ed dlouhou \u017eivotnost a v\u00fdbornou odolnost v\u016f\u010di opot\u0159eben\u00ed a mechanick\u00e9mu nam\u00e1h\u00e1n\u00ed. Proto se m\u016f\u017eete na jeho funkci spolehnout na opravdu dlouh\u00e1 l\u00e9ta.  <\/li>\n<li data-sourcepos=\"17:1-17:284\">Nav\u00edc, mont\u00e1\u017e a v\u00fdm\u011bna jsou opravdu jednoduch\u00e9: Veden\u00ed \u0159et\u00edzku je navr\u017eeno tak, aby mont\u00e1\u017e i v\u00fdm\u011bna byly maxim\u00e1ln\u011b jednoduch\u00e9. D\u00edky tomu je zvl\u00e1dnete sami se zcela b\u011b\u017en\u00fdm n\u00e1\u0159ad\u00edm. A v kone\u010dn\u00e9m d\u016fsledku u\u0161et\u0159ete \u010das i pen\u00edze za p\u0159\u00edpadn\u00e9ho mont\u00e1\u017en\u00edka.  <\/li>\n<li data-sourcepos=\"18:1-19:0\">V neposledn\u00ed \u0159ad\u011b z\u00edsk\u00e1te komfortn\u011bj\u0161\u00ed ovl\u00e1d\u00e1n\u00ed \u017ealuzi\u00ed: D\u00edky tomuto nov\u00e9mu veden\u00ed \u0159et\u00edzku budete ovl\u00e1dat \u017ealuzie opravdu snadno, plynule a p\u0159esn\u011b. Proto si u\u017e\u00edvejte maxim\u00e1ln\u00edho komfortu p\u0159i regulaci sv\u011btla a st\u00edn\u011bn\u00ed. <\/li>\n<\/ul>\n<p data-sourcepos=\"20:1-20:44\"><strong>Technick\u00e9 specifikace veden\u00ed \u0159et\u00edzku:<\/strong><\/p>\n<ul data-sourcepos=\"22:1-27:0\">\n<li data-sourcepos=\"22:1-22:39\"><strong>Prim\u00e1rn\u00ed ur\u010den\u00ed: <\/strong>\u017daluzie BASIC<\/li>\n<li data-sourcepos=\"23:1-23:47\">Kompatibiln\u00ed syst\u00e9m:<strong> Kuli\u010dkov\u00fd \u0159et\u00edzek<\/strong><\/li>\n<li data-sourcepos=\"24:1-24:56\"><strong>Kole\u010dko \u0159et\u00edzku: <\/strong>P\u0159esn\u011b pro trojhrann\u00fd h\u0159\u00eddel<\/li>\n<li data-sourcepos=\"25:1-25:84\"><strong>Pou\u017eit\u00fd materi\u00e1l:<\/strong> Kvalitn\u00ed a odoln\u00fd plast<\/li>\n<li data-sourcepos=\"26:1-27:0\"><strong>Obsah balen\u00ed:<\/strong> Veden\u00ed \u0159et\u00edzku, kole\u010dko kuli\u010dkov\u00e9ho \u0159et\u00edzku<\/li>\n<\/ul>\n<p data-sourcepos=\"28:1-28:276\"><strong>Dop\u0159ejte si skute\u010dn\u00fd komfort a maxim\u00e1ln\u00ed spolehlivost!<\/strong> <strong>Objednejte si veden\u00ed \u0159et\u00edzku s kole\u010dkem kuli\u010dkov\u00e9ho \u0159et\u00edzku je\u0161t\u011b dnes!<\/strong> <strong>Za\u010dn\u011bte si u\u017e\u00edvat plynul\u00fd chod a bezprobl\u00e9mov\u00e9 fungov\u00e1n\u00ed va\u0161ich \u017ealuzi\u00ed!<\/strong> <strong>A pam\u00e4tajte, invest\u00edcia do kvality sa v\u00e1m v\u017edy oplat\u00ed!<\/strong><\/p>\n","protected":false},"excerpt":{"rendered":"<h2 data-sourcepos=\"3:1-3:70\">Veden\u00ed kuli\u010dkov\u00e9ho \u0159et\u00edzku s kole\u010dkem &#8211; \u017daluzie BASIC ovl\u00e1dejte s lehkost\u00ed!<\/h2>\n<p data-sourcepos=\"5:1-5:297\"><strong>Zajist\u011bte plynul\u00fd chod \u017ealuzi\u00ed BASIC!<\/strong> Toto <strong>veden\u00ed \u0159et\u00edzku s kole\u010dkem kuli\u010dkov\u00e9ho \u0159et\u00edzku<\/strong> je <strong>ur\u010deno p\u0159\u00edmo pro syst\u00e9m BASIC.<\/strong> <strong>Kole\u010dko pro trojhrann\u00fd h\u0159\u00eddel <\/strong>zaru\u010duje<strong> spolehliv\u00e9 ovl\u00e1d\u00e1n\u00ed lamel<\/strong>. <strong>Jednoduch\u00e1 v\u00fdm\u011bna <\/strong>a <strong>kvalitn\u00ed materi\u00e1ly<\/strong> prodlu\u017euj\u00ed \u017eivotnost mechanismu.<\/p>\n<p data-sourcepos=\"7:1-7:11\"><strong>V\u00fdhody:<\/strong><\/p>\n<ul data-sourcepos=\"9:1-14:0\">\n<li data-sourcepos=\"9:1-9:25\"><strong>Pro \u017ealuzie BASIC<\/strong><\/li>\n<li data-sourcepos=\"10:1-10:28\"><strong>Hladk\u00fd chod \u0159et\u00edzku<\/strong><\/li>\n<li data-sourcepos=\"11:1-11:39\"><strong>Kole\u010dko pro trojhrann\u00fd h\u0159\u00eddel<\/strong><\/li>\n<li data-sourcepos=\"12:1-12:25\"><strong>Jednoduch\u00e1 mont\u00e1\u017e<\/strong><\/li>\n<li data-sourcepos=\"13:1-14:0\"><strong>Odoln\u00e9 materi\u00e1ly<\/strong><\/li>\n<\/ul>\n<p data-sourcepos=\"15:1-15:46\"><strong>Zlep\u0161ete ovl\u00e1d\u00e1n\u00ed va\u0161ich \u017ealuzi\u00ed ji\u017e dnes!<\/strong><\/p>\n","protected":false},"featured_media":20876,"comment_status":"open","ping_status":"closed","template":"","meta":[],"product_cat":[132,139],"product_tag":[],"_links":{"self":[{"href":"https:\/\/www.brikol.sk\/cs\/wp-json\/wp\/v2\/product\/18474"}],"collection":[{"href":"https:\/\/www.brikol.sk\/cs\/wp-json\/wp\/v2\/product"}],"about":[{"href":"https:\/\/www.brikol.sk\/cs\/wp-json\/wp\/v2\/types\/product"}],"replies":[{"embeddable":true,"href":"https:\/\/www.brikol.sk\/cs\/wp-json\/wp\/v2\/comments?post=18474"}],"wp:featuredmedia":[{"embeddable":true,"href":"https:\/\/www.brikol.sk\/cs\/wp-json\/wp\/v2\/media\/20876"}],"wp:attachment":[{"href":"https:\/\/www.brikol.sk\/cs\/wp-json\/wp\/v2\/media?parent=18474"}],"wp:term":[{"taxonomy":"product_cat","embeddable":true,"href":"https:\/\/www.brikol.sk\/cs\/wp-json\/wp\/v2\/product_cat?post=18474"},{"taxonomy":"product_tag","embeddable":true,"href":"https:\/\/www.brikol.sk\/cs\/wp-json\/wp\/v2\/product_tag?post=18474"}],"curies":[{"name":"wp","href":"https:\/\/api.w.org\/{rel}","templated":true}]}}