{"id":18488,"date":"2018-07-02T15:49:19","date_gmt":"2018-07-02T13:49:19","guid":{"rendered":"https:\/\/www.brikol.sk\/produkt\/zakladni-bocni-krytky-systemu-k-par\/"},"modified":"2018-07-02T15:49:19","modified_gmt":"2018-07-02T13:49:19","slug":"zakladni-bocni-krytky-systemu-k-par","status":"publish","type":"product","link":"https:\/\/www.brikol.sk\/cs\/produkt\/zakladni-bocni-krytky-systemu-k-par\/","title":{"rendered":"Z\u00e1kladn\u00ed bo\u010dn\u00ed krytky syst\u00e9mu K \/ p\u00e1r"},"content":{"rendered":"<p>Bo\u010dn\u00ed krytky pro horizont\u00e1ln\u00ed \u017ealuzie K-System a WO und WO<\/p>\n","protected":false},"excerpt":{"rendered":"<p>Bo\u010dn\u00ed krytky pro horizont\u00e1ln\u00ed \u017ealuzie K-System a WO und WO<\/p>\n","protected":false},"featured_media":13552,"comment_status":"open","ping_status":"closed","template":"","meta":[],"product_cat":[132,139],"product_tag":[],"_links":{"self":[{"href":"https:\/\/www.brikol.sk\/cs\/wp-json\/wp\/v2\/product\/18488"}],"collection":[{"href":"https:\/\/www.brikol.sk\/cs\/wp-json\/wp\/v2\/product"}],"about":[{"href":"https:\/\/www.brikol.sk\/cs\/wp-json\/wp\/v2\/types\/product"}],"replies":[{"embeddable":true,"href":"https:\/\/www.brikol.sk\/cs\/wp-json\/wp\/v2\/comments?post=18488"}],"wp:featuredmedia":[{"embeddable":true,"href":"https:\/\/www.brikol.sk\/cs\/wp-json\/wp\/v2\/media\/13552"}],"wp:attachment":[{"href":"https:\/\/www.brikol.sk\/cs\/wp-json\/wp\/v2\/media?parent=18488"}],"wp:term":[{"taxonomy":"product_cat","embeddable":true,"href":"https:\/\/www.brikol.sk\/cs\/wp-json\/wp\/v2\/product_cat?post=18488"},{"taxonomy":"product_tag","embeddable":true,"href":"https:\/\/www.brikol.sk\/cs\/wp-json\/wp\/v2\/product_tag?post=18488"}],"curies":[{"name":"wp","href":"https:\/\/api.w.org\/{rel}","templated":true}]}}