{"id":18494,"date":"2018-01-17T17:46:47","date_gmt":"2018-01-17T16:46:47","guid":{"rendered":"https:\/\/www.brikol.sk\/produkt\/sada-pro-udrzbu-laminovanych-oken-ks\/"},"modified":"2026-01-13T14:01:36","modified_gmt":"2026-01-13T13:01:36","slug":"sada-pro-udrzbu-laminovanych-oken-ks","status":"publish","type":"product","link":"https:\/\/www.brikol.sk\/cs\/produkt\/sada-pro-udrzbu-laminovanych-oken-ks\/","title":{"rendered":"Sada pro \u00fadr\u017ebu laminovan\u00fdch oken \/ ks"},"content":{"rendered":"<p>V na\u0161\u00ed sad\u011b pro \u00fadr\u017ebu vitr\u00e1\u017e\u00ed najdete v\u0161e, co pot\u0159ebujete k \u010di\u0161t\u011bn\u00ed oken a n\u00e1sledn\u00e9 \u00fadr\u017eb\u011b t\u011bsn\u011bn\u00ed a kov\u00e1n\u00ed. Sou\u010d\u00e1st\u00ed balen\u00ed je n\u00e1vod, kter\u00fd v\u00e1s pou\u010d\u00ed o spr\u00e1vn\u00e9 \u00fadr\u017eb\u011b okna.<\/p>\n","protected":false},"excerpt":{"rendered":"<p>V na\u0161\u00ed sad\u011b pro \u00fadr\u017ebu oken najdete v\u0161e, co pot\u0159ebujete k \u010di\u0161t\u011bn\u00ed oken a n\u00e1sledn\u00e9 \u00fadr\u017eb\u011b t\u011bsn\u011bn\u00ed a kov\u00e1n\u00ed. Sou\u010d\u00e1st\u00ed balen\u00ed je n\u00e1vod, kter\u00fd v\u00e1s pou\u010d\u00ed o spr\u00e1vn\u00e9 \u00fadr\u017eb\u011b okna.<br \/>\nObsah balen\u00ed:<br \/>\n1 x \u010disti\u010d r\u00e1mu s had\u0159\u00edkem<br \/>\n1 x olej pro kov\u00e1n\u00ed<br \/>\n3 x olejem napu\u0161t\u011bn\u00e1 t\u011bsnic\u00ed houba<\/p>\n","protected":false},"featured_media":10817,"comment_status":"closed","ping_status":"closed","template":"","meta":[],"product_cat":[136,222],"product_tag":[],"_links":{"self":[{"href":"https:\/\/www.brikol.sk\/cs\/wp-json\/wp\/v2\/product\/18494"}],"collection":[{"href":"https:\/\/www.brikol.sk\/cs\/wp-json\/wp\/v2\/product"}],"about":[{"href":"https:\/\/www.brikol.sk\/cs\/wp-json\/wp\/v2\/types\/product"}],"replies":[{"embeddable":true,"href":"https:\/\/www.brikol.sk\/cs\/wp-json\/wp\/v2\/comments?post=18494"}],"wp:featuredmedia":[{"embeddable":true,"href":"https:\/\/www.brikol.sk\/cs\/wp-json\/wp\/v2\/media\/10817"}],"wp:attachment":[{"href":"https:\/\/www.brikol.sk\/cs\/wp-json\/wp\/v2\/media?parent=18494"}],"wp:term":[{"taxonomy":"product_cat","embeddable":true,"href":"https:\/\/www.brikol.sk\/cs\/wp-json\/wp\/v2\/product_cat?post=18494"},{"taxonomy":"product_tag","embeddable":true,"href":"https:\/\/www.brikol.sk\/cs\/wp-json\/wp\/v2\/product_tag?post=18494"}],"curies":[{"name":"wp","href":"https:\/\/api.w.org\/{rel}","templated":true}]}}