{"id":18495,"date":"2018-01-17T17:46:47","date_gmt":"2018-01-17T16:46:47","guid":{"rendered":"https:\/\/www.brikol.sk\/produkt\/bezpecnostni-uzamykatelna-okenni-klika-ks\/"},"modified":"2026-01-13T14:01:55","modified_gmt":"2026-01-13T13:01:55","slug":"bezpecnostni-uzamykatelna-okenni-klika-ks","status":"publish","type":"product","link":"https:\/\/www.brikol.sk\/cs\/produkt\/bezpecnostni-uzamykatelna-okenni-klika-ks\/","title":{"rendered":"Bezpe\u010dnostn\u00ed uzamykateln\u00e1 okenn\u00ed klika \/ ks"},"content":{"rendered":"<div id=\"uzamykatelna-klucka\">\n<p>Uzamykateln\u00e1 rukoje\u0165 je vhodn\u00fdm \u0159e\u0161en\u00edm pro mal\u00e9 d\u011bti a p\u0159i p\u00e9\u010di o seniory. <strong>P\u0159edch\u00e1zejte nebezpe\u010dn\u00fdm nehod\u00e1m a zvy\u0161te bezpe\u010dnost ve sv\u00e9 dom\u00e1cnosti <\/strong>pomoc\u00ed <strong>bezpe\u010dnostn\u00ed okenn\u00ed kliky se z\u00e1mkem. <\/strong>Okno m\u016f\u017eete uzamknout v zav\u0159en\u00e9 nebo sklopen\u00e9 poloze a va\u0161e d\u00edt\u011b z okna nevypadne.<\/p>\n<p><strong>Slou\u017e\u00ed jako nejbezpe\u010dn\u011bj\u0161\u00ed d\u011btsk\u00e1 pojistka.<\/strong> M\u016f\u017eete je tak\u00e9 pou\u017e\u00edt jako bezpe\u010dnostn\u00ed za\u0159\u00edzen\u00ed proti ne\u017e\u00e1douc\u00edmu otev\u0159en\u00ed oken nebo balkonov\u00fdch dve\u0159\u00ed na chodb\u00e1ch, nap\u0159\u00edklad ve \u0161kol\u00e1ch, \u0161kolk\u00e1ch, ordinac\u00edch, domovech d\u016fchodc\u016f.<\/p>\n<p>Od t\u00e9to chv\u00edle se nemus\u00edte ob\u00e1vat, \u017ee by d\u00edt\u011b ve va\u0161\u00ed nep\u0159\u00edtomnosti otev\u0159elo okna nebo balkonov\u00e9 dve\u0159e a zp\u016fsobilo nep\u0159\u00edjemnou nehodu. <strong>Po zav\u0159en\u00ed okna sta\u010d\u00ed stisknout pojistku a okno se bezpe\u010dn\u011b zav\u0159e.<\/strong> Pro jeho op\u011btovn\u00e9 otev\u0159en\u00ed je nutn\u00e9 pou\u017e\u00edt kl\u00ed\u010d.<\/p>\n<p>Rukoje\u0165 je univerz\u00e1ln\u00ed pro r\u016fzn\u00e9 profily, rozm\u011br \u010dtverce je 35\/7 mm.<\/p>\n<p><span style=\"color: #ff0000;\"><strong>Pokyny pro v\u00fdm\u011bnu rukojeti<\/strong><\/span><\/p>\n<p><a href=\"https:\/\/www.brikol.sk\/wp-content\/uploads\/2023\/03\/Vymena-okennej-klucky.pdf\">V\u00fdm\u011bna okenn\u00edch klik<\/a><\/p>\n<\/div>\n","protected":false},"excerpt":{"rendered":"<p>Uzamykateln\u00e1 rukoje\u0165 je vhodn\u00fdm \u0159e\u0161en\u00edm pro mal\u00e9 d\u011bti a p\u0159i p\u00e9\u010di o seniory. <strong>P\u0159edejd\u011bte nebezpe\u010dn\u00fdm nehod\u00e1m a zvy\u0161te bezpe\u010dnost ve sv\u00e9 dom\u00e1cnosti <\/strong>pomoc\u00ed&#8230; <a href=\"#uzamykatelna-klucka\"><span style=\"text-decoration: underline;\"><strong><span style=\"color: #0000ff; text-decoration: underline;\">V\u00edce v popisu<\/span><\/strong><\/span><\/a><\/p>\n<p>&nbsp;<\/p>\n","protected":false},"featured_media":10617,"comment_status":"closed","ping_status":"closed","template":"","meta":[],"product_cat":[153,128,224],"product_tag":[],"_links":{"self":[{"href":"https:\/\/www.brikol.sk\/cs\/wp-json\/wp\/v2\/product\/18495"}],"collection":[{"href":"https:\/\/www.brikol.sk\/cs\/wp-json\/wp\/v2\/product"}],"about":[{"href":"https:\/\/www.brikol.sk\/cs\/wp-json\/wp\/v2\/types\/product"}],"replies":[{"embeddable":true,"href":"https:\/\/www.brikol.sk\/cs\/wp-json\/wp\/v2\/comments?post=18495"}],"wp:featuredmedia":[{"embeddable":true,"href":"https:\/\/www.brikol.sk\/cs\/wp-json\/wp\/v2\/media\/10617"}],"wp:attachment":[{"href":"https:\/\/www.brikol.sk\/cs\/wp-json\/wp\/v2\/media?parent=18495"}],"wp:term":[{"taxonomy":"product_cat","embeddable":true,"href":"https:\/\/www.brikol.sk\/cs\/wp-json\/wp\/v2\/product_cat?post=18495"},{"taxonomy":"product_tag","embeddable":true,"href":"https:\/\/www.brikol.sk\/cs\/wp-json\/wp\/v2\/product_tag?post=18495"}],"curies":[{"name":"wp","href":"https:\/\/api.w.org\/{rel}","templated":true}]}}