{"id":18500,"date":"2018-01-17T17:46:41","date_gmt":"2018-01-17T16:46:41","guid":{"rendered":"https:\/\/www.brikol.sk\/produkt\/kryty-pantu-roto-pro-plastova-okna-sada\/"},"modified":"2026-01-16T13:05:48","modified_gmt":"2026-01-16T12:05:48","slug":"kryty-pantu-roto-pro-plastova-okna-sada","status":"publish","type":"product","link":"https:\/\/www.brikol.sk\/cs\/produkt\/kryty-pantu-roto-pro-plastova-okna-sada\/","title":{"rendered":"Krytky pant\u016f ROTO NT pro plastov\u00e1 okna\/sada"},"content":{"rendered":"<p data-sourcepos=\"3:1-3:88\"><span style=\"font-size: 115%;\"><strong>Krytky pant\u016f ROTO NT pro plastov\u00e1 okna: Dokonal\u00e1 estetika a funk\u010dnost pro va\u0161e okna<\/strong><\/span><\/p>\n<p data-sourcepos=\"5:1-5:450\">H\u013ead\u00e1te ide\u00e1lne rie\u0161enie pre vylep\u0161enie vzh\u013eadu a funk\u010dnosti va\u0161ich plastov\u00fdch okien s kovan\u00edm ROTO NT? U n\u00e1s n\u00e1jdete presne to, \u010do potrebujete! Krytky p\u00e1ntov ROTO NT nielen\u017ee skr\u00e1\u0161lia va\u0161e okn\u00e1, ale im aj zabezpe\u010dia dlh\u0161iu \u017eivotnos\u0165. V na\u0161om e-shope pon\u00fakame \u0161irok\u00fd v\u00fdber krytiek p\u00e1ntov ROTO NT v r\u00f4znych farb\u00e1ch a prevedeniach, tak\u017ee si m\u00f4\u017eete vybra\u0165 tie, ktor\u00e9 dokonale doplnia vzh\u013ead va\u0161ich okien a splnia va\u0161e po\u017eiadavky na funk\u010dnos\u0165 a estetiku.<\/p>\n<h2 data-sourcepos=\"7:1-7:42\"><span style=\"font-size: 75%;\"><strong>Pro\u010d si vybrat krytky pant\u016f ROTO NT?<\/strong><\/span><\/h2>\n<ul data-sourcepos=\"9:1-18:0\">\n<li data-sourcepos=\"9:1-9:167\">\n<strong>Precizn\u00ed proveden\u00ed:<\/strong>Jsou navr\u017eeny speci\u00e1ln\u011b pro plastov\u00e1 okna s kov\u00e1n\u00edm ROTO NT. D\u00edky tomu je snadno osad\u00edte a budou spolehliv\u011b fungovat.<\/li>\n<li data-sourcepos=\"10:1-10:178\"><strong>Estetick\u00fd vzhled<\/strong>: Krytky pant\u016f elegantn\u011b zakryj\u00ed nevzhledn\u00e9 panty a dodaj\u00ed va\u0161im okn\u016fm \u010dist\u00fd a modern\u00ed vzhled. Vyberete si ze t\u0159\u00ed barev: b\u00edl\u00e1, bronzov\u00e1 a tmav\u011b hn\u011bd\u00e1.<\/li>\n<li data-sourcepos=\"11:1-11:179\"><strong>Jednoduch\u00e1 mont\u00e1\u017e<\/strong>: Krytky namontujete jednoducho a r\u00fdchlo, bez potreby \u0161peci\u00e1lneho n\u00e1radia. Mont\u00e1\u017e zvl\u00e1dnete sami, u\u0161etr\u00edte tak \u010das aj peniaze za odborn\u00edka.<\/li>\n<li data-sourcepos=\"12:1-12:175\"><strong>Spolehliv\u00e1 ochrana<\/strong>: Krytky pant\u016f ochr\u00e1n\u00ed panty p\u0159ed prachem, ne\u010distotami a pov\u011btrnostn\u00edmi vlivy. Prodlou\u017e\u00edte tak jejich \u017eivotnost a zajist\u00edte jejich dlouhodobou funk\u010dnost.<\/li>\n<li data-sourcepos=\"13:1-13:196\"><strong>Vysok\u00e1 kvalita materi\u00e1lu:<\/strong> Vyrobeny jsou z kvalitn\u00edch materi\u00e1l\u016f, kter\u00e9 odol\u00e1vaj\u00ed UV z\u00e1\u0159en\u00ed a pov\u011btrnostn\u00edm vliv\u016fm. D\u00edky tomu si dlouho zachovaj\u00ed sv\u016fj vzhled a barvu.<\/li>\n<li data-sourcepos=\"14:1-14:235\"><strong>Bohat\u00fd v\u00fdb\u011br:<\/strong> V na\u0161em e-shopu naleznete \u0161irokou \u0161k\u00e1lu krytek v r\u016fzn\u00fdch barv\u00e1ch a proveden\u00edch. Vyberete si u n\u00e1s krytky, kter\u00e9 dokonale dopln\u00ed vzhled va\u0161ich oken a spln\u00ed va\u0161e po\u017eadavky na funk\u010dnost a estetiku.<\/li>\n<li data-sourcepos=\"15:1-15:125\"><strong>V\u00fdhodn\u00e9 ceny:<\/strong> Nab\u00edz\u00edme krytky pant\u016f za konkurenceschopn\u00e9 ceny. U n\u00e1s naleznete nejlep\u0161\u00ed pom\u011br ceny a kvality.<\/li>\n<li data-sourcepos=\"16:1-16:93\"><strong>Expresn\u00ed doru\u010den\u00ed:<\/strong> Objednan\u00e9 krytky v\u00e1m doru\u010d\u00edme rychle a spolehliv\u011b.<\/li>\n<li data-sourcepos=\"17:1-18:0\"><strong>Profesion\u00e1ln\u00ed poradenstv\u00ed: <\/strong>V p\u0159\u00edpad\u011b jak\u00fdchkoli ot\u00e1zek v\u00e1m r\u00e1di porad\u00edme a pom\u016f\u017eeme s v\u00fdb\u011brem spr\u00e1vn\u00fdch krytek pro va\u0161e okna.<\/li>\n<\/ul>\n<p data-sourcepos=\"19:1-19:35\"><strong>Rozm\u011bry krytek pant\u016f :<\/strong><\/p>\n<ul data-sourcepos=\"21:1-26:0\">\n<li data-sourcepos=\"21:1-21:66\"><strong>D\u00e9lka vrchn\u00ed krytky<\/strong> r\u00e1mov\u00e9ho lo\u017eiska: 90 mm, rozte\u010d 41 mm<\/li>\n<li data-sourcepos=\"22:1-22:55\"><strong>\u0160\u00ed\u0159ka vrchn\u00ed krytky<\/strong> k\u0159\u00eddlov\u00e9ho \u00faheln\u00edku: 40 mm<\/li>\n<li data-sourcepos=\"23:1-23:50\"><strong>V\u00fd\u0161ka spodn\u00ed krytky<\/strong> r\u00e1mov\u00e9ho d\u00edlu: 68 mm<\/li>\n<li data-sourcepos=\"24:1-24:58\"><strong>Velikost mal\u00e9 spodn\u00ed<\/strong> krytky r\u00e1mov\u00e9ho d\u00edlu: 25 mm<\/li>\n<li data-sourcepos=\"25:1-26:0\"><strong>Hloubka spodn\u00ed krytky<\/strong> k\u0159\u00eddlov\u00e9ho d\u00edlu: 88 mm<\/li>\n<\/ul>\n<p data-sourcepos=\"27:1-27:89\"><strong>Objednejte si krytky pant\u016f ROTO NT je\u0161t\u011b dnes a dodejte sv\u00fdm okn\u016fm dokonal\u00fd vzhled!<\/strong><\/p>\n<p data-sourcepos=\"29:1-29:193\">V na\u0161em e-shopu naleznete nejen krytky pant\u016f ROTO NT, ale tak\u00e9 dal\u0161\u00ed p\u0159\u00edslu\u0161enstv\u00ed pro va\u0161e okna, jako nap\u0159\u00edklad kliky, s\u00ed\u0165ky proti hmyzu, \u017ealuzie a rolety. V\u0161e pro va\u0161e pohodl\u00ed a bezpe\u010d\u00ed.<\/p>\n","protected":false},"excerpt":{"rendered":"<p>Sada krytek pant\u016f je ur\u010dena pro kov\u00e1n\u00ed ROTO NT na plastov\u00e1 okna. Kryty z\u00e1v\u011bs\u016f ROTO jsou vyrobeny z plastu s dlouhou \u017eivotnost\u00ed. Krytky pant\u016f jsou ur\u010deny pro plastov\u00e1 okna a jejich instalace je snadn\u00e1, sta\u010d\u00ed je nasadit na panty.<\/p>\n","protected":false},"featured_media":15667,"comment_status":"closed","ping_status":"closed","template":"","meta":[],"product_cat":[136,221,147,222],"product_tag":[],"_links":{"self":[{"href":"https:\/\/www.brikol.sk\/cs\/wp-json\/wp\/v2\/product\/18500"}],"collection":[{"href":"https:\/\/www.brikol.sk\/cs\/wp-json\/wp\/v2\/product"}],"about":[{"href":"https:\/\/www.brikol.sk\/cs\/wp-json\/wp\/v2\/types\/product"}],"replies":[{"embeddable":true,"href":"https:\/\/www.brikol.sk\/cs\/wp-json\/wp\/v2\/comments?post=18500"}],"wp:featuredmedia":[{"embeddable":true,"href":"https:\/\/www.brikol.sk\/cs\/wp-json\/wp\/v2\/media\/15667"}],"wp:attachment":[{"href":"https:\/\/www.brikol.sk\/cs\/wp-json\/wp\/v2\/media?parent=18500"}],"wp:term":[{"taxonomy":"product_cat","embeddable":true,"href":"https:\/\/www.brikol.sk\/cs\/wp-json\/wp\/v2\/product_cat?post=18500"},{"taxonomy":"product_tag","embeddable":true,"href":"https:\/\/www.brikol.sk\/cs\/wp-json\/wp\/v2\/product_tag?post=18500"}],"curies":[{"name":"wp","href":"https:\/\/api.w.org\/{rel}","templated":true}]}}