{"id":18507,"date":"2018-01-17T17:46:41","date_gmt":"2018-01-17T16:46:41","guid":{"rendered":"https:\/\/www.brikol.sk\/produkt\/kulova-snurova-spojka-velka-ks\/"},"modified":"2018-01-17T17:46:41","modified_gmt":"2018-01-17T16:46:41","slug":"kulova-snurova-spojka-velka-ks","status":"publish","type":"product","link":"https:\/\/www.brikol.sk\/cs\/produkt\/kulova-snurova-spojka-velka-ks\/","title":{"rendered":"Kulov\u00e1 \u0161\u0148\u016frov\u00e1 spojka velk\u00e1 \/ ks"},"content":{"rendered":"<p>Kulov\u00fd konektor \u0161\u0148\u016fry je vhodn\u00fd pro vertik\u00e1ln\u00ed i horizont\u00e1ln\u00ed \u017ealuzie. <span style=\"text-decoration: underline;\"><strong>s<a href=\"https:\/\/www.brikol.sk\/produkt\/gulickova-snura-retiazka-42-mm-m\/\">\u0159et\u00edzkem o pr\u016fm\u011bru 4,2 mm<\/a> i s <a href=\"https:\/\/www.brikol.sk\/produkt\/gulickova-snura-retiazka-na-zaluzie-nahradne-diely-na-zaluzie\/\">\u0159et\u00edzkem o pr\u016fm\u011bru 3,2 mm.<\/a><br \/>\n<\/strong><\/span><\/p>\n<p>Konce kuli\u010dkov\u00e9ho \u0159et\u011bzu se jednodu\u0161e zasunou proti sob\u011b do dr\u00e1\u017eek spojky a uzav\u0159ou se. Spojka zapadne na m\u00edsto a velmi pevn\u011b dr\u017e\u00ed konce kuli\u010dkov\u00e9ho \u0159et\u00edzku.<\/p>\n<p>&nbsp;<\/p>\n<p>&nbsp;<\/p>\n","protected":false},"excerpt":{"rendered":"<p>Kulov\u00fd konektor je vhodn\u00fd pro vertik\u00e1ln\u00ed i horizont\u00e1ln\u00ed \u017ealuzie s <strong><a href=\"https:\/\/www.brikol.sk\/produkt\/gulickova-snura-retiazka-42-mm-m\/\">retiazkou s priemerom 4,2 mm<\/a> aj <a href=\"https:\/\/www.brikol.sk\/produkt\/gulickova-snura-retiazka-na-zaluzie-nahradne-diely-na-zaluzie\/\">retiazkou s priemerom 3,2 mm.<\/a><br \/>\n<\/strong><\/p>\n","protected":false},"featured_media":24908,"comment_status":"closed","ping_status":"closed","template":"","meta":[],"product_cat":[132,140,137,138,139,133,141,148],"product_tag":[],"_links":{"self":[{"href":"https:\/\/www.brikol.sk\/cs\/wp-json\/wp\/v2\/product\/18507"}],"collection":[{"href":"https:\/\/www.brikol.sk\/cs\/wp-json\/wp\/v2\/product"}],"about":[{"href":"https:\/\/www.brikol.sk\/cs\/wp-json\/wp\/v2\/types\/product"}],"replies":[{"embeddable":true,"href":"https:\/\/www.brikol.sk\/cs\/wp-json\/wp\/v2\/comments?post=18507"}],"wp:featuredmedia":[{"embeddable":true,"href":"https:\/\/www.brikol.sk\/cs\/wp-json\/wp\/v2\/media\/24908"}],"wp:attachment":[{"href":"https:\/\/www.brikol.sk\/cs\/wp-json\/wp\/v2\/media?parent=18507"}],"wp:term":[{"taxonomy":"product_cat","embeddable":true,"href":"https:\/\/www.brikol.sk\/cs\/wp-json\/wp\/v2\/product_cat?post=18507"},{"taxonomy":"product_tag","embeddable":true,"href":"https:\/\/www.brikol.sk\/cs\/wp-json\/wp\/v2\/product_tag?post=18507"}],"curies":[{"name":"wp","href":"https:\/\/api.w.org\/{rel}","templated":true}]}}