{"id":18512,"date":"2018-01-17T17:46:41","date_gmt":"2018-01-17T16:46:41","guid":{"rendered":"https:\/\/www.brikol.sk\/produkt\/detsky-bezpecnostni-zamek-na-okno-bily-ks\/"},"modified":"2018-01-17T17:46:41","modified_gmt":"2018-01-17T16:46:41","slug":"detsky-bezpecnostni-zamek-na-okno-bily-ks","status":"publish","type":"product","link":"https:\/\/www.brikol.sk\/cs\/produkt\/detsky-bezpecnostni-zamek-na-okno-bily-ks\/","title":{"rendered":"D\u011btsk\u00fd bezpe\u010dnostn\u00ed z\u00e1mek na okno b\u00edl\u00fd \/ ks"},"content":{"rendered":"<p>D\u011btsk\u00fd z\u00e1mek okna lze uzamknout a v uzam\u010den\u00e9m stavu lze okno otev\u0159\u00edt pouze na klapku, \u010d\u00edm\u017e se zabr\u00e1n\u00ed vypadnut\u00ed d\u00edt\u011bte z okna. P\u0159i odemyk\u00e1n\u00ed zat\u00e1hnete za d\u011btskou pojistku a okno lze pln\u011b otev\u0159\u00edt, a\u0165 u\u017e kv\u016fli \u00fadr\u017eb\u011b nebo intenzivn\u00edmu v\u011btr\u00e1n\u00ed. D\u011btsk\u00e1 pojistka pro b\u00edl\u00e9 okno je namontov\u00e1na na vnit\u0159n\u00ed stran\u011b ve spodn\u00ed \u010d\u00e1sti okna.<\/p>\n","protected":false},"excerpt":{"rendered":"<p>D\u011btskou pojistku lze uzamknout a v uzam\u010den\u00e9m stavu lze okno otev\u0159\u00edt pouze na klapku, \u010d\u00edm\u017e se zabr\u00e1n\u00ed vypadnut\u00ed d\u00edt\u011bte z okna. P\u0159i odemyk\u00e1n\u00ed zat\u00e1hnete za d\u011btskou pojistku a okno lze pln\u011b otev\u0159\u00edt, a\u0165 u\u017e kv\u016fli \u00fadr\u017eb\u011b nebo intenzivn\u00edmu v\u011btr\u00e1n\u00ed. D\u011btsk\u00e1 pojistka pro b\u00edl\u00e9 okno je namontov\u00e1na na vnit\u0159n\u00ed stran\u011b ve spodn\u00ed \u010d\u00e1sti okna.<\/p>\n","protected":false},"featured_media":15262,"comment_status":"closed","ping_status":"closed","template":"","meta":[],"product_cat":[136,221,153],"product_tag":[],"_links":{"self":[{"href":"https:\/\/www.brikol.sk\/cs\/wp-json\/wp\/v2\/product\/18512"}],"collection":[{"href":"https:\/\/www.brikol.sk\/cs\/wp-json\/wp\/v2\/product"}],"about":[{"href":"https:\/\/www.brikol.sk\/cs\/wp-json\/wp\/v2\/types\/product"}],"replies":[{"embeddable":true,"href":"https:\/\/www.brikol.sk\/cs\/wp-json\/wp\/v2\/comments?post=18512"}],"wp:featuredmedia":[{"embeddable":true,"href":"https:\/\/www.brikol.sk\/cs\/wp-json\/wp\/v2\/media\/15262"}],"wp:attachment":[{"href":"https:\/\/www.brikol.sk\/cs\/wp-json\/wp\/v2\/media?parent=18512"}],"wp:term":[{"taxonomy":"product_cat","embeddable":true,"href":"https:\/\/www.brikol.sk\/cs\/wp-json\/wp\/v2\/product_cat?post=18512"},{"taxonomy":"product_tag","embeddable":true,"href":"https:\/\/www.brikol.sk\/cs\/wp-json\/wp\/v2\/product_tag?post=18512"}],"curies":[{"name":"wp","href":"https:\/\/api.w.org\/{rel}","templated":true}]}}