{"id":18513,"date":"2018-01-17T17:46:41","date_gmt":"2018-01-17T16:46:41","guid":{"rendered":"https:\/\/www.brikol.sk\/produkt\/montazni-rukojet-maco-s-nastavovacimi-klici-ks\/"},"modified":"2026-01-13T14:02:58","modified_gmt":"2026-01-13T13:02:58","slug":"montazni-rukojet-maco-s-nastavovacimi-klici-ks","status":"publish","type":"product","link":"https:\/\/www.brikol.sk\/cs\/produkt\/montazni-rukojet-maco-s-nastavovacimi-klici-ks\/","title":{"rendered":"Mont\u00e1\u017en\u00ed rukoje\u0165 MACO s nastavovac\u00edmi kl\u00ed\u010di\/ks"},"content":{"rendered":"<p><strong>Mont\u00e1\u017en\u00ed klika MACO<\/strong> se pou\u017e\u00edv\u00e1 p\u0159edev\u0161\u00edm p\u0159i mont\u00e1\u017ei oken, u kter\u00fdch nejsou na k\u0159\u00eddlech namontov\u00e1ny kliky. Je to rychl\u00fd pomocn\u00edk, proto\u017ee rukoje\u0165 uvoln\u00ed a vyt\u00e1hne horn\u00ed zaji\u0161\u0165ovac\u00ed kol\u00edk ze z\u00e1v\u011bsu.<\/p>\n<p>Mont\u00e1\u017en\u00ed madlo se pou\u017e\u00edv\u00e1 tak\u00e9 na stavb\u00e1ch, kde prob\u00edhaj\u00ed jin\u00e9 stavebn\u00ed pr\u00e1ce, aby se zabr\u00e1nilo po\u0161kozen\u00ed nebo zne\u010di\u0161t\u011bn\u00ed okenn\u00edch klik. Rukoje\u0165 lze pou\u017e\u00edt i<strong> na jin\u00e9 kov\u00e1n\u00ed<\/strong> ne\u017e MACO. Sou\u010d\u00e1st\u00ed mont\u00e1\u017en\u00ed rukojeti jsou tak\u00e9 nastavovac\u00ed kl\u00ed\u010de, konkr\u00e9tn\u011b imbusov\u00fd kl\u00ed\u010d 4 mm, torxov\u00fd kl\u00ed\u010d T15 a kl\u00ed\u010d pro nastaven\u00ed p\u0159\u00edtlaku v\u00e1lc\u016f.<\/p>\n","protected":false},"excerpt":{"rendered":"<p>Mont\u00e1\u017en\u00ed klika MACO se pou\u017e\u00edv\u00e1 p\u0159edev\u0161\u00edm p\u0159i mont\u00e1\u017ei oken, u kter\u00fdch nejsou na k\u0159\u00eddlech namontov\u00e1ny kliky. Je to rychl\u00fd pomocn\u00edk, proto\u017ee rukoje\u0165 uvoln\u00ed a vyt\u00e1hne horn\u00ed zaji\u0161\u0165ovac\u00ed kol\u00edk ze z\u00e1v\u011bsu. Mont\u00e1\u017en\u00ed madlo se pou\u017e\u00edv\u00e1 tak\u00e9 na stavb\u00e1ch, kde prob\u00edhaj\u00ed jin\u00e9 stavebn\u00ed pr\u00e1ce, aby se zabr\u00e1nilo po\u0161kozen\u00ed nebo zne\u010di\u0161t\u011bn\u00ed okenn\u00edch klik. Rukoje\u0165 lze pou\u017e\u00edt i na jin\u00e9 kov\u00e1n\u00ed ne\u017e MACO. Sou\u010d\u00e1st\u00ed mont\u00e1\u017en\u00ed rukojeti jsou tak\u00e9 nastavovac\u00ed kl\u00ed\u010de, konkr\u00e9tn\u011b imbusov\u00fd kl\u00ed\u010d 4 mm, torxov\u00fd kl\u00ed\u010d T15 a kl\u00ed\u010d pro nastaven\u00ed p\u0159\u00edtlaku v\u00e1lc\u016f.<\/p>\n","protected":false},"featured_media":14202,"comment_status":"closed","ping_status":"closed","template":"","meta":[],"product_cat":[136,220],"product_tag":[],"_links":{"self":[{"href":"https:\/\/www.brikol.sk\/cs\/wp-json\/wp\/v2\/product\/18513"}],"collection":[{"href":"https:\/\/www.brikol.sk\/cs\/wp-json\/wp\/v2\/product"}],"about":[{"href":"https:\/\/www.brikol.sk\/cs\/wp-json\/wp\/v2\/types\/product"}],"replies":[{"embeddable":true,"href":"https:\/\/www.brikol.sk\/cs\/wp-json\/wp\/v2\/comments?post=18513"}],"wp:featuredmedia":[{"embeddable":true,"href":"https:\/\/www.brikol.sk\/cs\/wp-json\/wp\/v2\/media\/14202"}],"wp:attachment":[{"href":"https:\/\/www.brikol.sk\/cs\/wp-json\/wp\/v2\/media?parent=18513"}],"wp:term":[{"taxonomy":"product_cat","embeddable":true,"href":"https:\/\/www.brikol.sk\/cs\/wp-json\/wp\/v2\/product_cat?post=18513"},{"taxonomy":"product_tag","embeddable":true,"href":"https:\/\/www.brikol.sk\/cs\/wp-json\/wp\/v2\/product_tag?post=18513"}],"curies":[{"name":"wp","href":"https:\/\/api.w.org\/{rel}","templated":true}]}}