{"id":18514,"date":"2018-01-17T17:46:41","date_gmt":"2018-01-17T16:46:41","guid":{"rendered":"https:\/\/www.brikol.sk\/produkt\/imbusovy-klic-4-mm-ks\/"},"modified":"2026-01-13T14:03:07","modified_gmt":"2026-01-13T13:03:07","slug":"imbusovy-klic-4-mm-ks","status":"publish","type":"product","link":"https:\/\/www.brikol.sk\/cs\/produkt\/imbusovy-klic-4-mm-ks\/","title":{"rendered":"imbusov\u00fd kl\u00ed\u010d 4 mm \/ ks"},"content":{"rendered":"<p>Imbusov\u00fd kl\u00ed\u010d 4 mm se pou\u017e\u00edv\u00e1 k nastaven\u00ed (podlo\u017een\u00ed) v\u0161ech typ\u016f \u0161rouben\u00ed. Pou\u017e\u00edv\u00e1 se hlavn\u011b k nastaven\u00ed v\u00fd\u0161ky okna a sklonu okna na horn\u00ed fr\u00e9ze. V p\u0159\u00edloze najdete obr\u00e1zek popisuj\u00edc\u00ed nastaven\u00ed kov\u00e1n\u00ed MACO.<br \/>\nD\u00e9lka &#8211; 75 mm, \u0161\u00ed\u0159ka &#8211; 75 mm, d\u00e9lka 2 &#8211; 20 mm<\/p>\n","protected":false},"excerpt":{"rendered":"<p>Imbusov\u00fd kl\u00ed\u010d 4 mm se pou\u017e\u00edv\u00e1 k nastaven\u00ed (podlo\u017een\u00ed) v\u0161ech typ\u016f \u0161rouben\u00ed. Pou\u017e\u00edv\u00e1 se hlavn\u011b k nastaven\u00ed v\u00fd\u0161ky okna a sklonu okna na horn\u00ed fr\u00e9ze. V p\u0159\u00edloze najdete obr\u00e1zek popisuj\u00edc\u00ed nastaven\u00ed kov\u00e1n\u00ed MACO.<br \/>\nD\u00e9lka &#8211; 75 mm, \u0161\u00ed\u0159ka &#8211; 75 mm, d\u00e9lka 2 &#8211; 20 mm<\/p>\n","protected":false},"featured_media":14187,"comment_status":"closed","ping_status":"closed","template":"","meta":[],"product_cat":[136,220],"product_tag":[],"_links":{"self":[{"href":"https:\/\/www.brikol.sk\/cs\/wp-json\/wp\/v2\/product\/18514"}],"collection":[{"href":"https:\/\/www.brikol.sk\/cs\/wp-json\/wp\/v2\/product"}],"about":[{"href":"https:\/\/www.brikol.sk\/cs\/wp-json\/wp\/v2\/types\/product"}],"replies":[{"embeddable":true,"href":"https:\/\/www.brikol.sk\/cs\/wp-json\/wp\/v2\/comments?post=18514"}],"wp:featuredmedia":[{"embeddable":true,"href":"https:\/\/www.brikol.sk\/cs\/wp-json\/wp\/v2\/media\/14187"}],"wp:attachment":[{"href":"https:\/\/www.brikol.sk\/cs\/wp-json\/wp\/v2\/media?parent=18514"}],"wp:term":[{"taxonomy":"product_cat","embeddable":true,"href":"https:\/\/www.brikol.sk\/cs\/wp-json\/wp\/v2\/product_cat?post=18514"},{"taxonomy":"product_tag","embeddable":true,"href":"https:\/\/www.brikol.sk\/cs\/wp-json\/wp\/v2\/product_tag?post=18514"}],"curies":[{"name":"wp","href":"https:\/\/api.w.org\/{rel}","templated":true}]}}