{"id":18515,"date":"2018-01-17T17:46:41","date_gmt":"2018-01-17T16:46:41","guid":{"rendered":"https:\/\/www.brikol.sk\/produkt\/torx-klic-t15-ks\/"},"modified":"2026-01-13T14:03:18","modified_gmt":"2026-01-13T13:03:18","slug":"torx-klic-t15-ks","status":"publish","type":"product","link":"https:\/\/www.brikol.sk\/cs\/produkt\/torx-klic-t15-ks\/","title":{"rendered":"Torx kl\u00ed\u010d T15 \/ ks"},"content":{"rendered":"<p>Kl\u00ed\u010d Torx T15 se pou\u017e\u00edv\u00e1 k nastaven\u00ed p\u0159\u00edtlaku h\u0159ibu kov\u00e1n\u00ed MACO MULTI MATIC PREMIUM, lze jej tak\u00e9 pou\u017e\u00edt k nastaven\u00ed p\u0159\u00edtlaku k\u0159\u00eddla na spodn\u00edm z\u00e1v\u011bsu. Tento kl\u00ed\u010d se pou\u017e\u00edv\u00e1 tak\u00e9 k zav\u011b\u0161en\u00ed k\u0159\u00eddla na horn\u00ed z\u00e1v\u011bs, pokud okno nelze zav\u011bsit standardn\u00edm zp\u016fsobem vysunut\u00edm zaji\u0161\u0165ovac\u00edho kol\u00edku z horn\u00edho z\u00e1v\u011bsu. Kl\u00ed\u010d Torx se pou\u017e\u00edv\u00e1 tak\u00e9 k se\u0159\u00edzen\u00ed \u0161rouben\u00ed GU.<br \/>\nD\u00e9lka &#8211; 75 mm, \u0161\u00ed\u0159ka &#8211; 75 mm, d\u00e9lka 2 &#8211; 20 mm<\/p>\n","protected":false},"excerpt":{"rendered":"<p>Kl\u00ed\u010d Torx T15 se pou\u017e\u00edv\u00e1 k nastaven\u00ed p\u0159\u00edtlaku h\u0159ibu kov\u00e1n\u00ed MACO MULTI MATIC PREMIUM, lze jej tak\u00e9 pou\u017e\u00edt k nastaven\u00ed p\u0159\u00edtlaku k\u0159\u00eddla na spodn\u00edm z\u00e1v\u011bsu. Tento kl\u00ed\u010d se pou\u017e\u00edv\u00e1 tak\u00e9 k zav\u011b\u0161en\u00ed k\u0159\u00eddla na horn\u00ed z\u00e1v\u011bs, pokud okno nelze zav\u011bsit standardn\u00edm zp\u016fsobem vysunut\u00edm zaji\u0161\u0165ovac\u00edho kol\u00edku z horn\u00edho z\u00e1v\u011bsu. Kl\u00ed\u010d Torx se pou\u017e\u00edv\u00e1 tak\u00e9 k se\u0159\u00edzen\u00ed \u0161rouben\u00ed GU.<br \/>\nD\u00e9lka &#8211; 75 mm, \u0161\u00ed\u0159ka &#8211; 75 mm, d\u00e9lka 2 &#8211; 20 mm<\/p>\n","protected":false},"featured_media":14297,"comment_status":"closed","ping_status":"closed","template":"","meta":[],"product_cat":[136,220],"product_tag":[],"_links":{"self":[{"href":"https:\/\/www.brikol.sk\/cs\/wp-json\/wp\/v2\/product\/18515"}],"collection":[{"href":"https:\/\/www.brikol.sk\/cs\/wp-json\/wp\/v2\/product"}],"about":[{"href":"https:\/\/www.brikol.sk\/cs\/wp-json\/wp\/v2\/types\/product"}],"replies":[{"embeddable":true,"href":"https:\/\/www.brikol.sk\/cs\/wp-json\/wp\/v2\/comments?post=18515"}],"wp:featuredmedia":[{"embeddable":true,"href":"https:\/\/www.brikol.sk\/cs\/wp-json\/wp\/v2\/media\/14297"}],"wp:attachment":[{"href":"https:\/\/www.brikol.sk\/cs\/wp-json\/wp\/v2\/media?parent=18515"}],"wp:term":[{"taxonomy":"product_cat","embeddable":true,"href":"https:\/\/www.brikol.sk\/cs\/wp-json\/wp\/v2\/product_cat?post=18515"},{"taxonomy":"product_tag","embeddable":true,"href":"https:\/\/www.brikol.sk\/cs\/wp-json\/wp\/v2\/product_tag?post=18515"}],"curies":[{"name":"wp","href":"https:\/\/api.w.org\/{rel}","templated":true}]}}