{"id":18516,"date":"2018-01-17T17:46:41","date_gmt":"2018-01-17T16:46:41","guid":{"rendered":"https:\/\/www.brikol.sk\/produkt\/klic-na-vicka-maco-ks\/"},"modified":"2026-01-13T14:04:58","modified_gmt":"2026-01-13T13:04:58","slug":"klic-na-vicka-maco-ks","status":"publish","type":"product","link":"https:\/\/www.brikol.sk\/cs\/produkt\/klic-na-vicka-maco-ks\/","title":{"rendered":"Kl\u00ed\u010d na v\u00ed\u010dka MACO \/ ks"},"content":{"rendered":"<p>Kl\u00ed\u010d MACO pro uz\u00e1v\u011bry \u0161rouben\u00ed MACO MULTI TREND, kter\u00fd se pou\u017e\u00edv\u00e1 k nastaven\u00ed tlakov\u00fdch \u0161rouben\u00ed na \u0161rouben\u00ed.<\/p>\n","protected":false},"excerpt":{"rendered":"<p>Kl\u00ed\u010d MACO pro uz\u00e1v\u011bry \u0161rouben\u00ed MACO MULTI TREND, kter\u00fd se pou\u017e\u00edv\u00e1 k nastaven\u00ed tlakov\u00fdch \u0161rouben\u00ed na \u0161rouben\u00ed.<\/p>\n","protected":false},"featured_media":14192,"comment_status":"closed","ping_status":"closed","template":"","meta":[],"product_cat":[136,220],"product_tag":[],"_links":{"self":[{"href":"https:\/\/www.brikol.sk\/cs\/wp-json\/wp\/v2\/product\/18516"}],"collection":[{"href":"https:\/\/www.brikol.sk\/cs\/wp-json\/wp\/v2\/product"}],"about":[{"href":"https:\/\/www.brikol.sk\/cs\/wp-json\/wp\/v2\/types\/product"}],"replies":[{"embeddable":true,"href":"https:\/\/www.brikol.sk\/cs\/wp-json\/wp\/v2\/comments?post=18516"}],"wp:featuredmedia":[{"embeddable":true,"href":"https:\/\/www.brikol.sk\/cs\/wp-json\/wp\/v2\/media\/14192"}],"wp:attachment":[{"href":"https:\/\/www.brikol.sk\/cs\/wp-json\/wp\/v2\/media?parent=18516"}],"wp:term":[{"taxonomy":"product_cat","embeddable":true,"href":"https:\/\/www.brikol.sk\/cs\/wp-json\/wp\/v2\/product_cat?post=18516"},{"taxonomy":"product_tag","embeddable":true,"href":"https:\/\/www.brikol.sk\/cs\/wp-json\/wp\/v2\/product_tag?post=18516"}],"curies":[{"name":"wp","href":"https:\/\/api.w.org\/{rel}","templated":true}]}}