{"id":18517,"date":"2018-01-17T17:46:36","date_gmt":"2018-01-17T16:46:36","guid":{"rendered":"https:\/\/www.brikol.sk\/produkt\/upevnovaci-kolik-kalisek-ze-silonu-25-mm-ks\/"},"modified":"2024-11-28T16:08:59","modified_gmt":"2024-11-28T15:08:59","slug":"upevnovaci-kolik-kalisek-ze-silonu-25-mm-ks","status":"publish","type":"product","link":"https:\/\/www.brikol.sk\/cs\/produkt\/upevnovaci-kolik-kalisek-ze-silonu-25-mm-ks\/","title":{"rendered":"Upev\u0148ovac\u00ed kol\u00edk (kal\u00ed\u0161ek) ze silonu 2,5 mm \/ ks"},"content":{"rendered":"<p><strong>Upev\u0148ovac\u00ed kol\u00edk silonu<\/strong> pro horizont\u00e1ln\u00ed \u017ealuzie slou\u017e\u00ed k upevn\u011bn\u00ed silonu v otvoru vyvrtan\u00e9m do zaskl\u00edvac\u00ed li\u0161ty plastov\u00e9ho nebo d\u0159ev\u011bn\u00e9ho okna. <strong>Pr\u016fm\u011br kol\u00edku je 2,5 mm<\/strong>.<\/p>\n<p>Po\u0161kodili jste tyto upev\u0148ovac\u00ed kol\u00edky silonu k \u017ealuzi\u00edm? Mus\u00edte je vym\u011bnit? Silonov\u00fd upev\u0148ovac\u00ed kol\u00edk najdete v r\u016fzn\u00fdch barevn\u00fdch proveden\u00edch. Sta\u010d\u00ed si z nich vybrat a zvolit po\u017eadovan\u00fd po\u010det kus\u016f.<\/p>\n<p>V nab\u00eddce najdete upev\u0148ovac\u00ed kol\u00edky v barv\u011b, kter\u00e1 odpov\u00edd\u00e1 barv\u011b okenn\u00edho r\u00e1mu:<\/p>\n<ul>\n<li>B\u00edl\u00e1<\/li>\n<li>Silver<\/li>\n<li>Sv\u011btle hn\u011bd\u00e1 ( zlat\u00fd dub)<\/li>\n<li>Tmav\u011b hn\u011bd\u00e1<\/li>\n<\/ul>\n<p>Upev\u0148ovac\u00ed kol\u00edk silonu se zasune do otvoru na vodic\u00ed li\u0161t\u011b. Pokud se jedn\u00e1 o nov\u00e9 okno a otvor v n\u011bm je\u0161t\u011b nen\u00ed, je t\u0159eba jej vyvrtat do profilu plastov\u00e9ho nebo d\u0159ev\u011bn\u00e9ho okna (pro tento typ upev\u0148ovac\u00edho kol\u00edku pou\u017e\u00edv\u00e1me vrt\u00e1k o pr\u016fm\u011bru 2,5 mm).<\/p>\n<p>Pokud jsou v otvoru zbytky silonu, pokus\u00edme se je odstranit. Sklopen\u00ed \u017ealuzi\u00ed na horn\u00edm nosn\u00edku <strong><a href=\"https:\/\/www.brikol.sk\/produkt\/bocne-krytky-isoline-nahradne-diely-na-zaluzie\/\">bo\u010dn\u00ed krytky<\/a><\/strong> (obvykle se jen nacvaknou nebo jen nasunou). Na adrese <strong><a href=\"https:\/\/www.brikol.sk\/produkt\/zakladna-cast-isoline-nahradne-diely-na-zaluzie\/\">z\u00e1kladn\u00ed \u010d\u00e1st<\/a><\/strong> pod nimi povolit <strong><a href=\"https:\/\/www.brikol.sk\/produkt\/silon-zilka-zaluzie\/\">vodic\u00ed silon.<\/a><\/strong> Ov\u011b\u0159\u00edme jeho kvalitu, aby mohla b\u00fdt okam\u017eit\u011b provedena p\u0159\u00edpadn\u00e1 v\u00fdm\u011bna. Pot\u00e9 se upev\u0148ovac\u00ed kol\u00edk navl\u00e9kne na vodic\u00ed silon (lano) a na konci kol\u00edku se ud\u011bl\u00e1 uzel, kter\u00fd se pevn\u011b ut\u00e1hne. Vlo\u017ete ji do p\u0159ipraven\u00e9ho otvoru v okenn\u00ed li\u0161t\u011b a pot\u00e9 ji p\u0159ipevn\u011bte kol\u00edkem. Nakonec napn\u011bte vodic\u00ed m\u011bchy na horn\u00edm profilu z\u00e1kladn\u00ed \u010d\u00e1sti.<\/p>\n<p>&nbsp;<\/p>\n","protected":false},"excerpt":{"rendered":"<p>Upev\u0148ovac\u00ed kol\u00edk pro horizont\u00e1ln\u00ed \u017ealuzie. Kol\u00edk slou\u017e\u00ed k upevn\u011bn\u00ed silonu v otvoru vyvrtan\u00e9m v profilu plastov\u00e9ho nebo d\u0159ev\u011bn\u00e9ho okna. <strong>Pr\u016fm\u011br kol\u00edku je 2,5 mm<\/strong><\/p>\n","protected":false},"featured_media":21896,"comment_status":"closed","ping_status":"closed","template":"","meta":[],"product_cat":[132,140,137,138,139,133,141],"product_tag":[],"_links":{"self":[{"href":"https:\/\/www.brikol.sk\/cs\/wp-json\/wp\/v2\/product\/18517"}],"collection":[{"href":"https:\/\/www.brikol.sk\/cs\/wp-json\/wp\/v2\/product"}],"about":[{"href":"https:\/\/www.brikol.sk\/cs\/wp-json\/wp\/v2\/types\/product"}],"replies":[{"embeddable":true,"href":"https:\/\/www.brikol.sk\/cs\/wp-json\/wp\/v2\/comments?post=18517"}],"wp:featuredmedia":[{"embeddable":true,"href":"https:\/\/www.brikol.sk\/cs\/wp-json\/wp\/v2\/media\/21896"}],"wp:attachment":[{"href":"https:\/\/www.brikol.sk\/cs\/wp-json\/wp\/v2\/media?parent=18517"}],"wp:term":[{"taxonomy":"product_cat","embeddable":true,"href":"https:\/\/www.brikol.sk\/cs\/wp-json\/wp\/v2\/product_cat?post=18517"},{"taxonomy":"product_tag","embeddable":true,"href":"https:\/\/www.brikol.sk\/cs\/wp-json\/wp\/v2\/product_tag?post=18517"}],"curies":[{"name":"wp","href":"https:\/\/api.w.org\/{rel}","templated":true}]}}