{"id":18522,"date":"2018-01-17T17:46:36","date_gmt":"2018-01-17T16:46:36","guid":{"rendered":"https:\/\/www.brikol.sk\/produkt\/kulovy-konektor-retizek-detska-pojistka-ks\/"},"modified":"2018-01-17T17:46:36","modified_gmt":"2018-01-17T16:46:36","slug":"kulovy-konektor-retizek-detska-pojistka-ks","status":"publish","type":"product","link":"https:\/\/www.brikol.sk\/cs\/produkt\/kulovy-konektor-retizek-detska-pojistka-ks\/","title":{"rendered":"Kulov\u00fd konektor (\u0159et\u00edzek) D\u011btsk\u00e1 pojistka \/ ks"},"content":{"rendered":"<div class=\"tab tab-1\">\n<div class=\"text\">\n<p>Od 1. Od z\u00e1\u0159\u00ed 2014 plat\u00ed celoevropsk\u00e1 norma STN EN 13120, kter\u00e1 ukl\u00e1d\u00e1 v\u00fdrobc\u016fm st\u00ednic\u00ed techniky technicky zajistit ochranu d\u011bt\u00ed p\u0159ed u\u0161krcen\u00edm nebezpe\u010dn\u00fdmi smy\u010dkami, kter\u00e9 mohou vzniknout p\u0159i ovl\u00e1d\u00e1n\u00ed vnit\u0159n\u00edch \u017ealuzi\u00ed a rolet pomoc\u00ed \u0159et\u00edzk\u016f a \u0161\u0148\u016fr. Tato norma mus\u00ed b\u00fdt spln\u011bna v\u0161ude tam, kde maj\u00ed p\u0159\u00edstup d\u011bti ve v\u011bku 0 a\u017e 42 m\u011bs\u00edc\u016f (3,5 roku).<\/p>\n<p>Spojka p\u0159eru\u0161en\u00ed \u0159et\u011bzu CHILD SAFETY odpoj\u00ed \u0159et\u011bz, pokud hroz\u00ed nebezpe\u010dn\u00e1 smy\u010dka na \u0159et\u011bzu p\u0159i zat\u00ed\u017een\u00ed 6 kg po dobu 5 sekund. .<\/p>\n<p>Tento n\u00e1hradn\u00ed d\u00edl je pou\u017eiteln\u00fd pro v\u0161echny typy vnit\u0159n\u00edch \u017ealuzi\u00ed a rolet s ovl\u00e1d\u00e1n\u00edm kuli\u010dkov\u00fdm \u0159et\u00edzkem, s v\u00fdjimkou pou\u017eit\u00ed nekone\u010dn\u00e9ho \u0159et\u00edzku.<\/p>\n<\/div>\n<\/div>\n","protected":false},"excerpt":{"rendered":"<p>Speci\u00e1ln\u00ed spojka ur\u010den\u00e1 pro horizont\u00e1ln\u00ed \u017ealuzie ovl\u00e1dan\u00e9 \u0159et\u00edzkem o pr\u016fm\u011bru 3,2 mm. Spojka je v\u00fdjime\u010dn\u00e1 svou konstrukc\u00ed, kdy se p\u0159i v\u011bt\u0161\u00edm zat\u00ed\u017een\u00ed rozpoj\u00ed, aby se va\u0161e d\u011bti nezranily. Klasick\u00e1 spojka se nemus\u00ed rozpojit a d\u00edt\u011b m\u016f\u017ee zp\u016fsobit zran\u011bn\u00ed, v hor\u0161\u00edm p\u0159\u00edpad\u011b smrt. Spojka odpov\u00edd\u00e1 norm\u011b EN<\/p>\n","protected":false},"featured_media":13852,"comment_status":"closed","ping_status":"closed","template":"","meta":[],"product_cat":[132,140,137,138,139,133,141],"product_tag":[],"_links":{"self":[{"href":"https:\/\/www.brikol.sk\/cs\/wp-json\/wp\/v2\/product\/18522"}],"collection":[{"href":"https:\/\/www.brikol.sk\/cs\/wp-json\/wp\/v2\/product"}],"about":[{"href":"https:\/\/www.brikol.sk\/cs\/wp-json\/wp\/v2\/types\/product"}],"replies":[{"embeddable":true,"href":"https:\/\/www.brikol.sk\/cs\/wp-json\/wp\/v2\/comments?post=18522"}],"wp:featuredmedia":[{"embeddable":true,"href":"https:\/\/www.brikol.sk\/cs\/wp-json\/wp\/v2\/media\/13852"}],"wp:attachment":[{"href":"https:\/\/www.brikol.sk\/cs\/wp-json\/wp\/v2\/media?parent=18522"}],"wp:term":[{"taxonomy":"product_cat","embeddable":true,"href":"https:\/\/www.brikol.sk\/cs\/wp-json\/wp\/v2\/product_cat?post=18522"},{"taxonomy":"product_tag","embeddable":true,"href":"https:\/\/www.brikol.sk\/cs\/wp-json\/wp\/v2\/product_tag?post=18522"}],"curies":[{"name":"wp","href":"https:\/\/api.w.org\/{rel}","templated":true}]}}