{"id":18528,"date":"2018-01-17T17:46:36","date_gmt":"2018-01-17T16:46:36","guid":{"rendered":"https:\/\/www.brikol.sk\/produkt\/zakladni-dil-zakladni-bila-par\/"},"modified":"2018-01-17T17:46:36","modified_gmt":"2018-01-17T16:46:36","slug":"zakladni-dil-zakladni-bila-par","status":"publish","type":"product","link":"https:\/\/www.brikol.sk\/cs\/produkt\/zakladni-dil-zakladni-bila-par\/","title":{"rendered":"Z\u00e1kladn\u00ed d\u00edl Z\u00e1kladn\u00ed b\u00edl\u00e1 \/ p\u00e1r"},"content":{"rendered":"<p>Z\u00e1kladn\u00ed d\u00edl Z\u00e1kladn\u00ed b\u00edl\u00e1 \/ p\u00e1r<\/p>\n","protected":false},"excerpt":{"rendered":"<p>Z\u00e1kladn\u00ed d\u00edl horizont\u00e1ln\u00ed \u017ealuzie typu Basic ur\u010den\u00fd pro \u017ealuzie K-system a WO und WO.<\/p>\n","protected":false},"featured_media":13267,"comment_status":"closed","ping_status":"closed","template":"","meta":[],"product_cat":[132,139],"product_tag":[],"_links":{"self":[{"href":"https:\/\/www.brikol.sk\/cs\/wp-json\/wp\/v2\/product\/18528"}],"collection":[{"href":"https:\/\/www.brikol.sk\/cs\/wp-json\/wp\/v2\/product"}],"about":[{"href":"https:\/\/www.brikol.sk\/cs\/wp-json\/wp\/v2\/types\/product"}],"replies":[{"embeddable":true,"href":"https:\/\/www.brikol.sk\/cs\/wp-json\/wp\/v2\/comments?post=18528"}],"wp:featuredmedia":[{"embeddable":true,"href":"https:\/\/www.brikol.sk\/cs\/wp-json\/wp\/v2\/media\/13267"}],"wp:attachment":[{"href":"https:\/\/www.brikol.sk\/cs\/wp-json\/wp\/v2\/media?parent=18528"}],"wp:term":[{"taxonomy":"product_cat","embeddable":true,"href":"https:\/\/www.brikol.sk\/cs\/wp-json\/wp\/v2\/product_cat?post=18528"},{"taxonomy":"product_tag","embeddable":true,"href":"https:\/\/www.brikol.sk\/cs\/wp-json\/wp\/v2\/product_tag?post=18528"}],"curies":[{"name":"wp","href":"https:\/\/api.w.org\/{rel}","templated":true}]}}