{"id":18529,"date":"2018-01-17T17:46:36","date_gmt":"2018-01-17T16:46:36","guid":{"rendered":"https:\/\/www.brikol.sk\/produkt\/textilni-navijeci-paska-stuha-5-mm-m\/"},"modified":"2018-01-17T17:46:36","modified_gmt":"2018-01-17T16:46:36","slug":"textilni-navijeci-paska-stuha-5-mm-m","status":"publish","type":"product","link":"https:\/\/www.brikol.sk\/cs\/produkt\/textilni-navijeci-paska-stuha-5-mm-m\/","title":{"rendered":"Textiln\u00ed nav\u00edjec\u00ed p\u00e1ska (stuha) 5 mm\/m"},"content":{"rendered":"<p>Textiln\u00ed nav\u00edjec\u00ed p\u00e1ska (stuha) je ur\u010dena pro v\u0161echny typy horizont\u00e1ln\u00edch \u017ealuzi\u00ed. \u0160\u00ed\u0159ka p\u00e1sky je 5 mm. L\u00e1tkov\u00e1 p\u00e1ska funguje p\u0159i vytahov\u00e1n\u00ed vodorovn\u00e9 rolety.<\/p>\n<p>P\u0159i \u010dast\u00e9m pou\u017e\u00edv\u00e1n\u00ed a del\u0161\u00edm st\u00e1\u0159\u00ed \u017ealuzie se m\u016f\u017ee l\u00e1tkov\u00e1 p\u00e1ska za\u010d\u00edt p\u00e1rat nebo trhat. V takov\u00e9m p\u0159\u00edpad\u011b p\u0159estane fungovat a \u017ealuzie nep\u016fjde vyt\u00e1hnout. V tomto p\u0159\u00edpad\u011b je t\u0159eba vym\u011bnit textiln\u00ed p\u00e1sku na \u017ealuzii.<\/p>\n<p>V na\u0161\u00ed nab\u00eddce najdete nej\u010dast\u011bji pou\u017e\u00edvan\u00e9 barevn\u00e9 varianty textiln\u00edch nav\u00edjec\u00edch p\u00e1sek:<\/p>\n<ul>\n<li>B\u00edl\u00e1<\/li>\n<li>Sv\u011btle hn\u011bd\u00e1<\/li>\n<li>Tmav\u011b hn\u011bd\u00e1<\/li>\n<li>Grey<\/li>\n<\/ul>\n<p>P\u0159i v\u00fdm\u011bn\u011b p\u00e1sky pot\u0159ebujeme:<\/p>\n<ul>\n<li>textiln\u00ed nav\u00edjec\u00ed p\u00e1ska<\/li>\n<li><a href=\"https:\/\/www.brikol.sk\/produkt\/koncovka-textilnej-pasky-isoline\/\">konec textiln\u00ed p\u00e1sky<\/a><\/li>\n<li>\u0160roubov\u00e1k<\/li>\n<li>n\u016f\u017e<\/li>\n<\/ul>\n<h2><span style=\"text-decoration: underline; font-size: 105%;\"><strong>Postup v\u00fdm\u011bny:<\/strong><\/span><\/h2>\n<ol>\n<li>Zm\u011b\u0159te d\u00e9lku textiln\u00ed p\u00e1sky. Zm\u011b\u0159te vzd\u00e1lenost od horn\u00edho okraje okna ke spodn\u00edmu okraji. V\u017edy je lep\u0161\u00ed vym\u011bnit ob\u011b p\u00e1sky v \u017ealuzii najednou.<\/li>\n<li>Vyt\u00e1hn\u011bte roletu ru\u010dn\u011b. Odstra\u0148te bo\u010dn\u00ed krytky horn\u00edho nosn\u00edku. Od\u0161roubujte \u0161rouby a odklopte \u017ealuzii z okenn\u00edho r\u00e1mu. Chcete-li \u017ealuzie z okna odstranit, mus\u00edte je\u0161t\u011b odstranit <strong><a href=\"https:\/\/www.brikol.sk\/produkt\/fixacny-kolik-silonu\/\">upev\u0148ovac\u00ed kol\u00edky<\/a><\/strong> a <strong><a href=\"https:\/\/www.brikol.sk\/produkt\/silon-zilka-zaluzie\/\">vodic\u00ed silikon<\/a><\/strong> ze zaskl\u00edvac\u00ed li\u0161ty.<\/li>\n<li>Odstra\u0148te z\u00e1kladn\u00ed d\u00edl s vodic\u00edm \u0159et\u011bzem z horn\u00edho profilu a uvoln\u011bte vodic\u00ed silon.<\/li>\n<li>Vysu\u0148te ty\u010d z horn\u00edho profilu.<\/li>\n<li>Vyt\u00e1hn\u011bte konec textiln\u00ed p\u00e1sky a odstra\u0148te zbytek star\u00e9 textiln\u00ed p\u00e1sky.<\/li>\n<li>Vyt\u00e1hn\u011bte nav\u00edjec\u00ed kladku a odstra\u0148te zb\u00fdvaj\u00edc\u00ed \u010d\u00e1st p\u00e1sky.<\/li>\n<li>Prot\u00e1hn\u011bte novou p\u00e1sku p\u016fvodn\u00edm otvorem v nav\u00edjec\u00ed kleci a zajist\u011bte ji ot\u00e1\u010den\u00edm nav\u00edjec\u00ed kladky.<\/li>\n<li>Aby \u017ealuzie spr\u00e1vn\u011b fungovala, mus\u00ed b\u00fdt v\u0161echny kladky na \u017ealuzii nastaveny stejn\u00fdm sm\u011brem.<\/li>\n<li>Pot\u00e9 zatla\u010dte na \u0159emenici<\/li>\n<li>Provl\u00e9kn\u011bte p\u00e1sku v\u0161emi lamelami a dbejte na to, aby byl \u017eeb\u0159\u00edk rolety na vnit\u0159n\u00ed stran\u011b lamel. Stuha by se nem\u011bla b\u011bhem navl\u00e9k\u00e1n\u00ed nikde kroutit.<\/li>\n<li>Zajist\u011bte konec p\u00e1sky koncem textiln\u00ed p\u00e1sky.<\/li>\n<li>Do \u017ealuzie vlo\u017e\u00edme ty\u010d v horn\u00edm profilu, na kterou p\u0159ipevn\u00edme veden\u00ed \u0159et\u011bzu um\u00edst\u011bn\u00e9 v z\u00e1kladn\u00edm d\u00edlu a zajist\u00edme silon vlasce.<\/li>\n<li>Nasa\u010fte \u017ealuzie na okno a nasa\u010fte bo\u010dn\u00ed krytky. Pokud jste v tomto p\u0159\u00edpad\u011b \u017ealuzii zcela slo\u017eili, p\u0159i\u0161roubujte ji k oknu, vlo\u017ete vodic\u00ed silon s kol\u00edky do otvor\u016f na zaskl\u00edvac\u00ed li\u0161t\u011b a upn\u011bte vodic\u00ed silon do z\u00e1kladn\u00edho d\u00edlu. Nakonec vym\u011b\u0148te bo\u010dn\u00ed krytky.<\/li>\n<li>Po mont\u00e1\u017ei vyzkou\u0161\u00edme, zda jsou \u017ealuzie spr\u00e1vn\u011b navinut\u00e9. P\u0159\u00edpadn\u011b povolte zaji\u0161\u0165ovac\u00ed kol\u00edk na konci textiln\u00ed p\u00e1sky a upravte d\u00e9lku textiln\u00ed p\u00e1sky.<\/li>\n<\/ol>\n<p>&nbsp;<\/p>\n<p>Zbo\u017e\u00ed zas\u00edl\u00e1me zabalen\u00e9 po cel\u00fdch metrech. V p\u0159\u00edpad\u011b v\u011bt\u0161\u00edch objedn\u00e1vek nad 100 m p\u00e1sku rozd\u011bl\u00edme pro lep\u0161\u00ed manipulaci.<br \/>\nNap\u0159\u00edklad. p\u0159i objedn\u00e1n\u00ed 5 kus\u016f v\u00e1m bude zasl\u00e1no 5 metr\u016f v jednom kuse.<\/p>\n","protected":false},"excerpt":{"rendered":"<p>Textiln\u00ed nav\u00edjec\u00ed p\u00e1ska (stuha) ur\u010den\u00e1 pro v\u0161echny typy horizont\u00e1ln\u00edch \u017ealuzi\u00ed. Textiln\u00ed p\u00e1ska se pou\u017e\u00edv\u00e1 k vytahov\u00e1n\u00ed horizont\u00e1ln\u00edch \u017ealuzi\u00ed. \u0160\u00ed\u0159ka p\u00e1sky je 5 mm<\/p>\n","protected":false},"featured_media":10852,"comment_status":"closed","ping_status":"closed","template":"","meta":[],"product_cat":[132,140,137,138,139,133],"product_tag":[],"_links":{"self":[{"href":"https:\/\/www.brikol.sk\/cs\/wp-json\/wp\/v2\/product\/18529"}],"collection":[{"href":"https:\/\/www.brikol.sk\/cs\/wp-json\/wp\/v2\/product"}],"about":[{"href":"https:\/\/www.brikol.sk\/cs\/wp-json\/wp\/v2\/types\/product"}],"replies":[{"embeddable":true,"href":"https:\/\/www.brikol.sk\/cs\/wp-json\/wp\/v2\/comments?post=18529"}],"wp:featuredmedia":[{"embeddable":true,"href":"https:\/\/www.brikol.sk\/cs\/wp-json\/wp\/v2\/media\/10852"}],"wp:attachment":[{"href":"https:\/\/www.brikol.sk\/cs\/wp-json\/wp\/v2\/media?parent=18529"}],"wp:term":[{"taxonomy":"product_cat","embeddable":true,"href":"https:\/\/www.brikol.sk\/cs\/wp-json\/wp\/v2\/product_cat?post=18529"},{"taxonomy":"product_tag","embeddable":true,"href":"https:\/\/www.brikol.sk\/cs\/wp-json\/wp\/v2\/product_tag?post=18529"}],"curies":[{"name":"wp","href":"https:\/\/api.w.org\/{rel}","templated":true}]}}