{"id":18534,"date":"2018-01-17T17:46:36","date_gmt":"2018-01-17T16:46:36","guid":{"rendered":"https:\/\/www.brikol.sk\/produkt\/konektor-kuloveho-kabelu-retizek-ks\/"},"modified":"2025-12-30T17:16:59","modified_gmt":"2025-12-30T16:16:59","slug":"konektor-kuloveho-kabelu-retizek-ks","status":"publish","type":"product","link":"https:\/\/www.brikol.sk\/cs\/produkt\/konektor-kuloveho-kabelu-retizek-ks\/","title":{"rendered":"Konektor kulov\u00e9ho kabelu (\u0159et\u00edzek) \/ ks"},"content":{"rendered":"<p>Univerz\u00e1ln\u00ed spojka ur\u010den\u00e1 pro horizont\u00e1ln\u00ed \u017ealuzie ovl\u00e1dan\u00e9 pomoc\u00ed <span style=\"text-decoration: underline;\"><strong>\u0159et\u00edzkem o pr\u016fm\u011bru 3,2 mm.<\/strong><\/span> <\/p>\n<p>Kon\u010d\u00ed <span style=\"text-decoration: underline;\"><span style=\"color: #000000; text-decoration: underline;\"><a style=\"color: #000000; text-decoration: underline;\" href=\"https:\/\/www.brikol.sk\/produkt\/gulickova-snura-retiazka-na-zaluzie-nahradne-diely-na-zaluzie\/\">kuli\u010dkov\u00e9ho \u0159et\u011bzu <\/a><\/span><\/span>se jednodu\u0161e zasunou proti sob\u011b do dr\u00e1\u017eek spojky a uzav\u0159ou se. Spojka zapadne na m\u00edsto a velmi pevn\u011b dr\u017e\u00ed konce kuli\u010dkov\u00e9ho \u0159et\u00edzku.<\/p>\n<p>&nbsp;<\/p>\n<div class=\"tab tab-1\">\n<div class=\"text\">\n<p>&nbsp;<\/p>\n<\/div>\n<\/div>\n","protected":false},"excerpt":{"rendered":"<p>Univerz\u00e1ln\u00ed spojka ur\u010den\u00e1 pro horizont\u00e1ln\u00ed \u017ealuzie ovl\u00e1dan\u00e9 pomoc\u00ed <span style=\"text-decoration: underline;\"><strong>\u0159et\u00edzkem o pr\u016fm\u011bru 3,2 mm.<\/strong><\/span><\/p>\n","protected":false},"featured_media":12467,"comment_status":"open","ping_status":"closed","template":"","meta":[],"product_cat":[132,140,137,138,139,133,141],"product_tag":[],"_links":{"self":[{"href":"https:\/\/www.brikol.sk\/cs\/wp-json\/wp\/v2\/product\/18534"}],"collection":[{"href":"https:\/\/www.brikol.sk\/cs\/wp-json\/wp\/v2\/product"}],"about":[{"href":"https:\/\/www.brikol.sk\/cs\/wp-json\/wp\/v2\/types\/product"}],"replies":[{"embeddable":true,"href":"https:\/\/www.brikol.sk\/cs\/wp-json\/wp\/v2\/comments?post=18534"}],"wp:featuredmedia":[{"embeddable":true,"href":"https:\/\/www.brikol.sk\/cs\/wp-json\/wp\/v2\/media\/12467"}],"wp:attachment":[{"href":"https:\/\/www.brikol.sk\/cs\/wp-json\/wp\/v2\/media?parent=18534"}],"wp:term":[{"taxonomy":"product_cat","embeddable":true,"href":"https:\/\/www.brikol.sk\/cs\/wp-json\/wp\/v2\/product_cat?post=18534"},{"taxonomy":"product_tag","embeddable":true,"href":"https:\/\/www.brikol.sk\/cs\/wp-json\/wp\/v2\/product_tag?post=18534"}],"curies":[{"name":"wp","href":"https:\/\/api.w.org\/{rel}","templated":true}]}}