{"id":18539,"date":"2018-01-17T17:46:36","date_gmt":"2018-01-17T16:46:36","guid":{"rendered":"https:\/\/www.brikol.sk\/produkt\/silonove-jadrove-zaluzie-08-mm-m\/"},"modified":"2018-01-17T17:46:36","modified_gmt":"2018-01-17T16:46:36","slug":"silonove-jadrove-zaluzie-08-mm-m","status":"publish","type":"product","link":"https:\/\/www.brikol.sk\/cs\/produkt\/silonove-jadrove-zaluzie-08-mm-m\/","title":{"rendered":"Silonov\u00e9 (j\u00e1drov\u00e9) \u017ealuzie 0,8 mm\/m"},"content":{"rendered":"<p><strong>Silon (\u017e\u00edla) \u017ealuzie 0,8 mm<\/strong><\/p>\n<p>Pou\u017e\u00edv\u00e1 se k upevn\u011bn\u00ed horizont\u00e1ln\u00edch \u017ealuzi\u00ed. K udr\u017een\u00ed \u017ealuzie na m\u00edst\u011b p\u0159i manipulaci se \u017ealuzi\u00ed. \u017d\u00edla je zes\u00edlen\u00e1, aby odol\u00e1vala UV z\u00e1\u0159en\u00ed. Jej\u00ed zlomen\u00ed je jednou z nej\u010dast\u011bj\u0161\u00edch z\u00e1vad, kter\u00e9 se mohou na \u017ealuzi\u00edch vyskytnout. Obvykle se rozbije p\u0159i \u010di\u0161t\u011bn\u00ed \u017ealuzi\u00ed nebo okna a p\u0159i jak\u00e9mkoli m\u00edrn\u00e9m z\u00e1sahu do silonu. Zejm\u00e9na v p\u0159\u00edpadech, kdy se s \u017ealuziemi \u010dasto manipuluje a maj\u00ed za sebou ur\u010dit\u00fd po\u010det let.<\/p>\n<p>Pokud se va\u0161e vodic\u00ed hedv\u00e1b\u00ed p\u0159etrhlo, m\u016f\u017eete si vybrat d\u00e9lku, kterou pot\u0159ebujete k jeho v\u00fdm\u011bn\u011b.<\/p>\n<p>V\u00fdm\u011bna silonu:<\/p>\n<ol>\n<li>Ze zaskl\u00edvac\u00ed li\u0161ty vysuneme upev\u0148ovac\u00ed kol\u00edky, kter\u00e9 zaji\u0161\u0165uj\u00ed silonovou vlo\u017eku.<\/li>\n<li>Sklopte bo\u010dn\u00ed krytky horn\u00edho profilu (obvykle se jen nacvaknou nebo nasad\u00ed).<\/li>\n<li>Vytahujeme lamely \u017ealuzi\u00ed.<\/li>\n<li>Od\u0161roubujte \u0161rouby, kter\u00e9 dr\u017e\u00ed roletu, a pak ji sklopte dol\u016f.<\/li>\n<li>Odstra\u0148te po\u0161kozen\u00e9 silo a nahra\u010fte ho nov\u00fdm.<\/li>\n<li>V horn\u00edm profilu provl\u00e9kn\u011bte z\u00e1kladn\u00ed \u010d\u00e1st.<\/li>\n<li>P\u0159i\u0161roubujte \u017ealuzii k r\u00e1mu okna.<\/li>\n<li>V p\u0159\u00edpad\u011b pot\u0159eby vym\u011b\u0148te upev\u0148ovac\u00ed kol\u00edk<\/li>\n<li>Silonov\u00e9 \u017ealuzie um\u00eds\u0165ujeme do spodn\u00ed li\u0161ty<\/li>\n<li>Nakonec se silon napne do horn\u00ed li\u0161ty \u017ealuzie, upevn\u00ed se z\u00e1kladn\u00ed \u010d\u00e1st a nasad\u00ed se bo\u010dn\u00ed krytky.<\/li>\n<\/ol>\n<p>K <strong>objedn\u00e1vce vodic\u00edho silonu doporu\u010dujeme p\u0159idat <a href=\"https:\/\/www.brikol.sk\/produkt\/fixacny-kolik-silonu\/?preview_id=258&amp;preview_nonce=ad02ff9721&amp;_thumbnail_id=6938&amp;preview=true\">upev\u0148ovac\u00ed kol\u00edky <\/a><\/strong>, jedn\u00e1 se o sou\u010d\u00e1st, kterou po ohnut\u00ed nelze znovu pou\u017e\u00edt a p\u0159i vyjmut\u00ed z otvoru v zaskl\u00edvac\u00ed li\u0161t\u011b m\u016f\u017ee doj\u00edt k jej\u00edmu po\u0161kozen\u00ed.<\/p>\n<p>Zbo\u017e\u00ed zas\u00edl\u00e1me zabalen\u00e9 po cel\u00fdch metrech. V p\u0159\u00edpad\u011b v\u011bt\u0161\u00edch zak\u00e1zek nad 100 m rozd\u011bl\u00edme silo pro lep\u0161\u00ed manipulaci.<br \/>\nNap\u0159\u00edklad. p\u0159i objedn\u00e1n\u00ed 5 kus\u016f v\u00e1m bude zasl\u00e1no 5 metr\u016f.<\/p>\n","protected":false},"excerpt":{"rendered":"<p>Vodic\u00ed silon pro horizont\u00e1ln\u00ed \u017ealuzie ur\u010den\u00fd pro v\u0161echny typy \u017ealuzi\u00ed. Vodic\u00ed hedv\u00e1b\u00ed je zes\u00edlen\u00e9 a odoln\u00e9 proti UV z\u00e1\u0159en\u00ed.<\/p>\n<p>Zbo\u017e\u00ed zas\u00edl\u00e1me zabalen\u00e9 po <strong>cel\u00fdch metrech.<\/strong> V p\u0159\u00edpad\u011b v\u011bt\u0161\u00edch zak\u00e1zek nad 100 m rozd\u011bl\u00edme silon pro lep\u0161\u00ed manipulaci.<br \/>\nNap\u0159\u00edklad. p\u0159i objedn\u00e1n\u00ed 5 kus\u016f v\u00e1m bude zasl\u00e1no 5 metr\u016f v jednom kuse.<\/p>\n","protected":false},"featured_media":17767,"comment_status":"closed","ping_status":"closed","template":"","meta":[],"product_cat":[243,132,140,137,138,139,133,141],"product_tag":[],"_links":{"self":[{"href":"https:\/\/www.brikol.sk\/cs\/wp-json\/wp\/v2\/product\/18539"}],"collection":[{"href":"https:\/\/www.brikol.sk\/cs\/wp-json\/wp\/v2\/product"}],"about":[{"href":"https:\/\/www.brikol.sk\/cs\/wp-json\/wp\/v2\/types\/product"}],"replies":[{"embeddable":true,"href":"https:\/\/www.brikol.sk\/cs\/wp-json\/wp\/v2\/comments?post=18539"}],"wp:featuredmedia":[{"embeddable":true,"href":"https:\/\/www.brikol.sk\/cs\/wp-json\/wp\/v2\/media\/17767"}],"wp:attachment":[{"href":"https:\/\/www.brikol.sk\/cs\/wp-json\/wp\/v2\/media?parent=18539"}],"wp:term":[{"taxonomy":"product_cat","embeddable":true,"href":"https:\/\/www.brikol.sk\/cs\/wp-json\/wp\/v2\/product_cat?post=18539"},{"taxonomy":"product_tag","embeddable":true,"href":"https:\/\/www.brikol.sk\/cs\/wp-json\/wp\/v2\/product_tag?post=18539"}],"curies":[{"name":"wp","href":"https:\/\/api.w.org\/{rel}","templated":true}]}}