{"id":18540,"date":"2018-01-17T17:46:36","date_gmt":"2018-01-17T16:46:36","guid":{"rendered":"https:\/\/www.brikol.sk\/produkt\/kulickova-snura-retizek-tenka-32-mm-m\/"},"modified":"2025-12-04T09:47:17","modified_gmt":"2025-12-04T08:47:17","slug":"kulickova-snura-retizek-tenka-32-mm-m","status":"publish","type":"product","link":"https:\/\/www.brikol.sk\/cs\/produkt\/kulickova-snura-retizek-tenka-32-mm-m\/","title":{"rendered":"Kuli\u010dkov\u00e1 \u0161\u0148\u016fra (\u0159et\u00edzek) tenk\u00e1 3,2 mm \/ m"},"content":{"rendered":"<div class=\"tab tab-1\">\n<div class=\"text\">\n<p><strong>Kuli\u010dkov\u00e1 \u0161\u0148\u016fra o pr\u016fm\u011bru 3,2 mm <\/strong>je vhodn\u00e1 pro v\u0161echny typy horizont\u00e1ln\u00edch \u017ealuzi\u00ed ovl\u00e1dan\u00fdch \u0159et\u00edzkem. Slou\u017e\u00ed k ovl\u00e1d\u00e1n\u00ed \u017ealuzi\u00ed, tj. k jejich vytahov\u00e1n\u00ed a stahov\u00e1n\u00ed podle pot\u0159eby.<\/p>\n<p>Kuli\u010dkov\u00e1 \u0161\u0148\u016fra se stala nejroz\u0161\u00ed\u0159en\u011bj\u0161\u00edm zp\u016fsobem ovl\u00e1d\u00e1n\u00ed \u017ealuzi\u00ed, ale velmi \u010dasto se st\u00e1v\u00e1, \u017ee se opot\u0159eben\u00edm a st\u00e1\u0159\u00edm zlom\u00ed, ale v\u00fdhodou t\u011bchto \u0161\u0148\u016fr je snadn\u00e1 v\u00fdm\u011bna. P\u0159i v\u00fdm\u011bn\u011b \u0161\u0148\u016fry m\u016f\u017eete \u0161\u0148\u016fru snadno ust\u0159ihnout na po\u017eadovanou d\u00e9lku n\u016f\u017ekami, k p\u0159ipojen\u00ed kulov\u00e9 \u0161\u0148\u016fry je t\u0159eba pou\u017e\u00edt konektor kulov\u00e9 \u0161\u0148\u016fry.<\/p>\n<p><strong>Doporu\u010dujeme p\u0159idat k objedn\u00e1vce kuli\u010dkov\u00e9 \u0161\u0148\u016fry spojku kuli\u010dkov\u00e9 \u0161\u0148\u016fry<\/strong>. Kdy\u017e za\u010dnete vym\u011b\u0148ovat, je vhodn\u00e9 vym\u011bnit <span style=\"text-decoration: underline;\"><strong><a href=\"https:\/\/www.brikol.sk\/produkt\/silon-zilka-zaluzie-2\/\">silonov\u00e9 \u017ealuzie<\/a><\/strong><\/span> a tak\u00e9 <strong><a href=\"https:\/\/www.brikol.sk\/produkt\/fixacny-kolik-silonu\/\"><span style=\"text-decoration: underline;\">upev\u0148ovac\u00ed kol\u00edky.<\/span><\/a><\/strong><\/p>\n<p>Zbo\u017e\u00ed zas\u00edl\u00e1me zabalen\u00e9 po cel\u00fdch metrech. V p\u0159\u00edpad\u011b v\u011bt\u0161\u00edch objedn\u00e1vek nad 100 m \u0159et\u011bz rozd\u011bl\u00edme pro lep\u0161\u00ed manipulaci.<br \/>\nNap\u0159\u00edklad. p\u0159i objedn\u00e1n\u00ed 5 kus\u016f v\u00e1m bude zasl\u00e1no 5 metr\u016f.<\/p>\n<\/div>\n<\/div>\n","protected":false},"excerpt":{"rendered":"<p>Kuli\u010dkov\u00e1 \u0161\u0148\u016fra o pr\u016fm\u011bru 3,2 mm. Kuli\u010dkov\u00e1 \u0161\u0148\u016fra je vhodn\u00e1 pro v\u0161echny typy horizont\u00e1ln\u00edch \u017ealuzi\u00ed ovl\u00e1dan\u00fdch \u0159et\u00edzkem.<\/p>\n","protected":false},"featured_media":13497,"comment_status":"open","ping_status":"closed","template":"","meta":[],"product_cat":[132,140,137,138,139,133,141],"product_tag":[],"_links":{"self":[{"href":"https:\/\/www.brikol.sk\/cs\/wp-json\/wp\/v2\/product\/18540"}],"collection":[{"href":"https:\/\/www.brikol.sk\/cs\/wp-json\/wp\/v2\/product"}],"about":[{"href":"https:\/\/www.brikol.sk\/cs\/wp-json\/wp\/v2\/types\/product"}],"replies":[{"embeddable":true,"href":"https:\/\/www.brikol.sk\/cs\/wp-json\/wp\/v2\/comments?post=18540"}],"wp:featuredmedia":[{"embeddable":true,"href":"https:\/\/www.brikol.sk\/cs\/wp-json\/wp\/v2\/media\/13497"}],"wp:attachment":[{"href":"https:\/\/www.brikol.sk\/cs\/wp-json\/wp\/v2\/media?parent=18540"}],"wp:term":[{"taxonomy":"product_cat","embeddable":true,"href":"https:\/\/www.brikol.sk\/cs\/wp-json\/wp\/v2\/product_cat?post=18540"},{"taxonomy":"product_tag","embeddable":true,"href":"https:\/\/www.brikol.sk\/cs\/wp-json\/wp\/v2\/product_tag?post=18540"}],"curies":[{"name":"wp","href":"https:\/\/api.w.org\/{rel}","templated":true}]}}