{"id":18546,"date":"2018-01-17T17:46:36","date_gmt":"2018-01-17T16:46:36","guid":{"rendered":"https:\/\/www.brikol.sk\/produkt\/knoflik-pro-sp-c-19x8\/"},"modified":"2018-01-17T17:46:36","modified_gmt":"2018-01-17T16:46:36","slug":"knoflik-pro-sp-c-19x8","status":"publish","type":"product","link":"https:\/\/www.brikol.sk\/cs\/produkt\/knoflik-pro-sp-c-19x8\/","title":{"rendered":"Knofl\u00edk pro SP C 19&#215;8"},"content":{"rendered":"<p>Knofl\u00edk pro spodn\u00ed profil \u017ealuzi\u00ed syst\u00e9mu K. Knofl\u00edk slou\u017e\u00ed k upevn\u011bn\u00ed \u017eeb\u0159\u00edku ve spodn\u00ed \u010d\u00e1sti. Knofl\u00edk je ur\u010den pro profil 19&#215;8 mm<\/p>\n","protected":false},"excerpt":{"rendered":"<p>Knofl\u00edk pro spodn\u00ed profil \u017ealuzi\u00ed syst\u00e9mu K. Knofl\u00edk slou\u017e\u00ed k upevn\u011bn\u00ed \u017eeb\u0159\u00edku ve spodn\u00ed \u010d\u00e1sti. Knofl\u00edk je ur\u010den pro profil 19&#215;8 mm<\/p>\n","protected":false},"featured_media":12882,"comment_status":"closed","ping_status":"closed","template":"","meta":[],"product_cat":[132],"product_tag":[],"_links":{"self":[{"href":"https:\/\/www.brikol.sk\/cs\/wp-json\/wp\/v2\/product\/18546"}],"collection":[{"href":"https:\/\/www.brikol.sk\/cs\/wp-json\/wp\/v2\/product"}],"about":[{"href":"https:\/\/www.brikol.sk\/cs\/wp-json\/wp\/v2\/types\/product"}],"replies":[{"embeddable":true,"href":"https:\/\/www.brikol.sk\/cs\/wp-json\/wp\/v2\/comments?post=18546"}],"wp:featuredmedia":[{"embeddable":true,"href":"https:\/\/www.brikol.sk\/cs\/wp-json\/wp\/v2\/media\/12882"}],"wp:attachment":[{"href":"https:\/\/www.brikol.sk\/cs\/wp-json\/wp\/v2\/media?parent=18546"}],"wp:term":[{"taxonomy":"product_cat","embeddable":true,"href":"https:\/\/www.brikol.sk\/cs\/wp-json\/wp\/v2\/product_cat?post=18546"},{"taxonomy":"product_tag","embeddable":true,"href":"https:\/\/www.brikol.sk\/cs\/wp-json\/wp\/v2\/product_tag?post=18546"}],"curies":[{"name":"wp","href":"https:\/\/api.w.org\/{rel}","templated":true}]}}