{"id":18552,"date":"2018-01-17T17:46:36","date_gmt":"2018-01-17T16:46:36","guid":{"rendered":"https:\/\/www.brikol.sk\/produkt\/brzda-kuloveho-lanka-drzak-ks\/"},"modified":"2024-04-19T10:10:20","modified_gmt":"2024-04-19T08:10:20","slug":"brzda-kuloveho-lanka-drzak-ks","status":"publish","type":"product","link":"https:\/\/www.brikol.sk\/cs\/produkt\/brzda-kuloveho-lanka-drzak-ks\/","title":{"rendered":"Brzda kulov\u00e9ho lanka (dr\u017e\u00e1k) \/ ks"},"content":{"rendered":"<p>Brzda (dr\u017e\u00e1k) kuli\u010dkov\u00e9 \u0161\u0148\u016fry ur\u010den\u00e1 pro v\u0161echny typy \u0159et\u00edzkem ovl\u00e1dan\u00fdch horizont\u00e1ln\u00edch \u017ealuzi\u00ed.<\/p>\n<p>Po nastaven\u00ed polohy \u017ealuzie se pou\u017eije k zaji\u0161t\u011bn\u00ed kulov\u00e9ho lanka (\u0159et\u00edzku). <a href=\"https:\/\/www.brikol.sk\/produkt\/gulickova-snura-retiazka-na-zaluzie-nahradne-diely-na-zaluzie\/\">Kuli\u010dkov\u00e1 \u0161\u0148\u016fra<\/a> se zatla\u010d\u00ed do brzdy a t\u00edm dr\u017e\u00ed \u017ealuzii v po\u017eadovan\u00e9 v\u00fd\u0161ce.<\/p>\n<p>(Vx\u0160) 37 x 12 mm<\/p>\n","protected":false},"excerpt":{"rendered":"<p>Brzda (dr\u017e\u00e1k) kuli\u010dkov\u00e9 \u0161\u0148\u016fry ur\u010den\u00e1 pro v\u0161echny typy \u0159et\u00edzkem ovl\u00e1dan\u00fdch horizont\u00e1ln\u00edch \u017ealuzi\u00ed.<\/p>\n","protected":false},"featured_media":23017,"comment_status":"open","ping_status":"closed","template":"","meta":[],"product_cat":[132,140,137,138,139,133,141],"product_tag":[],"_links":{"self":[{"href":"https:\/\/www.brikol.sk\/cs\/wp-json\/wp\/v2\/product\/18552"}],"collection":[{"href":"https:\/\/www.brikol.sk\/cs\/wp-json\/wp\/v2\/product"}],"about":[{"href":"https:\/\/www.brikol.sk\/cs\/wp-json\/wp\/v2\/types\/product"}],"replies":[{"embeddable":true,"href":"https:\/\/www.brikol.sk\/cs\/wp-json\/wp\/v2\/comments?post=18552"}],"wp:featuredmedia":[{"embeddable":true,"href":"https:\/\/www.brikol.sk\/cs\/wp-json\/wp\/v2\/media\/23017"}],"wp:attachment":[{"href":"https:\/\/www.brikol.sk\/cs\/wp-json\/wp\/v2\/media?parent=18552"}],"wp:term":[{"taxonomy":"product_cat","embeddable":true,"href":"https:\/\/www.brikol.sk\/cs\/wp-json\/wp\/v2\/product_cat?post=18552"},{"taxonomy":"product_tag","embeddable":true,"href":"https:\/\/www.brikol.sk\/cs\/wp-json\/wp\/v2\/product_tag?post=18552"}],"curies":[{"name":"wp","href":"https:\/\/api.w.org\/{rel}","templated":true}]}}