{"id":18557,"date":"2018-01-17T17:46:36","date_gmt":"2018-01-17T16:46:36","guid":{"rendered":"https:\/\/www.brikol.sk\/produkt\/bocni-uzaver-isoline-par\/"},"modified":"2018-01-17T17:46:36","modified_gmt":"2018-01-17T16:46:36","slug":"bocni-uzaver-isoline-par","status":"publish","type":"product","link":"https:\/\/www.brikol.sk\/cs\/produkt\/bocni-uzaver-isoline-par\/","title":{"rendered":"Bo\u010dn\u00ed uz\u00e1v\u011br Isoline \/ p\u00e1r"},"content":{"rendered":"<p><strong>Bo\u010dn\u00ed uz\u00e1v\u011br Isoline<\/strong><\/p>\n<p>Horizont\u00e1ln\u00ed kryt \u017ealuzie pou\u017e\u00edvan\u00fd na horn\u00edm nosn\u00edku \u017ealuzie. Sjednocuje paprsek a pokr\u00fdv\u00e1 <strong><a href=\"https:\/\/www.brikol.sk\/produkt\/zakladna-cast-isoline-nahradne-diely-na-zaluzie\/\">z\u00e1kladnu<\/a><\/strong> v n\u011bm\u017e je silo upevn\u011bno, a celou \u017ealuzii k okenn\u00edmu r\u00e1mu.<\/p>\n<p>Nej\u010dast\u011bji se krytka zni\u010d\u00ed p\u0159i myt\u00ed okna, kdy se rozbije krytka, kter\u00e1 ji dr\u017e\u00ed na spodn\u00ed \u010d\u00e1sti horn\u00edho profilu. Kryt se tak\u00e9 m\u016f\u017ee snadno po\u0161kodit p\u0159i skl\u00e1d\u00e1n\u00ed \u017ealuzi\u00ed nebo p\u016fsoben\u00edm \u010dasu. Nemus\u00edte v\u0161ak vym\u011b\u0148ovat celou \u017ealuzii jen proto, aby byl v\u00e1\u0161 kryt op\u011bt nov\u00fd a hezk\u00fd. Sta\u010d\u00ed vybrat po\u010det p\u00e1r\u016f, kter\u00e9 pot\u0159ebujete, a m\u016f\u017eete snadno vym\u011bnit star\u00e9 v\u00ed\u010dko za nov\u00e9. Kryty se snadno instaluj\u00ed. Sta\u010d\u00ed je p\u0159ipnout na horn\u00ed nosn\u00edk \u017ealuzie. Nebudete k tomu pot\u0159ebovat \u017e\u00e1dn\u00e9 n\u00e1stroje.<\/p>\n<p>Bo\u010dn\u00ed krytky se prod\u00e1vaj\u00ed v p\u00e1ru. Barvu krytu si m\u016f\u017eete zvolit tak, aby ladila s barvou \u017ealuziov\u00e9ho nosn\u00edku.<\/p>\n<p><strong>Barevn\u00e9 proveden\u00ed :<\/strong><\/p>\n<ul>\n<li>B\u00edl\u00e1<\/li>\n<li>Tmav\u011b hn\u011bd\u00e1<\/li>\n<li>Sv\u011btle hn\u011bd\u00e1<\/li>\n<\/ul>\n<p>Bo\u010dn\u00ed uz\u00e1v\u011br horizont\u00e1ln\u00edch \u017ealuzi\u00ed Isoline ur\u010den\u00fd pro \u017ealuzie od v\u00fdrobce: Lamelland, Kasko, Parapety BB, Miba en<\/p>\n<p>Rozm\u011bry v\u00ed\u010dka: \u0161\u00ed\u0159ka 33 mm, v\u00fd\u0161ka 46 mm, patka 24 mm.<\/p>\n","protected":false},"excerpt":{"rendered":"<p>Bo\u010dn\u00ed krytky pro horizont\u00e1ln\u00ed \u017ealuzie ur\u010den\u00e9 pro \u017ealuzie od v\u00fdrobce Lamelland, Kasko, Parapety BB, Miba en<br \/>\n\u0160\u00ed\u0159ka 34 mm, v\u00fd\u0161ka 47 mm, patka 25 mm<\/p>\n","protected":false},"featured_media":15947,"comment_status":"closed","ping_status":"closed","template":"","meta":[],"product_cat":[132,137],"product_tag":[],"_links":{"self":[{"href":"https:\/\/www.brikol.sk\/cs\/wp-json\/wp\/v2\/product\/18557"}],"collection":[{"href":"https:\/\/www.brikol.sk\/cs\/wp-json\/wp\/v2\/product"}],"about":[{"href":"https:\/\/www.brikol.sk\/cs\/wp-json\/wp\/v2\/types\/product"}],"replies":[{"embeddable":true,"href":"https:\/\/www.brikol.sk\/cs\/wp-json\/wp\/v2\/comments?post=18557"}],"wp:featuredmedia":[{"embeddable":true,"href":"https:\/\/www.brikol.sk\/cs\/wp-json\/wp\/v2\/media\/15947"}],"wp:attachment":[{"href":"https:\/\/www.brikol.sk\/cs\/wp-json\/wp\/v2\/media?parent=18557"}],"wp:term":[{"taxonomy":"product_cat","embeddable":true,"href":"https:\/\/www.brikol.sk\/cs\/wp-json\/wp\/v2\/product_cat?post=18557"},{"taxonomy":"product_tag","embeddable":true,"href":"https:\/\/www.brikol.sk\/cs\/wp-json\/wp\/v2\/product_tag?post=18557"}],"curies":[{"name":"wp","href":"https:\/\/api.w.org\/{rel}","templated":true}]}}