{"id":18579,"date":"2024-02-14T13:16:04","date_gmt":"2024-02-14T12:16:04","guid":{"rendered":"https:\/\/www.brikol.sk\/produkt\/zaslepka-po-okennej-klucke-kus\/"},"modified":"2026-01-13T11:18:52","modified_gmt":"2026-01-13T10:18:52","slug":"zaslepka-po-okennej-klucke-kus","status":"publish","type":"product","link":"https:\/\/www.brikol.sk\/cs\/produkt\/zaslepka-po-okennej-klucke-kus\/","title":{"rendered":"Z\u00e1slepka po okennej k\u013eu\u010dke \/ kus"},"content":{"rendered":"<p>Z\u00e1slepka po okennej k\u013eu\u010dke<\/p>\n<p>Sl\u00fa\u017ei na prekrytie otvoru na k\u013eu\u010dku na plastovom alebo drevenom okne, pokia\u013e k\u013eu\u010dku na danom okne nechcete pou\u017e\u00edva\u0165.<\/p>\n<p>Farba : BIELA<\/p>\n","protected":false},"excerpt":{"rendered":"<p>Z\u00e1slepka po okennej k\u013eu\u010dke<\/p>\n<p>Sl\u00fa\u017ei na prekrytie otvoru na k\u013eu\u010dku na plastovom alebo drevenom okne, pokia\u013e k\u013eu\u010dku na danom okne nechcete pou\u017e\u00edva\u0165.<\/p>\n","protected":false},"featured_media":17777,"comment_status":"open","ping_status":"closed","template":"","meta":[],"product_cat":[136,128,224],"product_tag":[],"_links":{"self":[{"href":"https:\/\/www.brikol.sk\/cs\/wp-json\/wp\/v2\/product\/18579"}],"collection":[{"href":"https:\/\/www.brikol.sk\/cs\/wp-json\/wp\/v2\/product"}],"about":[{"href":"https:\/\/www.brikol.sk\/cs\/wp-json\/wp\/v2\/types\/product"}],"replies":[{"embeddable":true,"href":"https:\/\/www.brikol.sk\/cs\/wp-json\/wp\/v2\/comments?post=18579"}],"wp:featuredmedia":[{"embeddable":true,"href":"https:\/\/www.brikol.sk\/cs\/wp-json\/wp\/v2\/media\/17777"}],"wp:attachment":[{"href":"https:\/\/www.brikol.sk\/cs\/wp-json\/wp\/v2\/media?parent=18579"}],"wp:term":[{"taxonomy":"product_cat","embeddable":true,"href":"https:\/\/www.brikol.sk\/cs\/wp-json\/wp\/v2\/product_cat?post=18579"},{"taxonomy":"product_tag","embeddable":true,"href":"https:\/\/www.brikol.sk\/cs\/wp-json\/wp\/v2\/product_tag?post=18579"}],"curies":[{"name":"wp","href":"https:\/\/api.w.org\/{rel}","templated":true}]}}