{"id":18590,"date":"2018-01-17T17:46:36","date_gmt":"2018-01-17T16:46:36","guid":{"rendered":"https:\/\/www.brikol.sk\/produkt\/spodni-profilova-koncovka-bila-ks\/"},"modified":"2018-01-17T17:46:36","modified_gmt":"2018-01-17T16:46:36","slug":"spodni-profilova-koncovka-bila-ks","status":"publish","type":"product","link":"https:\/\/www.brikol.sk\/cs\/produkt\/spodni-profilova-koncovka-bila-ks\/","title":{"rendered":"Spodn\u00ed profilov\u00e1 koncovka b\u00edl\u00e1 \/ ks"},"content":{"rendered":"<p><strong>Koncov\u00fd uz\u00e1v\u011br spodn\u00edho profilu<\/strong> (li\u0161ty) pro vnit\u0159n\u00ed \u017ealuzie K-syst\u00e9m je opat\u0159en smy\u010dkou, kterou se prot\u00e1hne bo\u010dn\u00ed profil. <strong><a href=\"https:\/\/www.brikol.sk\/produkt\/silon-zilka-zaluzie-2\/\">vodic\u00ed silon<\/a><\/strong> \u017ealuzie. \u00da\u010delem koncovky je zlep\u0161it veden\u00ed spodn\u00edho profilu p\u0159i manipulaci se \u017ealuzi\u00ed a zajistit tak plynul\u00e9 vytahov\u00e1n\u00ed a vytahov\u00e1n\u00ed \u017ealuzie.<\/p>\n<p>O\u010dko lze p\u0159em\u00edstit, sta\u010d\u00ed ho vysunout a um\u00edstit do jin\u00e9ho otvoru koncov\u00e9ho uz\u00e1v\u011bru. Plastovou koncovku spodn\u00edho profilu lze pou\u017e\u00edt na prav\u00e9 i lev\u00e9 stran\u011b.<\/p>\n<p>&nbsp;<\/p>\n","protected":false},"excerpt":{"rendered":"<p>Koncovka spodn\u00edho profilu pro \u017ealuzie syst\u00e9mu K slou\u017e\u00ed k uzav\u0159en\u00ed spodn\u00edho profilu a veden\u00ed silonu ve spodn\u00ed \u010d\u00e1sti horizont\u00e1ln\u00ed \u017ealuzie.<\/p>\n","protected":false},"featured_media":12807,"comment_status":"closed","ping_status":"closed","template":"","meta":[],"product_cat":[132,139],"product_tag":[],"_links":{"self":[{"href":"https:\/\/www.brikol.sk\/cs\/wp-json\/wp\/v2\/product\/18590"}],"collection":[{"href":"https:\/\/www.brikol.sk\/cs\/wp-json\/wp\/v2\/product"}],"about":[{"href":"https:\/\/www.brikol.sk\/cs\/wp-json\/wp\/v2\/types\/product"}],"replies":[{"embeddable":true,"href":"https:\/\/www.brikol.sk\/cs\/wp-json\/wp\/v2\/comments?post=18590"}],"wp:featuredmedia":[{"embeddable":true,"href":"https:\/\/www.brikol.sk\/cs\/wp-json\/wp\/v2\/media\/12807"}],"wp:attachment":[{"href":"https:\/\/www.brikol.sk\/cs\/wp-json\/wp\/v2\/media?parent=18590"}],"wp:term":[{"taxonomy":"product_cat","embeddable":true,"href":"https:\/\/www.brikol.sk\/cs\/wp-json\/wp\/v2\/product_cat?post=18590"},{"taxonomy":"product_tag","embeddable":true,"href":"https:\/\/www.brikol.sk\/cs\/wp-json\/wp\/v2\/product_tag?post=18590"}],"curies":[{"name":"wp","href":"https:\/\/api.w.org\/{rel}","templated":true}]}}