{"id":18922,"date":"2024-05-24T08:32:43","date_gmt":"2024-05-24T06:32:43","guid":{"rendered":"https:\/\/www.brikol.sk\/?post_type=product&#038;p=18922"},"modified":"2026-01-13T11:17:15","modified_gmt":"2026-01-13T10:17:15","slug":"spodni-lozisko-zaves-siegenia-pro-plastova-okna-ks-kopia-kopia","status":"publish","type":"product","link":"https:\/\/www.brikol.sk\/cs\/produkt\/spodni-lozisko-zaves-siegenia-pro-plastova-okna-ks-kopia-kopia\/","title":{"rendered":"Winkhaus ACTIV PILOT spodn\u00ed lo\u017eisko (z\u00e1v\u011bs) \/ks"},"content":{"rendered":"<h3>Winkhaus ACTIV PILOT spodn\u00ed lo\u017eisko (z\u00e1v\u011bs) pro plastov\u00e1 okna kompletn\u00ed<\/h3>\n<p>Spodn\u00ed lo\u017eisko Winkhaus ACTIV PILOT (z\u00e1v\u011bs \/ pant) pro v\u00fdklopn\u00e1 a sklopn\u00e1 okna a terasov\u00e9 dve\u0159e. Sou\u010d\u00e1st\u00ed balen\u00ed jsou tak\u00e9 mont\u00e1\u017en\u00ed \u0161rouby se samo\u0159eznou plastovou hlavou.<\/p>\n<h4><strong>Technick\u00e9 \u00fadaje:<\/strong><\/h4>\n<ul>\n<li>d\u00e9lka 85 mm<\/li>\n<li>zadn\u00ed \u010depy 20 mm<\/li>\n<li>rozte\u010d mezi zadn\u00edmi \u010depy 48 mm<\/li>\n<li>Prav\u00e1-lev\u00e1<\/li>\n<li>barva st\u0159\u00edbrn\u00e1<\/li>\n<\/ul>\n","protected":false},"excerpt":{"rendered":"<p>Spodn\u00ed lo\u017eisko (z\u00e1v\u011bs) Winkhaus ACTIV PILOT pro v\u00fdklopn\u00e1 a skl\u00e1p\u011bc\u00ed okna a terasov\u00e9 dve\u0159e<\/p>\n","protected":false},"featured_media":18987,"comment_status":"open","ping_status":"closed","template":"","meta":[],"product_cat":[136,152],"product_tag":[],"_links":{"self":[{"href":"https:\/\/www.brikol.sk\/cs\/wp-json\/wp\/v2\/product\/18922"}],"collection":[{"href":"https:\/\/www.brikol.sk\/cs\/wp-json\/wp\/v2\/product"}],"about":[{"href":"https:\/\/www.brikol.sk\/cs\/wp-json\/wp\/v2\/types\/product"}],"replies":[{"embeddable":true,"href":"https:\/\/www.brikol.sk\/cs\/wp-json\/wp\/v2\/comments?post=18922"}],"wp:featuredmedia":[{"embeddable":true,"href":"https:\/\/www.brikol.sk\/cs\/wp-json\/wp\/v2\/media\/18987"}],"wp:attachment":[{"href":"https:\/\/www.brikol.sk\/cs\/wp-json\/wp\/v2\/media?parent=18922"}],"wp:term":[{"taxonomy":"product_cat","embeddable":true,"href":"https:\/\/www.brikol.sk\/cs\/wp-json\/wp\/v2\/product_cat?post=18922"},{"taxonomy":"product_tag","embeddable":true,"href":"https:\/\/www.brikol.sk\/cs\/wp-json\/wp\/v2\/product_tag?post=18922"}],"curies":[{"name":"wp","href":"https:\/\/api.w.org\/{rel}","templated":true}]}}