{"id":19093,"date":"2024-06-25T09:59:04","date_gmt":"2024-06-25T07:59:04","guid":{"rendered":"https:\/\/www.brikol.sk\/?post_type=product&#038;p=19093"},"modified":"2024-10-02T12:54:42","modified_gmt":"2024-10-02T10:54:42","slug":"rohova-sit-kopia","status":"publish","type":"product","link":"https:\/\/www.brikol.sk\/cs\/produkt\/rohova-sit-kopia\/","title":{"rendered":"Roh pro okenn\u00ed s\u00edt\u011b"},"content":{"rendered":"<p><strong>Roh pro okenn\u00ed s\u00edt\u011b <\/strong> Roh slou\u017e\u00ed ke spojen\u00ed r\u00e1mu s\u00edt\u011b proti hmyzu. V b\u00edl\u00e9, sv\u011btle hn\u011bd\u00e9 nebo tmav\u011b hn\u011bd\u00e9 barv\u011b<\/p>\n","protected":false},"excerpt":{"rendered":"<p>Roh pro okenn\u00ed s\u00edt\u011b slou\u017e\u00ed ke spojen\u00ed r\u00e1mu s\u00edt\u011b proti hmyzu .<\/p>\n","protected":false},"featured_media":19101,"comment_status":"open","ping_status":"closed","template":"","meta":[],"product_cat":[130,143],"product_tag":[],"_links":{"self":[{"href":"https:\/\/www.brikol.sk\/cs\/wp-json\/wp\/v2\/product\/19093"}],"collection":[{"href":"https:\/\/www.brikol.sk\/cs\/wp-json\/wp\/v2\/product"}],"about":[{"href":"https:\/\/www.brikol.sk\/cs\/wp-json\/wp\/v2\/types\/product"}],"replies":[{"embeddable":true,"href":"https:\/\/www.brikol.sk\/cs\/wp-json\/wp\/v2\/comments?post=19093"}],"wp:featuredmedia":[{"embeddable":true,"href":"https:\/\/www.brikol.sk\/cs\/wp-json\/wp\/v2\/media\/19101"}],"wp:attachment":[{"href":"https:\/\/www.brikol.sk\/cs\/wp-json\/wp\/v2\/media?parent=19093"}],"wp:term":[{"taxonomy":"product_cat","embeddable":true,"href":"https:\/\/www.brikol.sk\/cs\/wp-json\/wp\/v2\/product_cat?post=19093"},{"taxonomy":"product_tag","embeddable":true,"href":"https:\/\/www.brikol.sk\/cs\/wp-json\/wp\/v2\/product_tag?post=19093"}],"curies":[{"name":"wp","href":"https:\/\/api.w.org\/{rel}","templated":true}]}}