{"id":19209,"date":"2024-07-10T14:04:27","date_gmt":"2024-07-10T12:04:27","guid":{"rendered":"https:\/\/www.brikol.sk\/?post_type=product&#038;p=19209"},"modified":"2024-07-10T14:13:42","modified_gmt":"2024-07-10T12:13:42","slug":"spodni-profilova-koncovka-isoline-bila-ks-kopia","status":"publish","type":"product","link":"https:\/\/www.brikol.sk\/cs\/produkt\/spodni-profilova-koncovka-isoline-bila-ks-kopia\/","title":{"rendered":"LAMELLAND koncovka spodn\u00edho nosn\u00edku \/ ks"},"content":{"rendered":"<p><span style=\"font-size: 105%;\"><strong>Koncovka spodn\u00edho nosn\u00edku LAMELLAND<\/strong> <\/span><\/p>\n<p><strong>Koncovka spodn\u00edho nosn\u00edku<\/strong> (li\u0161ty \/ profilu) pro vnit\u0159n\u00ed \u017ealuzie.<\/p>\n<p>Plastovou koncovku spodn\u00edho profilu lze pou\u017e\u00edt na prav\u00e9 i lev\u00e9 stran\u011b.<\/p>\n","protected":false},"excerpt":{"rendered":"<p><strong>Koncovka spodn\u00edho nosn\u00edku LAMELLAND<\/strong><\/p>\n<p><strong>Koncovka spodn\u00edho nosn\u00edku<\/strong> (li\u0161ty \/ profilu) pro vnit\u0159n\u00ed \u017ealuzie.<\/p>\n<p>Plastovou koncovku spodn\u00edho profilu lze pou\u017e\u00edt na prav\u00e9 i lev\u00e9 stran\u011b.<\/p>\n","protected":false},"featured_media":19211,"comment_status":"closed","ping_status":"closed","template":"","meta":[],"product_cat":[132,133],"product_tag":[],"_links":{"self":[{"href":"https:\/\/www.brikol.sk\/cs\/wp-json\/wp\/v2\/product\/19209"}],"collection":[{"href":"https:\/\/www.brikol.sk\/cs\/wp-json\/wp\/v2\/product"}],"about":[{"href":"https:\/\/www.brikol.sk\/cs\/wp-json\/wp\/v2\/types\/product"}],"replies":[{"embeddable":true,"href":"https:\/\/www.brikol.sk\/cs\/wp-json\/wp\/v2\/comments?post=19209"}],"wp:featuredmedia":[{"embeddable":true,"href":"https:\/\/www.brikol.sk\/cs\/wp-json\/wp\/v2\/media\/19211"}],"wp:attachment":[{"href":"https:\/\/www.brikol.sk\/cs\/wp-json\/wp\/v2\/media?parent=19209"}],"wp:term":[{"taxonomy":"product_cat","embeddable":true,"href":"https:\/\/www.brikol.sk\/cs\/wp-json\/wp\/v2\/product_cat?post=19209"},{"taxonomy":"product_tag","embeddable":true,"href":"https:\/\/www.brikol.sk\/cs\/wp-json\/wp\/v2\/product_tag?post=19209"}],"curies":[{"name":"wp","href":"https:\/\/api.w.org\/{rel}","templated":true}]}}