{"id":19346,"date":"2024-07-12T09:36:18","date_gmt":"2024-07-12T07:36:18","guid":{"rendered":"https:\/\/www.brikol.sk\/?post_type=product&#038;p=19346"},"modified":"2025-04-02T09:49:18","modified_gmt":"2025-04-02T07:49:18","slug":"sterka-na-glazovani-bohle-ks-kopia","status":"publish","type":"product","link":"https:\/\/www.brikol.sk\/cs\/produkt\/sterka-na-glazovani-bohle-ks-kopia\/","title":{"rendered":"BOHLE sac\u00ed zved\u00e1k \/ ks"},"content":{"rendered":"<p><strong>P\u0159\u00edsavn\u00fd kladkostroj BOHLE<\/strong> 4010122099338 Dvouhlav\u00fd kladkostroj Varibor, model BO 602.1G  <\/p>\n<ul>\n<li>protiskluzov\u00fd \u00fachopov\u00fd povrch<\/li>\n<li>paraleln\u00ed sm\u011br p\u0159enosu<\/li>\n<li>nosnost s vysok\u00fdm bezpe\u010dnostn\u00edm faktorem<\/li>\n<li>vhodn\u00e9 pro v\u0161echny materi\u00e1ly a p\u0159edm\u011bty s plynot\u011bsn\u00fdm povrchem.<\/li>\n<\/ul>\n<p>  Sac\u00ed zved\u00e1k BOHLE Trgf. 50kg hlava-d. 120mm 2 hlavy KU. \u010c\u00edslo produktu VERIBO.<br \/>\n: 602.1G EAN 4010122099338 2hlav\u00e9 plastov\u00e9 t\u011blo s pod\u00e9lnou rukojet\u00ed &#8211; vakuum vytvo\u0159\u00edte oto\u010den\u00edm sp\u00ednac\u00ed p\u00e1ky.  Vhodn\u00e9 pro v\u0161echny materi\u00e1ly s hladk\u00fdm a plynot\u011bsn\u00fdm povrchem &#8211; sklo, plastov\u00e9 desky, plech, lakovan\u00e9 d\u0159evo, mramor, dla\u017edice atd. Gumov\u00e9 kotou\u010de lze vym\u011bnit. Sm\u011br podpory &#8211; paraleln\u00ed <span style=\"font-size: 75%;\">Zbo\u017e\u00ed je v extern\u00edm skladu a m\u016f\u017ee b\u00fdt odesl\u00e1no b\u011bhem 2-3 pracovn\u00edch dn\u016f.<\/span><\/p>\n<p>&nbsp;<\/p>\n<p>&nbsp;<\/p>\n<p>&nbsp;<\/p>\n","protected":false},"excerpt":{"rendered":"<p>P\u0159\u00edsavn\u00fd <strong>zved\u00e1k BOHLE<\/strong> 2hlav\u00fd plastov\u00fd korpus s pod\u00e9lnou rukojet\u00ed &#8211; vytvo\u0159en\u00ed podtlaku oto\u010den\u00edm sp\u00ednac\u00ed p\u00e1\u010dky. Vhodn\u00e9 pro v\u0161echny materi\u00e1ly s hladk\u00fdm a plynot\u011bsn\u00fdm povrchem &#8211; sklo, plastov\u00e9 desky, plech, lakovan\u00e9 d\u0159evo, mramor, dla\u017edice atd.  <\/p>\n<ul>\n<li>protiskluzov\u00fd \u00fachopov\u00fd povrch<\/li>\n<li>paraleln\u00ed sm\u011br p\u0159enosu<\/li>\n<li>nosnost s vysok\u00fdm bezpe\u010dnostn\u00edm faktorem<\/li>\n<li>vhodn\u00e9 pro v\u0161echny materi\u00e1ly a p\u0159edm\u011bty s plynot\u011bsn\u00fdm povrchem.<\/li>\n<\/ul>\n","protected":false},"featured_media":19348,"comment_status":"open","ping_status":"closed","template":"","meta":[],"product_cat":[136,222,129],"product_tag":[],"_links":{"self":[{"href":"https:\/\/www.brikol.sk\/cs\/wp-json\/wp\/v2\/product\/19346"}],"collection":[{"href":"https:\/\/www.brikol.sk\/cs\/wp-json\/wp\/v2\/product"}],"about":[{"href":"https:\/\/www.brikol.sk\/cs\/wp-json\/wp\/v2\/types\/product"}],"replies":[{"embeddable":true,"href":"https:\/\/www.brikol.sk\/cs\/wp-json\/wp\/v2\/comments?post=19346"}],"wp:featuredmedia":[{"embeddable":true,"href":"https:\/\/www.brikol.sk\/cs\/wp-json\/wp\/v2\/media\/19348"}],"wp:attachment":[{"href":"https:\/\/www.brikol.sk\/cs\/wp-json\/wp\/v2\/media?parent=19346"}],"wp:term":[{"taxonomy":"product_cat","embeddable":true,"href":"https:\/\/www.brikol.sk\/cs\/wp-json\/wp\/v2\/product_cat?post=19346"},{"taxonomy":"product_tag","embeddable":true,"href":"https:\/\/www.brikol.sk\/cs\/wp-json\/wp\/v2\/product_tag?post=19346"}],"curies":[{"name":"wp","href":"https:\/\/api.w.org\/{rel}","templated":true}]}}