{"id":19399,"date":"2024-07-17T10:35:47","date_gmt":"2024-07-17T08:35:47","guid":{"rendered":"https:\/\/www.brikol.sk\/?post_type=product&#038;p=19399"},"modified":"2024-07-19T08:32:12","modified_gmt":"2024-07-19T06:32:12","slug":"roh-pro-okenni-site-kopia","status":"publish","type":"product","link":"https:\/\/www.brikol.sk\/cs\/produkt\/roh-pro-okenni-site-kopia\/","title":{"rendered":"Samolepic\u00ed \u0161t\u011btiny 6,8 x 12 mm \/ metr"},"content":{"rendered":"<p>M\u011bkk\u00e9 samolepic\u00ed \u0161t\u011btiny jsou vhodn\u00e9 pro kovov\u00e9, plastov\u00e9 a d\u0159ev\u011bn\u00e9 r\u00e1my dve\u0159\u00ed a oken. Pou\u017e\u00edvaj\u00ed se tak\u00e9 na s\u00edt\u00edch proti hmyzu pro lep\u0161\u00ed ut\u011bsn\u011bn\u00ed, pokud jsou oka na okraj\u00edch nerovn\u00e1. \u00da\u010dinn\u011b ut\u011bs\u0148uj\u00ed okenn\u00ed a dve\u0159n\u00ed sp\u00e1ry, zabra\u0148uj\u00ed pr\u016fvanu a pronik\u00e1n\u00ed prachu nebo hluku do vnit\u0159n\u00edch prostor.<\/p>\n<p>Samolepic\u00ed \u0161t\u011btiny m\u016f\u017eete pou\u017e\u00edt tak\u00e9 na posuvn\u00e9 dve\u0159e vestav\u011bn\u00fdch sk\u0159\u00edn\u00ed a \u0161atn\u00edk\u016f. T\u011bsn\u011bn\u00ed mus\u00ed m\u00edt vhodnou v\u00fd\u0161ku a profil a dostate\u010dnou d\u00e9lku, aby plnilo svou funkci a nebr\u00e1nilo zav\u00edr\u00e1n\u00ed oken nebo dve\u0159\u00ed.<\/p>\n<p>Vysoce kvalitn\u00ed samolepic\u00ed vrstva umo\u017e\u0148uje rychl\u00e9 a snadn\u00e9 nalepen\u00ed na r\u00e1m nebo dve\u0159e. Spolehliv\u011b a dlouhodob\u011b p\u0159ilne na po\u017eadovan\u00e9 m\u00edsto, ani\u017e by se odlepila.<\/p>\n<p>&nbsp;<\/p>\n","protected":false},"excerpt":{"rendered":"<p>Samolepic\u00ed \u0161t\u011btiny<\/p>\n<p>M\u011bkk\u00e9 samolepic\u00ed \u0161t\u011btiny jsou vhodn\u00e9 pro kovov\u00e9, plastov\u00e9 a d\u0159ev\u011bn\u00e9 r\u00e1my dve\u0159\u00ed a oken. Pou\u017e\u00edvaj\u00ed se tak\u00e9 na s\u00edt\u00edch proti hmyzu pro lep\u0161\u00ed ut\u011bsn\u011bn\u00ed, pokud jsou oka na okraj\u00edch nerovn\u00e1. \u00da\u010dinn\u011b ut\u011bs\u0148uj\u00ed okenn\u00ed a dve\u0159n\u00ed sp\u00e1ry, zabra\u0148uj\u00ed pr\u016fvanu a pronik\u00e1n\u00ed prachu nebo hluku do vnit\u0159n\u00edch prostor.<\/p>\n<p>6,8&#215;12 mm<\/p>\n","protected":false},"featured_media":19412,"comment_status":"open","ping_status":"closed","template":"","meta":[],"product_cat":[130,143],"product_tag":[],"_links":{"self":[{"href":"https:\/\/www.brikol.sk\/cs\/wp-json\/wp\/v2\/product\/19399"}],"collection":[{"href":"https:\/\/www.brikol.sk\/cs\/wp-json\/wp\/v2\/product"}],"about":[{"href":"https:\/\/www.brikol.sk\/cs\/wp-json\/wp\/v2\/types\/product"}],"replies":[{"embeddable":true,"href":"https:\/\/www.brikol.sk\/cs\/wp-json\/wp\/v2\/comments?post=19399"}],"wp:featuredmedia":[{"embeddable":true,"href":"https:\/\/www.brikol.sk\/cs\/wp-json\/wp\/v2\/media\/19412"}],"wp:attachment":[{"href":"https:\/\/www.brikol.sk\/cs\/wp-json\/wp\/v2\/media?parent=19399"}],"wp:term":[{"taxonomy":"product_cat","embeddable":true,"href":"https:\/\/www.brikol.sk\/cs\/wp-json\/wp\/v2\/product_cat?post=19399"},{"taxonomy":"product_tag","embeddable":true,"href":"https:\/\/www.brikol.sk\/cs\/wp-json\/wp\/v2\/product_tag?post=19399"}],"curies":[{"name":"wp","href":"https:\/\/api.w.org\/{rel}","templated":true}]}}